{"id":29334,"date":"2026-01-16T10:52:03","date_gmt":"2026-01-16T08:52:03","guid":{"rendered":"https:\/\/arcasolle.dms3labs.cat\/politica-privacidad\/"},"modified":"2026-01-16T10:52:06","modified_gmt":"2026-01-16T08:52:06","slug":"politica-privacidad","status":"publish","type":"page","link":"https:\/\/arcasolle.dms3labs.cat\/it\/politica-privacidad\/","title":{"rendered":"Politica sulla privacy"},"content":{"rendered":"<p>[et_pb_section fb_built=&#8221;1&#8243; _builder_version=&#8221;4.16&#8243; global_colors_info=&#8221;{}&#8221;][et_pb_row _builder_version=&#8221;4.16&#8243; background_size=&#8221;initial&#8221; background_position=&#8221;top_left&#8221; background_repeat=&#8221;repeat&#8221; global_colors_info=&#8221;{}&#8221;][et_pb_column type=&#8221;4_4&#8243; _builder_version=&#8221;4.16&#8243; custom_padding=&#8221;|||&#8221; global_colors_info=&#8221;{}&#8221; custom_padding__hover=&#8221;|||&#8221;][et_pb_text _builder_version=&#8221;4.21.0&#8243; background_size=&#8221;initial&#8221; background_position=&#8221;top_left&#8221; background_repeat=&#8221;repeat&#8221; hover_enabled=&#8221;0&#8243; global_colors_info=&#8221;{}&#8221; sticky_enabled=&#8221;0&#8243;]<\/p>\n<h1>Politica sulla privacy<\/h1>\n<h2>1. Dati relativi al responsabile<\/h2>\n<p><strong>Responsabile del trattamento<\/strong><br \/><strong>Azienda:<\/strong> ARCAS OLL\u00c9, S.L. &#8211; B64402886<br \/><strong>Indirizzo:<\/strong> ALESSANDRO VOLTA, 49, LA POBLA DE CLARAMUNT (08787)<br \/><strong>Contatto:<\/strong> <a href=\"mailto:admin@arcasolle.com\">admin@arcasolle.com<\/a> &#8211; <a href=\"tel:938050500\">938050500<\/a><\/p>\n<h2>2. Finalit\u00e0<\/h2>\n<p>In ottemperanza alle disposizioni del Regolamento Europeo 2016\/679 Regolamento generale sulla protezione dei dati, La informiamo che, a seconda del rapporto che ha con noi, in ARCAS OLL\u00c9, S.L. trattiamo i dati che ci fornisce per una o tutte le seguenti finalit\u00e0:<\/p>\n<ul>\n<li>Archivio\/cronologia dei dipendenti ed ex dipendenti dell&#8217;azienda o Compravendita di beni e servizi.<\/li>\n<li>Compravendita di materiale.<\/li>\n<li>Creazione di contratti, preparazione di buste paga e altre attivit\u00e0 correlate.<\/li>\n<li>Invio di informazioni commerciali dell&#8217;entit\u00e0 tramite posta ordinaria, posta elettronica o altri mezzi o Formazione.<\/li>\n<li>Gestione contabile, amministrativa, di fatturazione, di riscossione e pagamento.<\/li>\n<li>Mantenimento del rapporto di lavoro e controprestazione per il lavoro svolto o Fornirle un servizio.<\/li>\n<li>Realizzare un processo di selezione del personale in base alle capacit\u00e0, attitudini e altri dati di interesse inclusi nel curriculum.<\/li>\n<li>Ricezione della prestazione di un servizio o Servizio post-vendita e fidelizzazione.<\/li>\n<li>Gestione di assunzioni e licenziamenti per malattia comune o infortunio sul lavoro o Gestione di preventivi.<\/li>\n<\/ul>\n<h2>3. Periodo di conservazione dei dati<\/h2>\n<p>I Suoi dati saranno conservati per tutta la durata del rapporto contrattuale, commerciale o di altro tipo con la nostra entit\u00e0, fino a quando non ne richieder\u00e0 la cancellazione, nonch\u00e9 per il tempo necessario ad adempiere agli obblighi legali.<\/p>\n<h2>4. Legittimazione<\/h2>\n<p>La base giuridica per il trattamento dei Suoi dati risiede in:<\/p>\n<ul>\n<li>Consenso inequivocabile o Esecuzione di un contratto<\/li>\n<\/ul>\n<h2>5. Destinatari<\/h2>\n<p>I Suoi dati personali saranno comunicati a terzi nei seguenti casi:<\/p>\n<ul>\n<li>Ad altri responsabili del trattamento o Amministrazione finanziaria<\/li>\n<li>Banche e istituti finanziari<\/li>\n<li>Responsabili della distruzione della documentazione o Entit\u00e0 di pubblicit\u00e0 e marketing<\/li>\n<li>Gestoria\/Consulenza o Previdenza sociale<\/li>\n<li>Servizio di prevenzione dei rischi sul lavoro<\/li>\n<\/ul>\n<h2>6. Diritti<\/h2>\n<p>Ha il diritto di ottenere conferma se in ARCAS OLL\u00c9, S.L. stiamo trattando dati personali che La riguardano, o meno.<\/p>\n<p>Allo stesso modo, ha il diritto di accedere ai Suoi dati personali, nonch\u00e9 di richiedere la rettifica dei dati inesatti o, se del caso, richiederne la cancellazione quando, tra gli altri motivi, i dati non sono pi\u00f9 necessari per le finalit\u00e0 per cui sono stati raccolti.<\/p>\n<p>In determinate circostanze, potr\u00e0 richiedere la limitazione del trattamento dei Suoi dati, nel qual caso li conserveremo solo per l&#8217;esercizio o la difesa di reclami.<\/p>\n<p>Inoltre, in determinate circostanze e per motivi legati alla Sua situazione particolare, potr\u00e0 esercitare il diritto di opposizione al trattamento dei Suoi dati. ARCAS OLL\u00c9, S.L. cesser\u00e0 di trattare i dati, salvo che per motivi legittimi imperativi, o per l&#8217;esercizio o la difesa di possibili reclami. <\/p>\n<p>Allo stesso modo, pu\u00f2 esercitare il diritto alla portabilit\u00e0 dei dati, nonch\u00e9 revocare i consensi forniti in qualsiasi momento, senza che ci\u00f2 pregiudichi la liceit\u00e0 del trattamento basato sul consenso precedente alla sua revoca.<\/p>\n<p>Se desidera avvalersi di uno qualsiasi dei Suoi diritti, pu\u00f2 farlo attraverso i link abilitati che trover\u00e0 di seguito:<\/p>\n<ul>\n<li>Per esercitare il Suo diritto di accesso, clicchi <a href=\"https:\/\/intranet.laboralrgpd.com\/webApp\/clientes_derechos\/derechos-formulario.php?id_cliente=UTJUeXdPVkttakVmQ2duckZkMjB1QT09\" target=\"_blank\" rel=\"noopener\">qui<\/a><\/li>\n<li>Per esercitare il Suo diritto di rettifica, clicchi <a href=\"https:\/\/intranet.laboralrgpd.com\/webApp\/clientes_derechos\/derechos-formulario.php?id_cliente=UTJUeXdPVkttakVmQ2duckZkMjB1QT09\" target=\"_blank\" rel=\"noopener\">qui<\/a><\/li>\n<li>Per esercitare il Suo diritto di cancellazione (oblio), clicchi <a href=\"https:\/\/intranet.laboralrgpd.com\/webApp\/clientes_derechos\/derechos-formulario.php?id_cliente=UTJUeXdPVkttakVmQ2duckZkMjB1QT09\" target=\"_blank\" rel=\"noopener\">qui<\/a><\/li>\n<li>Per esercitare il Suo diritto di limitazione del trattamento, clicchi <a href=\"https:\/\/intranet.laboralrgpd.com\/webApp\/clientes_derechos\/derechos-formulario.php?id_cliente=UTJUeXdPVkttakVmQ2duckZkMjB1QT09\" target=\"_blank\" rel=\"noopener\">qui<\/a> o per esercitare il Suo diritto di opposizione, clicchi <a href=\"https:\/\/intranet.laboralrgpd.com\/webApp\/clientes_derechos\/derechos-formulario.php?id_cliente=UTJUeXdPVkttakVmQ2duckZkMjB1QT09\" target=\"_blank\" rel=\"noopener\">qui<\/a><\/li>\n<li>Per esercitare il Suo diritto alla portabilit\u00e0, clicchi <a href=\"https:\/\/intranet.laboralrgpd.com\/webApp\/clientes_derechos\/derechos-formulario.php?id_cliente=UTJUeXdPVkttakVmQ2duckZkMjB1QT09\" target=\"_blank\" rel=\"noopener\">qui<\/a><\/li>\n<\/ul>\n<p>In alternativa, pu\u00f2 anche contattarci tramite posta ordinaria al seguente indirizzo: ALESSANDRO VOLTA, 49, &#8211; (08787) LA POBLA DE CLARAMUNT allegando una fotocopia della carta d&#8217;identit\u00e0, per la certezza della Sua identit\u00e0. Si ricordi di fornire quante pi\u00f9 informazioni possibili sulla Sua richiesta: Nome e cognome, indirizzo e-mail che utilizza per l&#8217;account o il portale oggetto della Sua richiesta. <\/p>\n<p>Infine, La informiamo che pu\u00f2 rivolgersi all&#8217;Agenzia Spagnola per la Protezione dei Dati e ad altri enti pubblici competenti per qualsiasi reclamo derivante dal trattamento dei Suoi dati personali.<\/p>\n<h2>7. Politica sui cookie<\/h2>\n<p>Per conoscere i cookie che utilizziamo sulla nostra pagina, ricordi che pu\u00f2 accedere alla nostra Politica sui cookie tramite il seguente link politica sui cookie.<\/p>\n<p>[\/et_pb_text][\/et_pb_column][\/et_pb_row][\/et_pb_section]<\/p>\n","protected":false},"excerpt":{"rendered":"<p>Politica sulla privacy 1. Dati relativi al responsabile Responsabile del trattamentoAzienda: ARCAS OLL\u00c9, S.L. &#8211; B64402886Indirizzo: ALESSANDRO VOLTA, 49, LA POBLA DE CLARAMUNT (08787)Contatto: admin@arcasolle.com &#8211; 938050500 2. Finalit\u00e0 In ottemperanza alle disposizioni del Regolamento Europeo 2016\/679 Regolamento generale sulla protezione dei dati, La informiamo che, a seconda del rapporto che ha con noi, in [&hellip;]<\/p>\n","protected":false},"author":1,"featured_media":0,"parent":0,"menu_order":0,"comment_status":"closed","ping_status":"closed","template":"","meta":{"_et_pb_use_builder":"on","_et_pb_old_content":"","_et_gb_content_width":"","footnotes":""},"dipi_cpt_category":[],"class_list":["post-29334","page","type-page","status-publish","hentry"],"_links":{"self":[{"href":"https:\/\/arcasolle.dms3labs.cat\/it\/wp-json\/wp\/v2\/pages\/29334","targetHints":{"allow":["GET"]}}],"collection":[{"href":"https:\/\/arcasolle.dms3labs.cat\/it\/wp-json\/wp\/v2\/pages"}],"about":[{"href":"https:\/\/arcasolle.dms3labs.cat\/it\/wp-json\/wp\/v2\/types\/page"}],"author":[{"embeddable":true,"href":"https:\/\/arcasolle.dms3labs.cat\/it\/wp-json\/wp\/v2\/users\/1"}],"replies":[{"embeddable":true,"href":"https:\/\/arcasolle.dms3labs.cat\/it\/wp-json\/wp\/v2\/comments?post=29334"}],"version-history":[{"count":4,"href":"https:\/\/arcasolle.dms3labs.cat\/it\/wp-json\/wp\/v2\/pages\/29334\/revisions"}],"predecessor-version":[{"id":29338,"href":"https:\/\/arcasolle.dms3labs.cat\/it\/wp-json\/wp\/v2\/pages\/29334\/revisions\/29338"}],"wp:attachment":[{"href":"https:\/\/arcasolle.dms3labs.cat\/it\/wp-json\/wp\/v2\/media?parent=29334"}],"wp:term":[{"taxonomy":"dipi_cpt_category","embeddable":true,"href":"https:\/\/arcasolle.dms3labs.cat\/it\/wp-json\/wp\/v2\/dipi_cpt_category?post=29334"}],"curies":[{"name":"wp","href":"https:\/\/api.w.org\/{rel}","templated":true}]}}