{"id":29329,"date":"2026-01-16T10:51:55","date_gmt":"2026-01-16T08:51:55","guid":{"rendered":"https:\/\/arcasolle.dms3labs.cat\/aviso-legal\/"},"modified":"2026-01-16T10:51:56","modified_gmt":"2026-01-16T08:51:56","slug":"aviso-legal","status":"publish","type":"page","link":"https:\/\/arcasolle.dms3labs.cat\/it\/aviso-legal\/","title":{"rendered":"Note legali"},"content":{"rendered":"<p>[et_pb_section fb_built=&#8221;1&#8243; theme_builder_area=&#8221;post_content&#8221; _builder_version=&#8221;4.21.0&#8243; _module_preset=&#8221;default&#8221;][et_pb_row _builder_version=&#8221;4.21.0&#8243; _module_preset=&#8221;default&#8221; theme_builder_area=&#8221;post_content&#8221;][et_pb_column _builder_version=&#8221;4.21.0&#8243; _module_preset=&#8221;default&#8221; type=&#8221;4_4&#8243; theme_builder_area=&#8221;post_content&#8221;][et_pb_text _builder_version=&#8221;4.21.0&#8243; _module_preset=&#8221;default&#8221; theme_builder_area=&#8221;post_content&#8221; hover_enabled=&#8221;0&#8243; sticky_enabled=&#8221;0&#8243;]<\/p>\n<h1>Avviso legale<\/h1>\n<h2>1. Oggetto e accettazione<\/h2>\n<p>Il presente avviso legale regola l&#8217;uso del nostro sito web, di cui \u00e8 titolare ARCAS OLL\u00c9, S.L.. La navigazione nel sito web di ARCAS OLL\u00c9, S.L. attribuisce la condizione di utente dello stesso e implica l&#8217;accettazione piena e senza riserve di tutte e ciascuna delle disposizioni incluse nel presente Avviso Legale, che possono subire modifiche. L&#8217;utente si obbliga a fare un uso corretto del sito web in conformit\u00e0 con le leggi, la buona fede, l&#8217;ordine pubblico, gli usi del traffico e il presente Avviso Legale. L&#8217;utente risponder\u00e0 nei confronti di ARCAS OLL\u00c9, S.L. o nei confronti di terzi, di qualsivoglia danno e pregiudizio che possa causare a seguito dell&#8217;inadempimento di tale obbligo.<\/p>\n<h2>2. Identificazione e comunicazioni<\/h2>\n<p>ARCAS OLL\u00c9, S.L., in ottemperanza alla Legge 34\/2002, dell&#8217;11 luglio, sui servizi della societ\u00e0 dell&#8217;informazione e del commercio elettronico, informa che:<\/p>\n<ul>\n<li>La sua denominazione sociale \u00e8: ARCAS OLL\u00c9, S.L.<\/li>\n<li>Il suo codice fiscale \u00e8: B64402886<\/li>\n<li>La sua sede legale \u00e8 in: ALESSANDRO VOLTA, 49, LA POBLA DE CLARAMUNT (08787)<\/li>\n<\/ul>\n<p>Per comunicare con noi, mettiamo a sua disposizione diversi mezzi di contatto specificati nella <a href=\"https:\/\/arcasolle.dms3labs.cat\/politica-privacitat\/\">politica sulla privacy<\/a>.<\/p>\n<p>Tutte le notifiche e comunicazioni che realizza con ARCAS OLL\u00c9, S.L. si considereranno efficaci, con carattere generale, sempre che si realizzino tramite i mezzi specificati in precedenza.<\/p>\n<h2>3. Condizioni di accesso e utilizzo<\/h2>\n<p>Il sito web e i suoi servizi sono ad accesso libero, tuttavia, ARCAS OLL\u00c9, S.L. condiziona l&#8217;utilizzo di alcuni dei servizi offerti sul suo sito web alla previa compilazione del corrispondente modulo.<\/p>\n<p>L&#8217;utente garantisce l&#8217;autenticit\u00e0 e l&#8217;attualit\u00e0 di tutti i dati che comunica a ARCAS OLL\u00c9, S.L. e sar\u00e0 l&#8217;unico responsabile delle manifestazioni false o inesatte che realizzi.<\/p>\n<p>L&#8217;utente si impegna espressamente a fare un uso adeguato dei contenuti e dei servizi di ARCAS OLL\u00c9, S.L. e a non utilizzarli per, tra gli altri:<\/p>\n<ul>\n<li>Diffondere contenuti illeciti, violenti, pornografici, razzisti, xenofobi, offensivi, di apologia del terrorismo o, in generale, contrari alla legge o all&#8217;ordine pubblico.<\/li>\n<li>Introdurre nella rete virus informatici o eseguire azioni suscettibili di alterare, danneggiare, interrompere o generare errori o danni nei documenti elettronici, dati o sistemi fisici e logici di ARCAS OLL\u00c9, S.L. o di terze persone; cos\u00ec come ostacolare l&#8217;accesso di altri utenti al sito web e ai suoi servizi mediante il consumo massivo delle risorse informatiche attraverso le quali ARCAS OLL\u00c9, S.L. presta i suoi servizi.<\/li>\n<li>Tentare di accedere a dati di altre persone o ad aree ristrette dei sistemi informatici di ARCAS OLL\u00c9, S.L. o di terzi e, nel suo caso, estrarre informazioni.<\/li>\n<li>Violar i diritti di propriet\u00e0 intellettuale o industriale, cos\u00ec come violare la riservatezza delle informazioni di ARCAS OLL\u00c9, S.L. o di terzi.<br \/>Sostituire l&#8217;identit\u00e0 di un altro utente, delle amministrazioni pubbliche o di un terzo.<\/li>\n<li>Riprodurre, copiare, distribuire, mettere a disposizione o in qualsiasi altra forma comunicare pubblicamente, trasformare o modificare i contenuti, a meno che non si disponga dell&#8217;autorizzazione del titolare dei corrispondenti diritti o ci\u00f2 risulti legalmente permesso.<\/li>\n<li>Raccogliere dati con finalit\u00e0 pubblicitaria e di inviare pubblicit\u00e0 di qualsiasi genere e comunicazioni con finalit\u00e0 di vendita o altre di natura commerciale senza che intervenga la sua previa richiesta o consenso.<\/li>\n<\/ul>\n<p>Tutti i contenuti del sito web, come testi, fotografie, grafici, immagini, icone, tecnologia, software, cos\u00ec come il suo design grafico e codici sorgente, costituiscono un&#8217;opera la cui propriet\u00e0 appartiene a ARCAS OLL\u00c9, S.L., senza che possano intendersi come ceduti alcuno dei diritti di sfruttamento sugli stessi al di l\u00e0 di quanto strettamente necessario per il corretto uso del web.<\/p>\n<p>In definitiva, l&#8217;utente che accede a questo sito web, pu\u00f2 visualizzare i contenuti ed effettuare, nel suo caso, copie private autorizzate sempre che gli elementi riprodotti non siano ceduti successivamente a terzi, n\u00e9 si installino su server connessi a reti, n\u00e9 siano oggetto di alcun tipo di sfruttamento.<\/p>\n<p>Allo stesso modo, tutti i marchi, nomi commerciali o segni distintivi di qualsiasi genere che appaiono sul sito web sono di propriet\u00e0 di ARCAS OLL\u00c9, S.L., senza che possa intendersi che l&#8217;uso o l&#8217;accesso allo stesso attribuisca alcun diritto su questi.<\/p>\n<p>La distribuzione, modifica, cessione o comunicazione pubblica dei contenuti e qualsiasi altro atto che non sia stato espressamente autorizzato dal titolare dei diritti di sfruttamento sono proibiti.<\/p>\n<p>L&#8217;istituzione di un collegamento non implica in alcun caso l&#8217;esistenza di relazioni tra ARCAS OLL\u00c9, S.L. e il proprietario del sito web in cui si stabilisce, n\u00e9 l&#8217;accettazione e l&#8217;approvazione da parte di ARCAS OLL\u00c9, S.L. dei suoi contenuti o servizi. Quelle persone che si propongono di stabilire un collegamento dovranno previamente richiedere l&#8217;autorizzazione per iscritto a ARCAS OLL\u00c9, S.L.. In ogni caso, il collegamento permetter\u00e0 unicamente l&#8217;accesso alla pagina iniziale del nostro sito web, allo stesso modo dovr\u00e0 astenersi dal realizzare manifestazioni o indicazioni false, inesatte o scorrette su ARCAS OLL\u00c9, S.L., o includere contenuti illeciti, contrari al buon costume e all&#8217;ordine pubblico.<\/p>\n<p>ARCAS OLL\u00c9, S.L. non si responsabilizza dell&#8217;uso che ogni utente dia ai materiali messi a disposizione in questo sito web n\u00e9 delle azioni che realizzi sulla base di questi.<\/p>\n<h2>4. Esclusione di garanzie e di responsabilit\u00e0<\/h2>\n<p>ARCAS OLL\u00c9, S.L. esclude, nei limiti consentiti dall&#8217;ordinamento giuridico, qualsiasi responsabilit\u00e0 per i danni e i pregiudizi di qualsiasi natura derivati da:<\/p>\n<ul>\n<li>L&#8217;impossibilit\u00e0 di accesso al sito web o la mancanza di veridicit\u00e0, esattezza, esaustivit\u00e0 e\/o attualit\u00e0 dei contenuti, cos\u00ec come l&#8217;esistenza di vizi e difetti di qualsiasi genere dei contenuti trasmessi, diffusi, immagazzinati, messi a disposizione ai quali si sia avuto accesso attraverso il sito web o dei servizi che si offrono.<\/li>\n<li>La presenza di virus o di altri elementi nei contenuti che possano produrre alterazioni nei sistemi informatici, documenti elettronici o dati degli utenti.<\/li>\n<li>L&#8217;inadempimento delle leggi, la buona fede, l&#8217;ordine pubblico, gli usi del traffico e il presente avviso legale a seguito dell&#8217;uso scorretto del sito web. In particolare, e a titolo di esempio, ARCAS OLL\u00c9, S.L. non si fa responsabile delle azioni di terzi che violino diritti di propriet\u00e0 intellettuale e industriale, segreti aziendali, diritti all&#8217;onore, all&#8217;intimit\u00e0 personale e familiare e alla propria immagine, cos\u00ec come la normativa in materia di concorrenza sleale e pubblicit\u00e0 illecita.<\/li>\n<\/ul>\n<p>Allo stesso modo, ARCAS OLL\u00c9, S.L. declina qualsiasi responsabilit\u00e0 rispetto alle informazioni che si trovino al di fuori di questo sito web e non siano gestite direttamente dal nostro webmaster. La funzione dei link che appaiono in questo sito web \u00e8 esclusivamente quella di informare l&#8217;utente sull&#8217;esistenza di altre fonti suscettibili di ampliare i contenuti che offre questo sito web. ARCAS OLL\u00c9, S.L. non garantisce n\u00e9 si responsabilizza del funzionamento o dell&#8217;accessibilit\u00e0 dei siti collegati; n\u00e9 suggerisce, invita o raccomanda la visita a questi, per cui non sar\u00e0 responsabile del risultato ottenuto. ARCAS OLL\u00c9, S.L. non si responsabilizza dell&#8217;istituzione di collegamenti da parte di terzi.<\/p>\n<h2>5. Procedura in caso di realizzazione di attivit\u00e0 di carattere illecito<\/h2>\n<p>Nel caso in cui l&#8217;utente o un terzo consideri che esistano fatti o circostanze che rivelino il carattere illecito dell&#8217;utilizzo di qualsiasi contenuto e\/o della realizzazione di qualsiasi attivit\u00e0 nelle pagine web incluse o accessibili attraverso il sito web, dovr\u00e0 mettersi in contatto con ARCAS OLL\u00c9, S.L. identificandosi debitamente, specificando le presunte infrazioni e dichiarando espressamente e sotto la propria responsabilit\u00e0 che le informazioni fornite nella notifica sono esatte.<\/p>\n<p>Per qualsiasi questione litigiosa che riguardi il sito web di ARCAS OLL\u00c9, S.L., sar\u00e0 applicabile la legislazione spagnola, essendo competenti i Giudici e i Tribunali pi\u00f9 vicini alla sede di (Spagna).<\/p>\n<h2>6. Pubblicazioni<\/h2>\n<p>Le informazioni amministrative fornite attraverso il sito web non sostituiscono la pubblicit\u00e0 legale delle leggi, normative, piani, disposizioni generali e atti che debbano essere pubblicati formalmente nelle gazzette ufficiali delle amministrazioni pubbliche, che costituiscono l&#8217;unico strumento che d\u00e0 fede della loro autenticit\u00e0 e contenuto. Le informazioni disponibili in questo sito web devono intendersi come una guida senza proposito di validit\u00e0 legale.<\/p>\n<p>[\/et_pb_text][\/et_pb_column][\/et_pb_row][\/et_pb_section]<\/p>\n","protected":false},"excerpt":{"rendered":"<p>Avviso legale 1. Oggetto e accettazione Il presente avviso legale regola l&#8217;uso del nostro sito web, di cui \u00e8 titolare ARCAS OLL\u00c9, S.L.. La navigazione nel sito web di ARCAS OLL\u00c9, S.L. attribuisce la condizione di utente dello stesso e implica l&#8217;accettazione piena e senza riserve di tutte e ciascuna delle disposizioni incluse nel presente [&hellip;]<\/p>\n","protected":false},"author":2,"featured_media":0,"parent":0,"menu_order":0,"comment_status":"closed","ping_status":"closed","template":"","meta":{"_et_pb_use_builder":"on","_et_pb_old_content":"","_et_gb_content_width":"","footnotes":""},"dipi_cpt_category":[],"class_list":["post-29329","page","type-page","status-publish","hentry"],"_links":{"self":[{"href":"https:\/\/arcasolle.dms3labs.cat\/it\/wp-json\/wp\/v2\/pages\/29329","targetHints":{"allow":["GET"]}}],"collection":[{"href":"https:\/\/arcasolle.dms3labs.cat\/it\/wp-json\/wp\/v2\/pages"}],"about":[{"href":"https:\/\/arcasolle.dms3labs.cat\/it\/wp-json\/wp\/v2\/types\/page"}],"author":[{"embeddable":true,"href":"https:\/\/arcasolle.dms3labs.cat\/it\/wp-json\/wp\/v2\/users\/2"}],"replies":[{"embeddable":true,"href":"https:\/\/arcasolle.dms3labs.cat\/it\/wp-json\/wp\/v2\/comments?post=29329"}],"version-history":[{"count":2,"href":"https:\/\/arcasolle.dms3labs.cat\/it\/wp-json\/wp\/v2\/pages\/29329\/revisions"}],"predecessor-version":[{"id":29331,"href":"https:\/\/arcasolle.dms3labs.cat\/it\/wp-json\/wp\/v2\/pages\/29329\/revisions\/29331"}],"wp:attachment":[{"href":"https:\/\/arcasolle.dms3labs.cat\/it\/wp-json\/wp\/v2\/media?parent=29329"}],"wp:term":[{"taxonomy":"dipi_cpt_category","embeddable":true,"href":"https:\/\/arcasolle.dms3labs.cat\/it\/wp-json\/wp\/v2\/dipi_cpt_category?post=29329"}],"curies":[{"name":"wp","href":"https:\/\/api.w.org\/{rel}","templated":true}]}}