{"id":29304,"date":"2026-01-16T10:51:38","date_gmt":"2026-01-16T08:51:38","guid":{"rendered":"https:\/\/arcasolle.dms3labs.cat\/accesibilidad\/"},"modified":"2026-01-16T10:51:39","modified_gmt":"2026-01-16T08:51:39","slug":"accesibilidad","status":"publish","type":"page","link":"https:\/\/arcasolle.dms3labs.cat\/it\/accesibilidad\/","title":{"rendered":"Accessibilit\u00e0"},"content":{"rendered":"<p>[et_pb_section fb_built=&#8221;1&#8243; theme_builder_area=&#8221;post_content&#8221; _builder_version=&#8221;4.21.0&#8243; _module_preset=&#8221;default&#8221;][et_pb_row _builder_version=&#8221;4.21.0&#8243; _module_preset=&#8221;default&#8221; theme_builder_area=&#8221;post_content&#8221;][et_pb_column _builder_version=&#8221;4.21.0&#8243; _module_preset=&#8221;default&#8221; type=&#8221;4_4&#8243; theme_builder_area=&#8221;post_content&#8221;][et_pb_text _builder_version=&#8221;4.21.0&#8243; _module_preset=&#8221;default&#8221; theme_builder_area=&#8221;post_content&#8221; hover_enabled=&#8221;0&#8243; sticky_enabled=&#8221;0&#8243;]<\/p>\n<h1>Accessibilit\u00e0<\/h1>\n<p>ARCAS OLL\u00c9, S.L. si impegna a rendere il proprio sito web, arcasolle.com, accessibile a tutti gli utenti, comprese le persone con disabilit\u00e0. Ci impegniamo a garantire che il nostro sito web sia conforme alle linee guida sull&#8217;accessibilit\u00e0 dei contenuti web di livello AA delle WCAG 2.1. <\/p>\n<h2>Situazione di conformit\u00e0<\/h2>\n<p>Le <a href=\"https:\/\/www.w3.org\/WAI\/standards-guidelines\/wcag\/\" target=\"_blank\" rel=\"noopener\">Linee guida per l&#8217;accessibilit\u00e0 dei contenuti web<\/a> (WCAG) definiscono i requisiti per progettisti e sviluppatori al fine di migliorare l&#8217;accessibilit\u00e0 per le persone con disabilit\u00e0. Sono definiti tre livelli di conformit\u00e0: Livello A, Livello AA e Livello AAA. Arcas-olle.com \u00e8 parzialmente conforme a WCAG 2.1 Livello AA. Parzialmente significa che alcune parti del contenuto non sono completamente conformi allo standard di accessibilit\u00e0.   <\/p>\n<h2>Contenuti non accessibili<\/h2>\n<p>Potrebbero esistere documenti di office automation in PDF e altri formati che non soddisfano integralmente i requisiti di accessibilit\u00e0. I documenti completamente accessibili possono essere richiesti tramite il modulo di contatto. <\/p>\n<p>Potrebbero esserci errori di codice specifici di modifica in alcune pagine web.<\/p>\n<h2>Feedback<\/h2>\n<p>Ci impegniamo a continuare a migliorare l&#8217;accessibilit\u00e0 del nostro sito web per garantire che sia accessibile a tutti. Se hai domande o suggerimenti, contattaci. <\/p>\n<p><strong>Firma:<\/strong> ARCAS OLL\u00c9, S.L.<br \/><strong>Data:<\/strong> 30 maggio 2023<\/p>\n<p>[\/et_pb_text][\/et_pb_column][\/et_pb_row][\/et_pb_section]<\/p>\n","protected":false},"excerpt":{"rendered":"<p>Accessibilit\u00e0 ARCAS OLL\u00c9, S.L. si impegna a rendere il proprio sito web, arcasolle.com, accessibile a tutti gli utenti, comprese le persone con disabilit\u00e0. Ci impegniamo a garantire che il nostro sito web sia conforme alle linee guida sull&#8217;accessibilit\u00e0 dei contenuti web di livello AA delle WCAG 2.1. Situazione di conformit\u00e0 Le Linee guida per l&#8217;accessibilit\u00e0 [&hellip;]<\/p>\n","protected":false},"author":2,"featured_media":0,"parent":0,"menu_order":0,"comment_status":"closed","ping_status":"closed","template":"","meta":{"_et_pb_use_builder":"on","_et_pb_old_content":"","_et_gb_content_width":"","footnotes":""},"dipi_cpt_category":[],"class_list":["post-29304","page","type-page","status-publish","hentry"],"_links":{"self":[{"href":"https:\/\/arcasolle.dms3labs.cat\/it\/wp-json\/wp\/v2\/pages\/29304","targetHints":{"allow":["GET"]}}],"collection":[{"href":"https:\/\/arcasolle.dms3labs.cat\/it\/wp-json\/wp\/v2\/pages"}],"about":[{"href":"https:\/\/arcasolle.dms3labs.cat\/it\/wp-json\/wp\/v2\/types\/page"}],"author":[{"embeddable":true,"href":"https:\/\/arcasolle.dms3labs.cat\/it\/wp-json\/wp\/v2\/users\/2"}],"replies":[{"embeddable":true,"href":"https:\/\/arcasolle.dms3labs.cat\/it\/wp-json\/wp\/v2\/comments?post=29304"}],"version-history":[{"count":2,"href":"https:\/\/arcasolle.dms3labs.cat\/it\/wp-json\/wp\/v2\/pages\/29304\/revisions"}],"predecessor-version":[{"id":29306,"href":"https:\/\/arcasolle.dms3labs.cat\/it\/wp-json\/wp\/v2\/pages\/29304\/revisions\/29306"}],"wp:attachment":[{"href":"https:\/\/arcasolle.dms3labs.cat\/it\/wp-json\/wp\/v2\/media?parent=29304"}],"wp:term":[{"taxonomy":"dipi_cpt_category","embeddable":true,"href":"https:\/\/arcasolle.dms3labs.cat\/it\/wp-json\/wp\/v2\/dipi_cpt_category?post=29304"}],"curies":[{"name":"wp","href":"https:\/\/api.w.org\/{rel}","templated":true}]}}