{"id":29285,"date":"2026-01-16T10:51:32","date_gmt":"2026-01-16T08:51:32","guid":{"rendered":"https:\/\/arcasolle.dms3labs.cat\/inicio\/"},"modified":"2026-01-16T14:32:25","modified_gmt":"2026-01-16T12:32:25","slug":"home","status":"publish","type":"page","link":"https:\/\/arcasolle.dms3labs.cat\/it\/","title":{"rendered":"Esperti in sicurezza dal 1845"},"content":{"rendered":"<p>[et_pb_section fb_built=&#8221;1&#8243; fullwidth=&#8221;on&#8221; _builder_version=&#8221;4.18.0&#8243; _module_preset=&#8221;default&#8221; global_colors_info=&#8221;{}&#8221;][et_pb_fullwidth_slider _builder_version=&#8221;4.27.5&#8243; _module_preset=&#8221;default&#8221; content_width_tablet=&#8221;600px&#8221; content_width_phone=&#8221;300px&#8221; content_width_last_edited=&#8221;on|desktop&#8221; custom_padding_tablet=&#8221;&#8221; custom_padding_phone=&#8221;|0px||0px|false|false&#8221; custom_padding_last_edited=&#8221;on|phone&#8221; hover_enabled=&#8221;0&#8243; global_colors_info=&#8221;{}&#8221; sticky_enabled=&#8221;0&#8243;][et_pb_slide heading=&#8221;Esperti in sicurezza dal 1845&#8243; button_text=&#8221;La nostra storia&#8221; button_link=&#8221;@ET-DC@eyJkeW5hbWljIjp0cnVlLCJjb250ZW50IjoicG9zdF9saW5rX3VybF9wYWdlIiwic2V0dGluZ3MiOnsicG9zdF9pZCI6IjE3MyJ9fQ==@&#8221; _builder_version=&#8221;4.27.5&#8243; _dynamic_attributes=&#8221;button_link&#8221; _module_preset=&#8221;default&#8221; background_image=&#8221;https:\/\/arcasolle.dms3labs.cat\/wp-content\/uploads\/2023\/06\/illux-caixa-forta-arcas-olle-accessoris-acabats-luxe.png&#8221; background_enable_image=&#8221;on&#8221; background_position=&#8221;top_left&#8221; hover_enabled=&#8221;0&#8243; global_colors_info=&#8221;{}&#8221; sticky_transition=&#8221;on&#8221; header_level=&#8221;h1&#8243; sticky_enabled=&#8221;0&#8243;]<\/p>\n<p>Arcas Oll\u00e9 \u00e8 un&#8217;azienda familiare fondata nel 1845 specializzata in sicurezza e casseforti. Offriamo soluzioni di sicurezza di alta qualit\u00e0 e affidabilit\u00e0 ai nostri clienti. Il nostro team \u00e8 composto da professionisti altamente qualificati ed esperti nel campo della sicurezza.  <\/p>\n<p>[\/et_pb_slide][\/et_pb_fullwidth_slider][\/et_pb_section][et_pb_section fb_built=&#8221;1&#8243; _builder_version=&#8221;4.19.3&#8243; _module_preset=&#8221;default&#8221; custom_padding=&#8221;||||false|false&#8221; global_colors_info=&#8221;{}&#8221;][et_pb_row _builder_version=&#8221;4.19.3&#8243; _module_preset=&#8221;default&#8221; custom_margin=&#8221;|auto||auto|false|false&#8221; custom_padding=&#8221;||||false|false&#8221; global_colors_info=&#8221;{}&#8221;][et_pb_column type=&#8221;4_4&#8243; _builder_version=&#8221;4.18.0&#8243; _module_preset=&#8221;default&#8221; global_colors_info=&#8221;{}&#8221;][et_pb_cta title=&#8221;Scopri i nostri prodotti&#8221; button_text=&#8221;Clicca qui&#8221; _builder_version=&#8221;4.21.0&#8243; _module_preset=&#8221;default&#8221; text_orientation=&#8221;center&#8221; global_colors_info=&#8221;{}&#8221;]<\/p>\n<p>Arcas Oll\u00e9 mette a tua disposizione un&#8217;ampia gamma di prodotti di sicurezza leader nel mercato. Le nostre soluzioni innovative e affidabili si adattano sia alle tue esigenze che a quelle della tua attivit\u00e0. Scopri i nostri prodotti di riferimento nel settore della sicurezza.  <\/p>\n<p>[\/et_pb_cta][dipi_carousel container_padding=&#8221;30px|30px|0px|30px|false|false&#8221; show_lightbox=&#8221;off&#8221; navigation_size=&#8221;60&#8243; navigation_padding=&#8221;30&#8243; navigation_color=&#8221;#2E2B27&#8243; navigation_bg_color=&#8221;RGBA(255,255,255,0)&#8221; pagination_position=&#8221;-10&#8243; columns_tablet=&#8221;&#8221; columns_phone=&#8221;1&#8243; columns_last_edited=&#8221;on|phone&#8221; navigation_position_left_tablet=&#8221;&#8221; navigation_position_left_phone=&#8221;-30px&#8221; navigation_position_left_last_edited=&#8221;on|phone&#8221; navigation_position_right_tablet=&#8221;&#8221; navigation_position_right_phone=&#8221;-30px&#8221; navigation_position_right_last_edited=&#8221;on|phone&#8221; _builder_version=&#8221;4.27.4&#8243; _module_preset=&#8221;default&#8221; title_font=&#8221;|||on|||||&#8221; title_font_size=&#8221;14px&#8221; custom_margin=&#8221;||||false|false&#8221; custom_padding=&#8221;||||false|false&#8221; global_colors_info=&#8221;{}&#8221;][dipi_carousel_child label=&#8221;Cajas fuertes&#8221; img_src=&#8221;https:\/\/arcasolle.dms3labs.cat\/wp-content\/uploads\/2023\/06\/Caixes-fortes-Arcas-Olle.png&#8221; title_text=&#8221;Casseforti &#8221; _builder_version=&#8221;4.21.0&#8243; _module_preset=&#8221;default&#8221; link_option_url=&#8221;https:\/\/arcasolle.dms3labs.cat\/it\/ilux-design\/cajas-fuertes\/&#8221; global_colors_info=&#8221;{}&#8221;][\/dipi_carousel_child][dipi_carousel_child label=&#8221;Cajas fuertes profesionales&#8221; img_src=&#8221;https:\/\/arcasolle.dms3labs.cat\/wp-content\/uploads\/2023\/06\/Caixes-fortes-professionals-Arcas-Olle.png&#8221; title_text=&#8221;Casseforti professionali &#8221; _builder_version=&#8221;4.21.0&#8243; _module_preset=&#8221;default&#8221; link_option_url=&#8221;https:\/\/arcasolle.dms3labs.cat\/it\/categoria-prodotto\/casseforti-professionali\/&#8221; global_colors_info=&#8221;{}&#8221;][\/dipi_carousel_child][dipi_carousel_child label=&#8221;Armarios de seguridad&#8221; img_src=&#8221;https:\/\/arcasolle.dms3labs.cat\/wp-content\/uploads\/2023\/06\/Armaris-de-seguretat-Arcas-Olle.png&#8221; title_text=&#8221;Armadi di sicurezza&#8221; _builder_version=&#8221;4.21.0&#8243; _module_preset=&#8221;default&#8221; link_option_url=&#8221;https:\/\/arcasolle.dms3labs.cat\/it\/categoria-prodotto\/armadi-di-sicurezza\/&#8221; global_colors_info=&#8221;{}&#8221;][\/dipi_carousel_child][dipi_carousel_child label=&#8221;Compartiments de seguretat&#8221; img_src=&#8221;https:\/\/arcasolle.dms3labs.cat\/wp-content\/uploads\/2023\/06\/Compartiments-de-seguretat-Arcas-Olle.png&#8221; title_text=&#8221;Compartimenti di sicurezza&#8221; _builder_version=&#8221;4.21.0&#8243; _module_preset=&#8221;default&#8221; link_option_url=&#8221;https:\/\/arcasolle.dms3labs.cat\/it\/categoria-prodotto\/compartimenti-di-sicurezza\/&#8221; global_colors_info=&#8221;{}&#8221;][\/dipi_carousel_child][dipi_carousel_child label=&#8221;Cajas de cobro&#8221; img_src=&#8221;https:\/\/arcasolle.dms3labs.cat\/wp-content\/uploads\/2023\/06\/Caixes-de-cobrament-Arcas-Olle.png&#8221; title_text=&#8221;Casse di riscossione&#8221; _builder_version=&#8221;4.21.0&#8243; _module_preset=&#8221;default&#8221; link_option_url=&#8221;https:\/\/arcasolle.dms3labs.cat\/it\/categoria-prodotto\/casse-di-riscossione\/&#8221; global_colors_info=&#8221;{}&#8221;][\/dipi_carousel_child][dipi_carousel_child label=&#8221;Cajas fuertes camufladas&#8221; img_src=&#8221;https:\/\/arcasolle.dms3labs.cat\/wp-content\/uploads\/2023\/06\/Caixes-Fortes-Camuflades-Arcas-Olle.png&#8221; title_text=&#8221;Casseforti mimetizzate&#8221; _builder_version=&#8221;4.21.0&#8243; _module_preset=&#8221;default&#8221; link_option_url=&#8221;https:\/\/arcasolle.dms3labs.cat\/it\/categoria-prodotto\/casseforti-mimetizzate\/&#8221; global_colors_info=&#8221;{}&#8221;][\/dipi_carousel_child][dipi_carousel_child label=&#8221;Caja para videograbador&#8221; img_src=&#8221;https:\/\/arcasolle.dms3labs.cat\/wp-content\/uploads\/2023\/06\/Caixa-per-videograbador-Arcas-Olle.png&#8221; title_text=&#8221;Cassa per videoregistratore &#8221; _builder_version=&#8221;4.21.0&#8243; _module_preset=&#8221;default&#8221; link_option_url=&#8221;https:\/\/arcasolle.dms3labs.cat\/it\/categoria-prodotto\/custodia-per-videoregistratore\/&#8221; global_colors_info=&#8221;{}&#8221;][\/dipi_carousel_child][dipi_carousel_child label=&#8221;Protecci\u00f3n contra el fuego&#8221; img_src=&#8221;https:\/\/arcasolle.dms3labs.cat\/wp-content\/uploads\/2023\/06\/Proteccio-contra-el-foc-Arcas-Olle.png&#8221; title_text=&#8221;Protezione contro il fuoco &#8221; _builder_version=&#8221;4.21.0&#8243; _module_preset=&#8221;default&#8221; link_option_url=&#8221;https:\/\/arcasolle.dms3labs.cat\/it\/categoria-prodotto\/protezione-contro-il-fuoco\/&#8221; global_colors_info=&#8221;{}&#8221;][\/dipi_carousel_child][dipi_carousel_child label=&#8221;Control de llaves&#8221; img_src=&#8221;https:\/\/arcasolle.dms3labs.cat\/wp-content\/uploads\/2023\/06\/Cotnrol-de-claus-Arcas-Olle.png&#8221; title_text=&#8221;Controllo delle chiavi&#8221; _builder_version=&#8221;4.21.0&#8243; _module_preset=&#8221;default&#8221; link_option_url=&#8221;https:\/\/arcasolle.dms3labs.cat\/it\/categoria-prodotto\/controllo-delle-chiavi\/&#8221; global_colors_info=&#8221;{}&#8221;][\/dipi_carousel_child][\/dipi_carousel][et_pb_button button_url=&#8221;@ET-DC@eyJkeW5hbWljIjp0cnVlLCJjb250ZW50IjoicG9zdF9saW5rX3VybF9wYWdlIiwic2V0dGluZ3MiOnsicG9zdF9pZCI6IjExOSJ9fQ==@&#8221; button_text=&#8221;Tutti i prodotti&#8221; button_alignment=&#8221;center&#8221; _builder_version=&#8221;4.21.0&#8243; _dynamic_attributes=&#8221;button_url&#8221; _module_preset=&#8221;default&#8221; global_colors_info=&#8221;{}&#8221;][\/et_pb_button][\/et_pb_column][\/et_pb_row][\/et_pb_section][et_pb_section fb_built=&#8221;1&#8243; _builder_version=&#8221;4.19.3&#8243; _module_preset=&#8221;default&#8221; background_color=&#8221;#000000&#8243; background_image=&#8221;https:\/\/arcasolle.dms3labs.cat\/wp-content\/uploads\/2022\/10\/foto_detalle_4_0.jpg&#8221; background_position=&#8221;top_right&#8221; min_height=&#8221;514px&#8221; custom_padding=&#8221;||||false|false&#8221; global_colors_info=&#8221;{}&#8221;][et_pb_row column_structure=&#8221;1_2,1_2&#8243; _builder_version=&#8221;4.19.3&#8243; _module_preset=&#8221;default&#8221; positioning=&#8221;absolute&#8221; position_origin_a=&#8221;center_center&#8221; custom_margin=&#8221;||||false|false&#8221; custom_margin_tablet=&#8221;||||false|false&#8221; custom_margin_phone=&#8221;||||false|false&#8221; custom_margin_last_edited=&#8221;on|desktop&#8221; custom_padding=&#8221;||||false|false&#8221; global_colors_info=&#8221;{}&#8221;][et_pb_column type=&#8221;1_2&#8243; _builder_version=&#8221;4.18.0&#8243; _module_preset=&#8221;default&#8221; global_colors_info=&#8221;{}&#8221;][\/et_pb_column][et_pb_column type=&#8221;1_2&#8243; _builder_version=&#8221;4.18.0&#8243; _module_preset=&#8221;default&#8221; global_colors_info=&#8221;{}&#8221;][et_pb_cta title=&#8221;Ilux Design alta sicurezza con finiture di lusso&#8221; button_url=&#8221;@ET-DC@eyJkeW5hbWljIjp0cnVlLCJjb250ZW50IjoicG9zdF9saW5rX3VybF9wYWdlIiwic2V0dGluZ3MiOnsicG9zdF9pZCI6IjEyMCJ9fQ==@&#8221; button_text=&#8221;Scoprili&#8221; _builder_version=&#8221;4.21.0&#8243; _dynamic_attributes=&#8221;button_url&#8221; _module_preset=&#8221;default&#8221; background_layout=&#8221;dark&#8221; global_colors_info=&#8221;{}&#8221;]<\/p>\n<p>Ilux \u00e8 la combinazione perfetta di qualit\u00e0, funzionalit\u00e0 e sicurezza. Totalmente personalizzabile dall&#8217;interno all&#8217;esterno, per soddisfare le pi\u00f9 esigenti esigenze dei nostri clienti. <\/p>\n<p>[\/et_pb_cta][\/et_pb_column][\/et_pb_row][\/et_pb_section][et_pb_section fb_built=&#8221;1&#8243; _builder_version=&#8221;4.19.3&#8243; _module_preset=&#8221;default&#8221; custom_padding=&#8221;||||false|false&#8221; global_colors_info=&#8221;{}&#8221;][et_pb_row column_structure=&#8221;1_2,1_2&#8243; make_equal=&#8221;on&#8221; _builder_version=&#8221;4.18.0&#8243; _module_preset=&#8221;default&#8221; custom_css_main_element=&#8221;align-items:center;&#8221; global_colors_info=&#8221;{}&#8221;][et_pb_column type=&#8221;1_2&#8243; _builder_version=&#8221;4.18.0&#8243; _module_preset=&#8221;default&#8221; global_colors_info=&#8221;{}&#8221;][et_pb_cta title=&#8221;Sicurezza di qualit\u00e0&#8221; _builder_version=&#8221;4.21.0&#8243; _module_preset=&#8221;default&#8221; global_colors_info=&#8221;{}&#8221;]<\/p>\n<p><strong>ARCAS OLL\u00c9, S. L.<\/strong>, in quanto azienda pioniera nel settore della sicurezza fisica, si impegna fermamente a soddisfare le esigenze e le aspettative dei propri clienti e delle altre parti interessate. Per questo motivo, la Direzione sa che \u00e8 indispensabile un personale competente, formato e coinvolto nel successo degli obiettivi e impegnato con l&#8217;azienda e quindi con i suoi clienti. <\/p>\n<p>[\/et_pb_cta][et_pb_gallery gallery_ids=&#8221;31114,29287,29288,29289&#8243; _builder_version=&#8221;4.21.0&#8243; _module_preset=&#8221;70c2db95-dc6d-4fc0-8ea0-433fa48ab926&#8243; global_colors_info=&#8221;{}&#8221;][\/et_pb_gallery][\/et_pb_column][et_pb_column type=&#8221;1_2&#8243; _builder_version=&#8221;4.18.0&#8243; _module_preset=&#8221;default&#8221; global_colors_info=&#8221;{}&#8221;][et_pb_image src=&#8221;https:\/\/arcasolle.dms3labs.cat\/wp-content\/uploads\/2022\/10\/Grupo-20.png&#8221; title_text=&#8221;Maschera gruppo 2&#8243; _builder_version=&#8221;4.18.0&#8243; _module_preset=&#8221;default&#8221; module_alignment=&#8221;left&#8221; custom_margin=&#8221;10px||||false|false&#8221; global_colors_info=&#8221;{}&#8221;][\/et_pb_image][\/et_pb_column][\/et_pb_row][\/et_pb_section][et_pb_section fb_built=&#8221;1&#8243; custom_padding_last_edited=&#8221;on|tablet&#8221; _builder_version=&#8221;4.21.0&#8243; _module_preset=&#8221;default&#8221; background_color=&#8221;#E3E3E1&#8243; background_image=&#8221;https:\/\/arcasolle.dms3labs.cat\/wp-content\/uploads\/2022\/10\/Imagen-45.png&#8221; background_size=&#8221;custom&#8221; background_image_width=&#8221;49%&#8221; background_position=&#8221;center_left&#8221; min_height=&#8221;50vh&#8221; custom_padding_tablet=&#8221;||0px||false|false&#8221; custom_padding_phone=&#8221;||0px||false|false&#8221; background_last_edited=&#8221;on|tablet&#8221; background_enable_image_tablet=&#8221;off&#8221; background_enable_image_phone=&#8221;off&#8221; global_colors_info=&#8221;{}&#8221;][et_pb_row column_structure=&#8221;1_2,1_2&#8243; _builder_version=&#8221;4.21.0&#8243; _module_preset=&#8221;default&#8221; positioning=&#8221;absolute&#8221; position_origin_a=&#8221;center_center&#8221; position_origin_a_tablet=&#8221;center_center&#8221; position_origin_a_phone=&#8221;center_center&#8221; position_origin_a_last_edited=&#8221;on|phone&#8221; position_origin_f_tablet=&#8221;&#8221; position_origin_f_phone=&#8221;&#8221; position_origin_f_last_edited=&#8221;on|phone&#8221; position_origin_r_tablet=&#8221;&#8221; position_origin_r_phone=&#8221;&#8221; position_origin_r_last_edited=&#8221;on|phone&#8221; positioning_tablet=&#8221;relative&#8221; positioning_phone=&#8221;relative&#8221; positioning_last_edited=&#8221;on|tablet&#8221; global_colors_info=&#8221;{}&#8221;][et_pb_column type=&#8221;1_2&#8243; _builder_version=&#8221;4.19.3&#8243; _module_preset=&#8221;default&#8221; global_colors_info=&#8221;{}&#8221;][\/et_pb_column][et_pb_column type=&#8221;1_2&#8243; _builder_version=&#8221;4.19.3&#8243; _module_preset=&#8221;default&#8221; global_colors_info=&#8221;{}&#8221;][et_pb_image src=&#8221;https:\/\/arcasolle.dms3labs.cat\/wp-content\/uploads\/2026\/01\/arcas-olle-dark-completa-en-1.svg&#8221; alt=&#8221;180 anni di Arcas Oll\u00e9, dal 1845&#8243; title_text=&#8221;180 anni di Arcas Oll\u00e9, dal 1845&#8243; _builder_version=&#8221;4.27.5&#8243; _module_preset=&#8221;default&#8221; max_width=&#8221;250px&#8221; global_colors_info=&#8221;{}&#8221;][\/et_pb_image][et_pb_cta button_url=&#8221;@ET-DC@eyJkeW5hbWljIjp0cnVlLCJjb250ZW50IjoicG9zdF9saW5rX3VybF9wYWdlIiwic2V0dGluZ3MiOnsicG9zdF9pZCI6IjE3MyJ9fQ==@&#8221; button_text=&#8221;Chi siamo&#8221; _builder_version=&#8221;4.27.5&#8243; _dynamic_attributes=&#8221;button_url&#8221; _module_preset=&#8221;default&#8221; global_colors_info=&#8221;{}&#8221;]<\/p>\n<h2 class=\"screen-reader-text\">Dal 1845 \u2013 180 anni di esperienza<\/h2>\n<p>Nel 1845 furono fabbricate le prime serrature con chiave e, da allora, Arcas Oll\u00e9 ha continuato a innovare con l&#8217;obiettivo di sviluppare prodotti sempre pi\u00f9 sicuri, affidabili ed esteticamente gradevoli. Durante 180 anni, la nostra storia come azienda familiare ci conferma come punto di riferimento nella sicurezza e nelle casseforti.  <\/p>\n<p>[\/et_pb_cta][\/et_pb_column][\/et_pb_row][et_pb_row column_structure=&#8221;1_2,1_2&#8243; disabled_on=&#8221;off|off|on&#8221; _builder_version=&#8221;4.21.0&#8243; _module_preset=&#8221;default&#8221; positioning=&#8221;absolute&#8221; position_origin_a=&#8221;center_center&#8221; position_origin_a_tablet=&#8221;center_center&#8221; position_origin_a_phone=&#8221;center_center&#8221; position_origin_a_last_edited=&#8221;on|phone&#8221; position_origin_f_tablet=&#8221;&#8221; position_origin_f_phone=&#8221;&#8221; position_origin_f_last_edited=&#8221;on|phone&#8221; position_origin_r_tablet=&#8221;&#8221; position_origin_r_phone=&#8221;&#8221; position_origin_r_last_edited=&#8221;on|phone&#8221; width=&#8221;100%&#8221; max_width=&#8221;100%&#8221; custom_padding=&#8221;0px|0px|0px|0px|false|false&#8221; positioning_tablet=&#8221;relative&#8221; positioning_phone=&#8221;relative&#8221; positioning_last_edited=&#8221;on|tablet&#8221; global_colors_info=&#8221;{}&#8221;][et_pb_column type=&#8221;1_2&#8243; _builder_version=&#8221;4.19.3&#8243; _module_preset=&#8221;default&#8221; global_colors_info=&#8221;{}&#8221;][\/et_pb_column][et_pb_column type=&#8221;1_2&#8243; _builder_version=&#8221;4.19.3&#8243; _module_preset=&#8221;default&#8221; global_colors_info=&#8221;{}&#8221;][et_pb_image src=&#8221;https:\/\/arcasolle.dms3labs.cat\/wp-content\/uploads\/2023\/05\/foto_antiga-e1685438071309.png&#8221; title_text=&#8221;foto_antigua&#8221; align=&#8221;center&#8221; force_fullwidth=&#8221;on&#8221; _builder_version=&#8221;4.21.0&#8243; _module_preset=&#8221;default&#8221; global_colors_info=&#8221;{}&#8221;][\/et_pb_image][\/et_pb_column][\/et_pb_row][\/et_pb_section]<\/p>\n","protected":false},"excerpt":{"rendered":"<p>Arcas Oll\u00e9 \u00e8 un&#8217;azienda familiare fondata nel 1845 specializzata in sicurezza e casseforti. Offriamo soluzioni di sicurezza di alta qualit\u00e0 e affidabilit\u00e0 ai nostri clienti. Il nostro team \u00e8 composto da professionisti altamente qualificati ed esperti nel campo della sicurezza. Arcas Oll\u00e9 mette a tua disposizione un&#8217;ampia gamma di prodotti di sicurezza leader nel mercato. [&hellip;]<\/p>\n","protected":false},"author":2,"featured_media":0,"parent":0,"menu_order":0,"comment_status":"closed","ping_status":"closed","template":"","meta":{"_et_pb_use_builder":"on","_et_pb_old_content":"","_et_gb_content_width":"","footnotes":""},"dipi_cpt_category":[],"class_list":["post-29285","page","type-page","status-publish","hentry"],"_links":{"self":[{"href":"https:\/\/arcasolle.dms3labs.cat\/it\/wp-json\/wp\/v2\/pages\/29285","targetHints":{"allow":["GET"]}}],"collection":[{"href":"https:\/\/arcasolle.dms3labs.cat\/it\/wp-json\/wp\/v2\/pages"}],"about":[{"href":"https:\/\/arcasolle.dms3labs.cat\/it\/wp-json\/wp\/v2\/types\/page"}],"author":[{"embeddable":true,"href":"https:\/\/arcasolle.dms3labs.cat\/it\/wp-json\/wp\/v2\/users\/2"}],"replies":[{"embeddable":true,"href":"https:\/\/arcasolle.dms3labs.cat\/it\/wp-json\/wp\/v2\/comments?post=29285"}],"version-history":[{"count":7,"href":"https:\/\/arcasolle.dms3labs.cat\/it\/wp-json\/wp\/v2\/pages\/29285\/revisions"}],"predecessor-version":[{"id":31120,"href":"https:\/\/arcasolle.dms3labs.cat\/it\/wp-json\/wp\/v2\/pages\/29285\/revisions\/31120"}],"wp:attachment":[{"href":"https:\/\/arcasolle.dms3labs.cat\/it\/wp-json\/wp\/v2\/media?parent=29285"}],"wp:term":[{"taxonomy":"dipi_cpt_category","embeddable":true,"href":"https:\/\/arcasolle.dms3labs.cat\/it\/wp-json\/wp\/v2\/dipi_cpt_category?post=29285"}],"curies":[{"name":"wp","href":"https:\/\/api.w.org\/{rel}","templated":true}]}}