{"id":29258,"date":"2026-01-16T10:51:17","date_gmt":"2026-01-16T08:51:17","guid":{"rendered":"https:\/\/arcasolle.dms3labs.cat\/conocenos\/"},"modified":"2026-01-16T10:51:31","modified_gmt":"2026-01-16T08:51:31","slug":"conocenos","status":"publish","type":"page","link":"https:\/\/arcasolle.dms3labs.cat\/it\/ilux-design\/conocenos\/","title":{"rendered":"Chi siamo"},"content":{"rendered":"<p>[et_pb_section fb_built=&#8221;1&#8243; _builder_version=&#8221;4.21.0&#8243; _module_preset=&#8221;default&#8221; background_color=&#8221;rgba(92,91,89,0.66)&#8221; background_image=&#8221;https:\/\/arcasolle.dms3labs.cat\/wp-content\/uploads\/2023\/05\/conocenos_2.png&#8221; background_position=&#8221;top_right&#8221; background_blend=&#8221;multiply&#8221; min_height=&#8221;514px&#8221; custom_padding=&#8221;||||false|false&#8221; background_last_edited=&#8221;off|desktop&#8221; global_colors_info=&#8221;{}&#8221;][et_pb_row column_structure=&#8221;1_2,1_2&#8243; _builder_version=&#8221;4.19.3&#8243; _module_preset=&#8221;default&#8221; positioning=&#8221;absolute&#8221; position_origin_a=&#8221;center_center&#8221; custom_margin=&#8221;||||false|false&#8221; custom_margin_tablet=&#8221;||||false|false&#8221; custom_margin_phone=&#8221;||||false|false&#8221; custom_margin_last_edited=&#8221;on|desktop&#8221; custom_padding=&#8221;||||false|false&#8221; global_colors_info=&#8221;{}&#8221;][et_pb_column type=&#8221;1_2&#8243; _builder_version=&#8221;4.18.0&#8243; _module_preset=&#8221;default&#8221; global_colors_info=&#8221;{}&#8221;][et_pb_cta title=&#8221;Arcas Oll\u00e9, dal 1845&#8243; button_url=&#8221;@ET-DC@eyJkeW5hbWljIjp0cnVlLCJjb250ZW50IjoicG9zdF9saW5rX3VybF9wYWdlIiwic2V0dGluZ3MiOnsicG9zdF9pZCI6IjY4OSIsImVuYWJsZV9odG1sIjoib2ZmIn19@&#8221; _builder_version=&#8221;4.21.0&#8243; _dynamic_attributes=&#8221;button_url&#8221; _module_preset=&#8221;default&#8221; header_level=&#8221;h1&#8243; background_layout=&#8221;dark&#8221; global_colors_info=&#8221;{}&#8221;][\/et_pb_cta][\/et_pb_column][et_pb_column type=&#8221;1_2&#8243; _builder_version=&#8221;4.18.0&#8243; _module_preset=&#8221;default&#8221; global_colors_info=&#8221;{}&#8221;][\/et_pb_column][\/et_pb_row][\/et_pb_section][et_pb_section fb_built=&#8221;1&#8243; _builder_version=&#8221;4.19.3&#8243; _module_preset=&#8221;default&#8221; global_colors_info=&#8221;{}&#8221;][et_pb_row column_structure=&#8221;1_2,1_2&#8243; make_equal=&#8221;on&#8221; _builder_version=&#8221;4.21.0&#8243; _module_preset=&#8221;default&#8221; custom_padding=&#8221;||||false|false&#8221; custom_css_main_element=&#8221;align-items:center;&#8221; global_colors_info=&#8221;{}&#8221;][et_pb_column type=&#8221;1_2&#8243; _builder_version=&#8221;4.19.3&#8243; _module_preset=&#8221;default&#8221; global_colors_info=&#8221;{}&#8221;][et_pb_cta title=&#8221;Origini&#8221; button_url=&#8221;#&#8221; _builder_version=&#8221;4.21.0&#8243; _module_preset=&#8221;default&#8221; global_colors_info=&#8221;{}&#8221;]ARCAS OLLE \u00e8 un&#8217;azienda familiare dedicata alla produzione di casseforti dal 1845. A quest&#8217;anno risalgono le origini documentate di ARCAS OLLE, quando in una piccola officina si fabbricavano artigianalmente le prime serrature a chiave. Attualmente, la quarta generazione della famiglia \u00e8 alla guida dell&#8217;azienda e ha il fermo impegno di tutelare il prestigio del marchio ARCAS OLLE. In quanto azienda leader nel settore, sentiamo la necessit\u00e0 di innovare continuamente e applicare le ultime tecnologie nei processi di produzione.[\/et_pb_cta][\/et_pb_column][et_pb_column type=&#8221;1_2&#8243; _builder_version=&#8221;4.19.3&#8243; _module_preset=&#8221;default&#8221; global_colors_info=&#8221;{}&#8221;][et_pb_image src=&#8221;https:\/\/arcasolle.dms3labs.cat\/wp-content\/uploads\/2023\/05\/foto_antiga-e1685438071309.png&#8221; title_text=&#8221;foto_antigua&#8221; _builder_version=&#8221;4.21.0&#8243; _module_preset=&#8221;default&#8221; global_colors_info=&#8221;{}&#8221;][\/et_pb_image][\/et_pb_column][\/et_pb_row][\/et_pb_section][et_pb_section fb_built=&#8221;1&#8243; _builder_version=&#8221;4.21.0&#8243; _module_preset=&#8221;default&#8221; background_image=&#8221;https:\/\/arcasolle.dms3labs.cat\/wp-content\/uploads\/2023\/05\/conocenos_1.png&#8221; min_height=&#8221;30vh&#8221; custom_padding=&#8221;0px||0px||false|false&#8221; global_colors_info=&#8221;{}&#8221;][et_pb_row _builder_version=&#8221;4.21.0&#8243; _module_preset=&#8221;default&#8221; global_colors_info=&#8221;{}&#8221;][et_pb_column type=&#8221;4_4&#8243; _builder_version=&#8221;4.21.0&#8243; _module_preset=&#8221;default&#8221; global_colors_info=&#8221;{}&#8221;][\/et_pb_column][\/et_pb_row][\/et_pb_section][et_pb_section fb_built=&#8221;1&#8243; _builder_version=&#8221;4.19.3&#8243; _module_preset=&#8221;default&#8221; global_colors_info=&#8221;{}&#8221;][et_pb_row column_structure=&#8221;1_2,1_2&#8243; make_equal=&#8221;on&#8221; _builder_version=&#8221;4.21.0&#8243; _module_preset=&#8221;default&#8221; custom_padding=&#8221;||||false|false&#8221; custom_css_main_element=&#8221;align-items:center;&#8221; global_colors_info=&#8221;{}&#8221;][et_pb_column type=&#8221;1_2&#8243; _builder_version=&#8221;4.19.3&#8243; _module_preset=&#8221;default&#8221; global_colors_info=&#8221;{}&#8221;][et_pb_image src=&#8221;https:\/\/arcasolle.dms3labs.cat\/wp-content\/uploads\/2023\/05\/conocenos_3.png&#8221; title_text=&#8221;conocenos_3&#8243; _builder_version=&#8221;4.21.0&#8243; _module_preset=&#8221;default&#8221; global_colors_info=&#8221;{}&#8221;][\/et_pb_image][\/et_pb_column][et_pb_column type=&#8221;1_2&#8243; _builder_version=&#8221;4.19.3&#8243; _module_preset=&#8221;default&#8221; global_colors_info=&#8221;{}&#8221;][et_pb_cta title=&#8221;La nostra passione&#8221; button_url=&#8221;#&#8221; _builder_version=&#8221;4.21.0&#8243; _module_preset=&#8221;default&#8221; global_colors_info=&#8221;{}&#8221;]ARCAS OLLE, S. L., in qualit\u00e0 di azienda pioniera nel settore della sicurezza fisica, si impegna fermamente a soddisfare le esigenze e le aspettative dei propri clienti. Per questo motivo, sappiamo che \u00e8 essenziale sottoporsi ai pi\u00f9 severi standard di qualit\u00e0. Le casseforti Ilux Design sono conformi alla norma UNE EN-1143-1 nei gradi III e IV di AENOR ed ECB-S.[\/et_pb_cta][\/et_pb_column][\/et_pb_row][\/et_pb_section][et_pb_section fb_built=&#8221;1&#8243; _builder_version=&#8221;4.21.0&#8243; _module_preset=&#8221;default&#8221; background_enable_color=&#8221;off&#8221; background_image=&#8221;https:\/\/arcasolle.dms3labs.cat\/wp-content\/uploads\/2023\/05\/conocenos.png&#8221; min_height=&#8221;30vh&#8221; global_colors_info=&#8221;{}&#8221;][\/et_pb_section]<\/p>\n","protected":false},"excerpt":{"rendered":"<p>ARCAS OLLE \u00e8 un&#8217;azienda familiare dedicata alla produzione di casseforti dal 1845. A quest&#8217;anno risalgono le origini documentate di ARCAS OLLE, quando in una piccola officina si fabbricavano artigianalmente le prime serrature a chiave. Attualmente, la quarta generazione della famiglia \u00e8 alla guida dell&#8217;azienda e ha il fermo impegno di tutelare il prestigio del marchio [&hellip;]<\/p>\n","protected":false},"author":2,"featured_media":0,"parent":29270,"menu_order":0,"comment_status":"closed","ping_status":"closed","template":"","meta":{"_et_pb_use_builder":"on","_et_pb_old_content":"","_et_gb_content_width":"","footnotes":""},"dipi_cpt_category":[],"class_list":["post-29258","page","type-page","status-publish","hentry"],"_links":{"self":[{"href":"https:\/\/arcasolle.dms3labs.cat\/it\/wp-json\/wp\/v2\/pages\/29258","targetHints":{"allow":["GET"]}}],"collection":[{"href":"https:\/\/arcasolle.dms3labs.cat\/it\/wp-json\/wp\/v2\/pages"}],"about":[{"href":"https:\/\/arcasolle.dms3labs.cat\/it\/wp-json\/wp\/v2\/types\/page"}],"author":[{"embeddable":true,"href":"https:\/\/arcasolle.dms3labs.cat\/it\/wp-json\/wp\/v2\/users\/2"}],"replies":[{"embeddable":true,"href":"https:\/\/arcasolle.dms3labs.cat\/it\/wp-json\/wp\/v2\/comments?post=29258"}],"version-history":[{"count":2,"href":"https:\/\/arcasolle.dms3labs.cat\/it\/wp-json\/wp\/v2\/pages\/29258\/revisions"}],"predecessor-version":[{"id":29265,"href":"https:\/\/arcasolle.dms3labs.cat\/it\/wp-json\/wp\/v2\/pages\/29258\/revisions\/29265"}],"up":[{"embeddable":true,"href":"https:\/\/arcasolle.dms3labs.cat\/it\/wp-json\/wp\/v2\/pages\/29270"}],"wp:attachment":[{"href":"https:\/\/arcasolle.dms3labs.cat\/it\/wp-json\/wp\/v2\/media?parent=29258"}],"wp:term":[{"taxonomy":"dipi_cpt_category","embeddable":true,"href":"https:\/\/arcasolle.dms3labs.cat\/it\/wp-json\/wp\/v2\/dipi_cpt_category?post=29258"}],"curies":[{"name":"wp","href":"https:\/\/api.w.org\/{rel}","templated":true}]}}