{"id":29207,"date":"2026-01-16T10:50:37","date_gmt":"2026-01-16T08:50:37","guid":{"rendered":"https:\/\/arcasolle.dms3labs.cat\/sobre-olle\/"},"modified":"2026-01-16T14:33:29","modified_gmt":"2026-01-16T12:33:29","slug":"su-olle","status":"publish","type":"page","link":"https:\/\/arcasolle.dms3labs.cat\/it\/su-olle\/","title":{"rendered":"Su Oll\u00e9"},"content":{"rendered":"<p>[et_pb_section fb_built=&#8221;1&#8243; _builder_version=&#8221;4.21.0&#8243; _module_preset=&#8221;default&#8221; background_color=&#8221;#000000&#8243; custom_margin=&#8221;0px|0px|0px|0px|false|false&#8221; custom_padding=&#8221;0px|0px|0px|0px|false|false&#8221; global_colors_info=&#8221;{}&#8221;][et_pb_row _builder_version=&#8221;4.21.0&#8243; _module_preset=&#8221;default&#8221; custom_padding=&#8221;0px||0px||false|false&#8221; global_colors_info=&#8221;{}&#8221;][et_pb_column type=&#8221;4_4&#8243; _builder_version=&#8221;4.18.0&#8243; _module_preset=&#8221;default&#8221; global_colors_info=&#8221;{}&#8221;][et_pb_code _builder_version=&#8221;4.21.0&#8243; _module_preset=&#8221;default&#8221; global_colors_info=&#8221;{}&#8221;]<iframe width=\"auto\" height=\"150\" src=\"https:\/\/www.youtube.com\/embed\/LsFrbUZd0jg?si=BJV0GJpyhnuVWvwP&amp;autoplay=1&amp;controls=1&amp;disablekb=1&amp;enablejsapi=1&amp;fs=0&amp;iv_load_policy=3&amp;loop=1&amp;modestbranding=1&amp;mute=1\" title=\"Lettore video di YouTube\" frameborder=\"0\" allow=\"accelerometer; autoplay; clipboard-write; encrypted-media; gyroscope; picture-in-picture; web-share\" allowfullscreen=\"\"><\/iframe>[\/et_pb_code][\/et_pb_column][\/et_pb_row][\/et_pb_section][et_pb_section fb_built=&#8221;1&#8243; _builder_version=&#8221;4.21.0&#8243; _module_preset=&#8221;default&#8221; background_color=&#8221;#E3E3E1&#8243; global_colors_info=&#8221;{}&#8221;][et_pb_row column_structure=&#8221;3_5,2_5&#8243; _builder_version=&#8221;4.21.0&#8243; _module_preset=&#8221;e89263f0-9fdb-4971-abde-cbc602200fc5&#8243; global_colors_info=&#8221;{}&#8221;][et_pb_column type=&#8221;3_5&#8243; _builder_version=&#8221;4.18.0&#8243; _module_preset=&#8221;default&#8221; global_colors_info=&#8221;{}&#8221;][et_pb_text _builder_version=&#8221;4.21.0&#8243; _module_preset=&#8221;29a7246a-6bcb-4ecd-913b-f8c2124aae5c&#8221; global_colors_info=&#8221;{}&#8221;]<\/p>\n<h1>La nostra azienda<\/h1>\n<p>[\/et_pb_text][\/et_pb_column][et_pb_column type=&#8221;2_5&#8243; _builder_version=&#8221;4.18.0&#8243; _module_preset=&#8221;default&#8221; global_colors_info=&#8221;{}&#8221;][\/et_pb_column][\/et_pb_row][et_pb_row column_structure=&#8221;3_4,1_4&#8243; _builder_version=&#8221;4.21.0&#8243; _module_preset=&#8221;default&#8221; global_colors_info=&#8221;{}&#8221;][et_pb_column type=&#8221;3_4&#8243; _builder_version=&#8221;4.18.0&#8243; _module_preset=&#8221;default&#8221; global_colors_info=&#8221;{}&#8221;][et_pb_text _builder_version=&#8221;4.27.4&#8243; _module_preset=&#8221;29a7246a-6bcb-4ecd-913b-f8c2124aae5c&#8221; global_colors_info=&#8221;{}&#8221;]<\/p>\n<p><strong>ARCAS OLL\u00c9<\/strong> \u00e8 un&#8217;azienda familiare dedicata alla produzione di casseforti dal <strong>1845<\/strong>. Attualmente, la quarta generazione della famiglia \u00e8 alla guida dell&#8217;azienda e ha il fermo impegno di tutelare il prestigio del marchio ARCAS OLL\u00c9. <\/p>\n<p>Come azienda <strong>leader nel settore<\/strong>, sentiamo la necessit\u00e0 di innovare continuamente e applicare le ultime tecnologie nei processi di produzione.<\/p>\n<p>Le sfide che ci presenta il futuro, in un mercato globalizzato e in costante evoluzione, sono uno stimolo per continuare a sviluppare nuovi prodotti che soddisfino le esigenze dei nostri clienti. In questo senso, mettiamo il nostro dipartimento di R&amp;S a vostra disposizione per <strong>dare soluzione<\/strong> alle vostre richieste nel campo della sicurezza fisica. <\/p>\n<p>[\/et_pb_text][\/et_pb_column][et_pb_column type=&#8221;1_4&#8243; _builder_version=&#8221;4.18.0&#8243; _module_preset=&#8221;default&#8221; custom_padding=&#8221;0px|0px|0px|0px|false|false&#8221; global_colors_info=&#8221;{}&#8221;][et_pb_image src=&#8221;https:\/\/arcasolle.dms3labs.cat\/wp-content\/uploads\/2026\/01\/arcas-olle-dark-completa-vertical-en-1.svg&#8221; alt=&#8221;180 anni di Arcas Oll\u00e9, dal 1845&#8243; title_text=&#8221;180 anni di Arcas Oll\u00e9, dal 1845&#8243; src_tablet=&#8221;https:\/\/arcasolle.dms3labs.cat\/wp-content\/uploads\/2026\/01\/arcas-olle-dark-completa-en-1.svg&#8221; src_phone=&#8221;https:\/\/arcasolle.dms3labs.cat\/wp-content\/uploads\/2026\/01\/arcas-olle-dark-completa-en-1.svg&#8221; src_last_edited=&#8221;on|tablet&#8221; _builder_version=&#8221;4.27.4&#8243; _module_preset=&#8221;default&#8221; global_colors_info=&#8221;{}&#8221;][\/et_pb_image][\/et_pb_column][\/et_pb_row][et_pb_row column_structure=&#8221;1_2,1_2&#8243; _builder_version=&#8221;4.21.0&#8243; _module_preset=&#8221;default&#8221; global_colors_info=&#8221;{}&#8221;][et_pb_column type=&#8221;1_2&#8243; _builder_version=&#8221;4.18.0&#8243; _module_preset=&#8221;default&#8221; global_colors_info=&#8221;{}&#8221;][et_pb_image src=&#8221;https:\/\/arcasolle.dms3labs.cat\/wp-content\/uploads\/2022\/10\/empresa-e1685432284403.png&#8221; alt=&#8221;Arcas Oll\u00e9 presentazione&#8221; title_text=&#8221;Arcas Oll\u00e9 presentazione&#8221; _builder_version=&#8221;4.21.0&#8243; _module_preset=&#8221;default&#8221; global_colors_info=&#8221;{}&#8221;][\/et_pb_image][\/et_pb_column][et_pb_column type=&#8221;1_2&#8243; _builder_version=&#8221;4.18.0&#8243; _module_preset=&#8221;default&#8221; custom_padding=&#8221;0px|0px|0px|0px|false|false&#8221; global_colors_info=&#8221;{}&#8221;][et_pb_text _builder_version=&#8221;4.21.0&#8243; _module_preset=&#8221;29a7246a-6bcb-4ecd-913b-f8c2124aae5c&#8221; global_colors_info=&#8221;{}&#8221;]<\/p>\n<h2>Qualit\u00e0, innovazione e servizio<\/h2>\n<p>Le nostre casseforti sono state sottoposte a rigorosi test previsti dalla norma UNE EN-1143 e hanno ottenuto le corrispondenti certificazioni nei loro diversi gradi di resistenza.<\/p>\n<p><strong>La qualit\u00e0, l&#8217;innovazione e il servizio<\/strong> sono i pilastri della nostra azienda, senza i quali non potremmo meritarci la fiducia che tutti i nostri clienti ci accordano.<\/p>\n<p>Dal 2005, disponiamo di nuove strutture di 8.500 m\u00b2 di superficie, situate vicino a Barcellona, in una zona strategicamente ideale per la logistica dei nostri prodotti e dove centralizziamo tutti i reparti dell&#8217;azienda.[\/et_pb_text][\/et_pb_column][\/et_pb_row][et_pb_row _builder_version=&#8221;4.21.0&#8243; _module_preset=&#8221;default&#8221; global_colors_info=&#8221;{}&#8221;][et_pb_column type=&#8221;4_4&#8243; _builder_version=&#8221;4.18.0&#8243; _module_preset=&#8221;default&#8221; custom_padding=&#8221;0px|0px|0px|0px|false|false&#8221; global_colors_info=&#8221;{}&#8221;][et_pb_text _builder_version=&#8221;4.27.5&#8243; _module_preset=&#8221;29a7246a-6bcb-4ecd-913b-f8c2124aae5c&#8221; global_colors_info=&#8221;{}&#8221;]<\/p>\n<p>Nel luglio 2018 la nostra azienda ha ottenuto il Certificato ISO 9001:2015 dei Sistemi di Gestione della Qualit\u00e0, che potete consultare tramite il seguente link: <a href=\"https:\/\/arcasolle.dms3labs.cat\/wp-content\/uploads\/2024\/09\/certificado-iso-9001-2015-arcas-olle-es.pdf\" target=\"_blank\" rel=\"noopener\"><span style=\"text-decoration: underline;\">certificato ISO 9001:2015<\/span><\/a>. Per questo motivo, mettiamo anche a vostra disposizione la nostra Politica della Qualit\u00e0 al seguente link: <span style=\"text-decoration: underline;\"><a href=\"https:\/\/arcasolle.dms3labs.cat\/it\/politica-calidad\/\" target=\"_blank\" rel=\"noopener\">politica della qualit\u00e0<\/a><\/span>. <\/p>\n<p>[\/et_pb_text][\/et_pb_column][\/et_pb_row][\/et_pb_section][et_pb_section fb_built=&#8221;1&#8243; _builder_version=&#8221;4.18.0&#8243; _module_preset=&#8221;default&#8221; global_colors_info=&#8221;{}&#8221;][et_pb_row _builder_version=&#8221;4.21.0&#8243; _module_preset=&#8221;default&#8221; global_colors_info=&#8221;{}&#8221;][et_pb_column type=&#8221;4_4&#8243; _builder_version=&#8221;4.18.0&#8243; _module_preset=&#8221;default&#8221; global_colors_info=&#8221;{}&#8221;][et_pb_text _builder_version=&#8221;4.27.4&#8243; _module_preset=&#8221;29a7246a-6bcb-4ecd-913b-f8c2124aae5c&#8221; global_colors_info=&#8221;{}&#8221;]<\/p>\n<h2>La nostra storia<\/h2>\n<p>[\/et_pb_text][\/et_pb_column][\/et_pb_row][et_pb_row _builder_version=&#8221;4.21.0&#8243; _module_preset=&#8221;default&#8221; global_colors_info=&#8221;{}&#8221;][et_pb_column type=&#8221;4_4&#8243; _builder_version=&#8221;4.21.0&#8243; _module_preset=&#8221;default&#8221; global_colors_info=&#8221;{}&#8221;][dipi_timeline _builder_version=&#8221;4.27.5&#8243; _module_preset=&#8221;default&#8221; hover_enabled=&#8221;0&#8243; global_colors_info=&#8221;{}&#8221; sticky_enabled=&#8221;0&#8243;][dipi_timeline_item title=&#8221;1845&#8243; _builder_version=&#8221;4.21.0&#8243; _module_preset=&#8221;default&#8221; global_colors_info=&#8221;{}&#8221;]<\/p>\n<p>A quest&#8217;anno risalgono le origini documentate di ARCAS OLL\u00c9, quando Pablo Corcelles Vall\u00e9s si stabil\u00ec come fabbro a Vallbona d&#8217;Anoia (Barcellona) e fond\u00f2 una piccola bottega di fabbro dove realizz\u00f2 artigianalmente le prime serrature a chiave.<\/p>\n<p>[\/dipi_timeline_item][dipi_timeline_item title=&#8221;1901&#8243; _builder_version=&#8221;4.21.0&#8243; _module_preset=&#8221;default&#8221; global_colors_info=&#8221;{}&#8221;]<\/p>\n<p>Venanci Oll\u00e9 Viladiu, marito di Mar\u00eda Corcelles Sabat\u00e9, prese le redini dell&#8217;attivit\u00e0 di famiglia, dove oltre ai compiti propri della carpenteria metallica e della ferramenta, evolse e perfezion\u00f2 le serrature a gorges.<\/p>\n<p>[\/dipi_timeline_item][dipi_timeline_item title=&#8221;1929&#8243; _builder_version=&#8221;4.21.0&#8243; _module_preset=&#8221;default&#8221; global_colors_info=&#8221;{}&#8221;]<\/p>\n<p>La seconda generazione della famiglia Oll\u00e9 prende il testimone con Juan Oll\u00e9 Corcelles, che inizia a fabbricare le prime casseforti e combinazioni meccaniche, trasformando cos\u00ec l&#8217;azienda in pioniera nel mercato spagnolo della sicurezza fisica.<\/p>\n<p>[\/dipi_timeline_item][dipi_timeline_item title=&#8221;1963&#8243; _builder_version=&#8221;4.21.0&#8243; _module_preset=&#8221;default&#8221; global_colors_info=&#8221;{}&#8221;]<\/p>\n<p>Inizia l&#8217;espansione in ambito nazionale e internazionale del marchio ARCAS OLL\u00c9 per mano di Venanci Oll\u00e9 Sabate, con la fabbricazione in serie di casseforti a muro, casseforti per mobili, armadi blindati e lo sviluppo delle serrature a combinazione variabile a tre dischi.<\/p>\n<p>[\/dipi_timeline_item][dipi_timeline_item title=&#8221;1995&#8243; _builder_version=&#8221;4.27.4&#8243; _module_preset=&#8221;default&#8221; hover_enabled=&#8221;0&#8243; global_colors_info=&#8221;{}&#8221; sticky_enabled=&#8221;0&#8243;]<\/p>\n<p>La quarta generazione della famiglia Oll\u00e9, formata dai fratelli Maria Teresa, Joan, Maria Ant\u00f2nia, Miquel e Xavier, si pone alla guida dell&#8217;azienda con il difficile compito di consolidare il marchio. Durante questo periodo, sono state lanciate sul mercato nuove e innovative serie di casseforti applicando la tecnologia laser e sono state sviluppate casseforti autonome di grado III e IV secondo la norma UNE EN-1143-1. <\/p>\n<p>[\/dipi_timeline_item][dipi_timeline_item title=&#8221;2025&#8243; alt=&#8221;180 anni di Arcas Oll\u00e9, dal 1845&#8243; content_tablet=&#8221;<\/p>\n<p>\u00a0<\/p>\n<p><img src=%22https:\/\/arcasolle.dms3labs.cat\/wp-content\/uploads\/2026\/01\/arcas-olle-dark-completa-ca.svg%22 width=%22300%22 height=%22300%22 alt=%22180 anys de Arcas Oll\u00e9, des de 1845%22 class=%22wp-image-28610 alignnone size-medium%22 \/><\/p>\n<p>&#8221; content_phone=&#8221;<\/p>\n<p>&nbsp;<\/p>\n<p><img src=%22https:\/\/arcasolle.dms3labs.cat\/wp-content\/uploads\/2026\/01\/arcas-olle-dark-completa-vertical-en.svg%22 width=%22300%22 height=%22300%22 alt=%22180 anni di Arcas Oll\u00e9, dal 1845%22 class=%22wp-image-28614 alignnone size-medium%22><\/p>\n<p>&#8221; content_last_edited=&#8221;on|phone&#8221; image_tablet=&#8221;https:\/\/arcasolle.dms3labs.cat\/wp-content\/uploads\/2026\/01\/arcas-olle-dark-completa-en.svg&#8221; image_phone=&#8221;https:\/\/arcasolle.dms3labs.cat\/wp-content\/uploads\/2026\/01\/arcas-olle-dark-completa-vertical-en.svg&#8221; image_last_edited=&#8221;off|desktop&#8221; _builder_version=&#8221;4.27.5&#8243; _module_preset=&#8221;default&#8221; hover_enabled=&#8221;0&#8243; custom_css_timeline_item_image=&#8221;width:300px;||max-width:100%;&#8221; global_colors_info=&#8221;{}&#8221; sticky_enabled=&#8221;0&#8243;]<\/p>\n<p>&nbsp;<\/p>\n<p><img decoding=\"async\" src=\"https:\/\/arcasolle.dms3labs.cat\/wp-content\/uploads\/2026\/01\/arcas-olle-dark-completa-en.svg\" width=\"300\" height=\"300\" alt=\"180 anni di Arcas Oll\u00e9, dal 1845\" class=\"wp-image-28610 alignnone size-medium\"><\/p>\n<p>[\/dipi_timeline_item][\/dipi_timeline][\/et_pb_column][\/et_pb_row][\/et_pb_section]<\/p>\n","protected":false},"excerpt":{"rendered":"<p>La nostra aziendaARCAS OLL\u00c9 \u00e8 un&#8217;azienda familiare dedicata alla produzione di casseforti dal 1845. Attualmente, la quarta generazione della famiglia \u00e8 alla guida dell&#8217;azienda e ha il fermo impegno di tutelare il prestigio del marchio ARCAS OLL\u00c9. Come azienda leader nel settore, sentiamo la necessit\u00e0 di innovare continuamente e applicare le ultime tecnologie nei processi [&hellip;]<\/p>\n","protected":false},"author":2,"featured_media":0,"parent":0,"menu_order":0,"comment_status":"closed","ping_status":"closed","template":"","meta":{"_et_pb_use_builder":"on","_et_pb_old_content":"","_et_gb_content_width":"","footnotes":""},"dipi_cpt_category":[],"class_list":["post-29207","page","type-page","status-publish","hentry"],"_links":{"self":[{"href":"https:\/\/arcasolle.dms3labs.cat\/it\/wp-json\/wp\/v2\/pages\/29207","targetHints":{"allow":["GET"]}}],"collection":[{"href":"https:\/\/arcasolle.dms3labs.cat\/it\/wp-json\/wp\/v2\/pages"}],"about":[{"href":"https:\/\/arcasolle.dms3labs.cat\/it\/wp-json\/wp\/v2\/types\/page"}],"author":[{"embeddable":true,"href":"https:\/\/arcasolle.dms3labs.cat\/it\/wp-json\/wp\/v2\/users\/2"}],"replies":[{"embeddable":true,"href":"https:\/\/arcasolle.dms3labs.cat\/it\/wp-json\/wp\/v2\/comments?post=29207"}],"version-history":[{"count":6,"href":"https:\/\/arcasolle.dms3labs.cat\/it\/wp-json\/wp\/v2\/pages\/29207\/revisions"}],"predecessor-version":[{"id":31125,"href":"https:\/\/arcasolle.dms3labs.cat\/it\/wp-json\/wp\/v2\/pages\/29207\/revisions\/31125"}],"wp:attachment":[{"href":"https:\/\/arcasolle.dms3labs.cat\/it\/wp-json\/wp\/v2\/media?parent=29207"}],"wp:term":[{"taxonomy":"dipi_cpt_category","embeddable":true,"href":"https:\/\/arcasolle.dms3labs.cat\/it\/wp-json\/wp\/v2\/dipi_cpt_category?post=29207"}],"curies":[{"name":"wp","href":"https:\/\/api.w.org\/{rel}","templated":true}]}}