{"id":28879,"date":"2026-01-08T12:10:05","date_gmt":"2026-01-08T10:10:05","guid":{"rendered":"https:\/\/arcasolle.dms3labs.cat\/coffres-forts-1845\/"},"modified":"2026-01-16T13:28:34","modified_gmt":"2026-01-16T11:28:34","slug":"sobre-olle","status":"publish","type":"page","link":"https:\/\/arcasolle.dms3labs.cat\/fr\/sobre-olle\/","title":{"rendered":"\u00c0 propos d&#8217;Oll\u00e9"},"content":{"rendered":"<p>[et_pb_section fb_built=&#8221;1&#8243; _builder_version=&#8221;4.21.0&#8243; _module_preset=&#8221;default&#8221; background_color=&#8221;#000000&#8243; custom_margin=&#8221;0px|0px|0px|0px|false|false&#8221; custom_padding=&#8221;0px|0px|0px|0px|false|false&#8221; global_colors_info=&#8221;{}&#8221;][et_pb_row _builder_version=&#8221;4.21.0&#8243; _module_preset=&#8221;default&#8221; custom_padding=&#8221;0px||0px||false|false&#8221; global_colors_info=&#8221;{}&#8221;][et_pb_column type=&#8221;4_4&#8243; _builder_version=&#8221;4.18.0&#8243; _module_preset=&#8221;default&#8221; global_colors_info=&#8221;{}&#8221;][et_pb_code _builder_version=&#8221;4.21.0&#8243; _module_preset=&#8221;default&#8221; global_colors_info=&#8221;{}&#8221;]<iframe width=\"auto\" height=\"150\" src=\"https:\/\/www.youtube.com\/embed\/LsFrbUZd0jg?si=BJV0GJpyhnuVWvwP&amp;autoplay=1&amp;controls=1&amp;disablekb=1&amp;enablejsapi=1&amp;fs=0&amp;iv_load_policy=3&amp;loop=1&amp;modestbranding=1&amp;mute=1\" title=\"Lecteur vid\u00e9o YouTube\" frameborder=\"0\" allow=\"accelerometer; autoplay; clipboard-write; encrypted-media; gyroscope; picture-in-picture; web-share\" allowfullscreen=\"\"><\/iframe>[\/et_pb_code][\/et_pb_column][\/et_pb_row][\/et_pb_section][et_pb_section fb_built=&#8221;1&#8243; _builder_version=&#8221;4.21.0&#8243; _module_preset=&#8221;default&#8221; background_color=&#8221;#E3E3E1&#8243; global_colors_info=&#8221;{}&#8221;][et_pb_row column_structure=&#8221;3_5,2_5&#8243; _builder_version=&#8221;4.21.0&#8243; _module_preset=&#8221;e89263f0-9fdb-4971-abde-cbc602200fc5&#8243; global_colors_info=&#8221;{}&#8221;][et_pb_column type=&#8221;3_5&#8243; _builder_version=&#8221;4.18.0&#8243; _module_preset=&#8221;default&#8221; global_colors_info=&#8221;{}&#8221;][et_pb_text _builder_version=&#8221;4.21.0&#8243; _module_preset=&#8221;29a7246a-6bcb-4ecd-913b-f8c2124aae5c&#8221; global_colors_info=&#8221;{}&#8221;]<\/p>\n<h1>Notre entreprise<\/h1>\n<p>[\/et_pb_text][\/et_pb_column][et_pb_column type=&#8221;2_5&#8243; _builder_version=&#8221;4.18.0&#8243; _module_preset=&#8221;default&#8221; global_colors_info=&#8221;{}&#8221;][\/et_pb_column][\/et_pb_row][et_pb_row column_structure=&#8221;3_4,1_4&#8243; _builder_version=&#8221;4.21.0&#8243; _module_preset=&#8221;default&#8221; global_colors_info=&#8221;{}&#8221;][et_pb_column type=&#8221;3_4&#8243; _builder_version=&#8221;4.18.0&#8243; _module_preset=&#8221;default&#8221; global_colors_info=&#8221;{}&#8221;][et_pb_text _builder_version=&#8221;4.27.4&#8243; _module_preset=&#8221;29a7246a-6bcb-4ecd-913b-f8c2124aae5c&#8221; global_colors_info=&#8221;{}&#8221;]<\/p>\n<p><strong>ARCAS OLL\u00c9<\/strong> est une entreprise familiale d\u00e9di\u00e9e \u00e0 la fabrication de coffres-forts depuis <strong>1845<\/strong>. Actuellement, la quatri\u00e8me g\u00e9n\u00e9ration de la famille est \u00e0 la t\u00eate de l&#8217;entreprise et a le ferme engagement de veiller au prestige de la marque ARCAS OLL\u00c9. <\/p>\n<p>En tant qu&#8217;entreprise <strong>leader dans le secteur<\/strong>, nous avons la n\u00e9cessit\u00e9 d&#8217;innover continuellement et d&#8217;appliquer les derni\u00e8res technologies dans les processus de fabrication.<\/p>\n<p>Les d\u00e9fis que nous pr\u00e9sente l&#8217;avenir, dans un march\u00e9 mondialis\u00e9 et en constante \u00e9volution, sont un stimulant pour continuer \u00e0 d\u00e9velopper de nouveaux produits qui couvrent les besoins de nos clients. Dans ce sens, nous mettons notre d\u00e9partement de R&amp;D \u00e0 votre disposition pour <strong>trouver une solution<\/strong> \u00e0 vos demandes dans le domaine de la s\u00e9curit\u00e9 physique. <\/p>\n<p>[\/et_pb_text][\/et_pb_column][et_pb_column type=&#8221;1_4&#8243; _builder_version=&#8221;4.18.0&#8243; _module_preset=&#8221;default&#8221; custom_padding=&#8221;0px|0px|0px|0px|false|false&#8221; global_colors_info=&#8221;{}&#8221;][et_pb_image src=&#8221;https:\/\/arcasolle.dms3labs.cat\/wp-content\/uploads\/2026\/01\/arcas-olle-dark-completa-vertical-es.svg&#8221; alt=&#8221;180 ans d&#039;Arcas Oll\u00e9, depuis 1845&#8243; title_text=&#8221;180 ans d&#039;Arcas Oll\u00e9, depuis 1845&#8243; src_tablet=&#8221;https:\/\/arcasolle.dms3labs.cat\/wp-content\/uploads\/2026\/01\/arcas-olle-dark-completa-es.svg&#8221; src_phone=&#8221;https:\/\/arcasolle.dms3labs.cat\/wp-content\/uploads\/2026\/01\/arcas-olle-dark-completa-es.svg&#8221; src_last_edited=&#8221;on|tablet&#8221; _builder_version=&#8221;4.27.4&#8243; _module_preset=&#8221;default&#8221; global_colors_info=&#8221;{}&#8221;][\/et_pb_image][\/et_pb_column][\/et_pb_row][et_pb_row column_structure=&#8221;1_2,1_2&#8243; _builder_version=&#8221;4.21.0&#8243; _module_preset=&#8221;default&#8221; global_colors_info=&#8221;{}&#8221;][et_pb_column type=&#8221;1_2&#8243; _builder_version=&#8221;4.18.0&#8243; _module_preset=&#8221;default&#8221; global_colors_info=&#8221;{}&#8221;][et_pb_image src=&#8221;https:\/\/arcasolle.dms3labs.cat\/wp-content\/uploads\/2022\/10\/empresa-e1685432284403.png&#8221; alt=&#8221;Pr\u00e9sentation d&#039;Arcas Oll\u00e9&#8221; title_text=&#8221;Pr\u00e9sentation d&#039;Arcas Oll\u00e9&#8221; _builder_version=&#8221;4.21.0&#8243; _module_preset=&#8221;default&#8221; global_colors_info=&#8221;{}&#8221;][\/et_pb_image][\/et_pb_column][et_pb_column type=&#8221;1_2&#8243; _builder_version=&#8221;4.18.0&#8243; _module_preset=&#8221;default&#8221; custom_padding=&#8221;0px|0px|0px|0px|false|false&#8221; global_colors_info=&#8221;{}&#8221;][et_pb_text _builder_version=&#8221;4.21.0&#8243; _module_preset=&#8221;29a7246a-6bcb-4ecd-913b-f8c2124aae5c&#8221; global_colors_info=&#8221;{}&#8221;]<\/p>\n<h2>Qualit\u00e9, innovation et service<\/h2>\n<p>Nos coffres-forts ont \u00e9t\u00e9 soumis \u00e0 des essais rigoureux pr\u00e9vus par la norme UNE EN-1143 et ont obtenu les certifications correspondantes dans leurs diff\u00e9rents degr\u00e9s de r\u00e9sistance.<\/p>\n<p><strong>La qualit\u00e9, l&#8217;innovation et le service<\/strong> sont les piliers de notre entreprise, sans lesquels nous ne pourrions pas m\u00e9riter la confiance que tous nos clients nous accordent.<\/p>\n<p>Depuis 2005, nous disposons de nouvelles installations de 8 500 m\u00b2 de surface, situ\u00e9es pr\u00e8s de Barcelone, dans une zone strat\u00e9giquement id\u00e9ale pour la logistique de nos produits et o\u00f9 nous centralisons tous les d\u00e9partements de l&#8217;entreprise.[\/et_pb_text][\/et_pb_column][\/et_pb_row][et_pb_row _builder_version=&#8221;4.21.0&#8243; _module_preset=&#8221;default&#8221; global_colors_info=&#8221;{}&#8221;][et_pb_column type=&#8221;4_4&#8243; _builder_version=&#8221;4.18.0&#8243; _module_preset=&#8221;default&#8221; custom_padding=&#8221;0px|0px|0px|0px|false|false&#8221; global_colors_info=&#8221;{}&#8221;][et_pb_text _builder_version=&#8221;4.27.5&#8243; _module_preset=&#8221;29a7246a-6bcb-4ecd-913b-f8c2124aae5c&#8221; global_colors_info=&#8221;{}&#8221;]<\/p>\n<p>En juillet 2018, notre entreprise a obtenu le certificat ISO 9001:2015 des syst\u00e8mes de gestion de la qualit\u00e9, que vous pouvez consulter via le lien suivant : <a href=\"https:\/\/arcasolle.dms3labs.cat\/wp-content\/uploads\/2024\/09\/certificado-iso-9001-2015-arcas-olle-es.pdf\" target=\"_blank\" rel=\"noopener\"><span style=\"text-decoration: underline;\">certificat ISO 9001:2015<\/span><\/a>. Pour cette raison, nous mettons \u00e9galement \u00e0 votre disposition notre politique de qualit\u00e9 dans le lien suivant : <span style=\"text-decoration: underline;\"><a href=\"https:\/\/arcasolle.dms3labs.cat\/fr\/politica-calidad\/\" target=\"_blank\" rel=\"noopener\">politique de qualit\u00e9<\/a><\/span>. <\/p>\n<p>[\/et_pb_text][\/et_pb_column][\/et_pb_row][\/et_pb_section][et_pb_section fb_built=&#8221;1&#8243; _builder_version=&#8221;4.18.0&#8243; _module_preset=&#8221;default&#8221; global_colors_info=&#8221;{}&#8221;][et_pb_row _builder_version=&#8221;4.21.0&#8243; _module_preset=&#8221;default&#8221; global_colors_info=&#8221;{}&#8221;][et_pb_column type=&#8221;4_4&#8243; _builder_version=&#8221;4.18.0&#8243; _module_preset=&#8221;default&#8221; global_colors_info=&#8221;{}&#8221;][et_pb_text _builder_version=&#8221;4.27.4&#8243; _module_preset=&#8221;29a7246a-6bcb-4ecd-913b-f8c2124aae5c&#8221; global_colors_info=&#8221;{}&#8221;]<\/p>\n<h2>Notre histoire<\/h2>\n<p>[\/et_pb_text][\/et_pb_column][\/et_pb_row][et_pb_row _builder_version=&#8221;4.21.0&#8243; _module_preset=&#8221;default&#8221; global_colors_info=&#8221;{}&#8221;][et_pb_column type=&#8221;4_4&#8243; _builder_version=&#8221;4.21.0&#8243; _module_preset=&#8221;default&#8221; global_colors_info=&#8221;{}&#8221;][dipi_timeline _builder_version=&#8221;4.27.5&#8243; _module_preset=&#8221;default&#8221; hover_enabled=&#8221;0&#8243; global_colors_info=&#8221;{}&#8221; sticky_enabled=&#8221;0&#8243;][dipi_timeline_item title=&#8221;1845&#8243; _builder_version=&#8221;4.21.0&#8243; _module_preset=&#8221;default&#8221; global_colors_info=&#8221;{}&#8221;]<\/p>\n<p>De cette ann\u00e9e datent les origines document\u00e9es d&#8217;ARCAS OLL\u00c9, lorsque Pablo Corcelles Vall\u00e9s s&#8217;est \u00e9tabli comme serrurier \u00e0 Vallbona d&#8217;Anoia (Barcelone) et a fond\u00e9 un petit atelier de serrurerie o\u00f9 il a fabriqu\u00e9 artisanalement les premi\u00e8res serrures \u00e0 cl\u00e9.<\/p>\n<p>[\/dipi_timeline_item][dipi_timeline_item title=&#8221;1901&#8243; _builder_version=&#8221;4.21.0&#8243; _module_preset=&#8221;default&#8221; global_colors_info=&#8221;{}&#8221;]<\/p>\n<p>Venanci Oll\u00e9 Viladiu, \u00e9poux de Mar\u00eda Corcelles Sabat\u00e9, a repris les r\u00eanes de l&#8217;entreprise familiale, o\u00f9, outre les t\u00e2ches propres \u00e0 la serrurerie et \u00e0 la ferronnerie, il a fait \u00e9voluer et perfectionn\u00e9 les serrures \u00e0 gorges.<\/p>\n<p>[\/dipi_timeline_item][dipi_timeline_item title=&#8221;1929&#8243; _builder_version=&#8221;4.21.0&#8243; _module_preset=&#8221;default&#8221; global_colors_info=&#8221;{}&#8221;]<\/p>\n<p>La deuxi\u00e8me g\u00e9n\u00e9ration de la famille Oll\u00e9 prend le relais avec Juan Oll\u00e9 Corcelles, qui commence \u00e0 fabriquer les premiers coffres-forts et combinaisons m\u00e9caniques, faisant ainsi de l&#8217;entreprise un pionnier sur le march\u00e9 espagnol de la s\u00e9curit\u00e9 physique.<\/p>\n<p>[\/dipi_timeline_item][dipi_timeline_item title=&#8221;1963&#8243; _builder_version=&#8221;4.21.0&#8243; _module_preset=&#8221;default&#8221; global_colors_info=&#8221;{}&#8221;]<\/p>\n<p>L&#8217;expansion au niveau national et international de la marque ARCAS OLL\u00c9 commence avec Venanci Oll\u00e9 Sabate, avec la fabrication en s\u00e9rie de coffres-forts \u00e0 encastrer, de coffres-forts pour meubles, d&#8217;armoires blind\u00e9es et le d\u00e9veloppement de serrures \u00e0 combinaison variable \u00e0 trois disques.<\/p>\n<p>[\/dipi_timeline_item][dipi_timeline_item title=&#8221;1995&#8243; _builder_version=&#8221;4.27.4&#8243; _module_preset=&#8221;default&#8221; hover_enabled=&#8221;0&#8243; global_colors_info=&#8221;{}&#8221; sticky_enabled=&#8221;0&#8243;]<\/p>\n<p>La quatri\u00e8me g\u00e9n\u00e9ration de la famille Oll\u00e9, form\u00e9e par les fr\u00e8res et s\u0153urs Maria Teresa, Joan, Maria Ant\u00f2nia, Miquel et Xavier, prend la t\u00eate de l&#8217;entreprise avec la difficile t\u00e2che de consolider la marque. Au cours de cette p\u00e9riode, de nouvelles s\u00e9ries innovantes de coffres-forts ont \u00e9t\u00e9 lanc\u00e9es sur le march\u00e9 en appliquant la technologie laser et des coffres de s\u00e9curit\u00e9 autonomes de grade III et IV ont \u00e9t\u00e9 d\u00e9velopp\u00e9s conform\u00e9ment \u00e0 la norme UNE EN-1143-1. <\/p>\n<p>[\/dipi_timeline_item][dipi_timeline_item title=&#8221;2025&#8243; alt=&#8221;180 ans d&#039;Arcas Oll\u00e9, depuis 1845&#8243; content_tablet=&#8221;<\/p>\n<p>\u00a0<\/p>\n<p><img src=%22https:\/\/arcasolle.dms3labs.cat\/wp-content\/uploads\/2026\/01\/arcas-olle-dark-completa-ca.svg%22 width=%22300%22 height=%22300%22 alt=%22180 anys de Arcas Oll\u00e9, des de 1845%22 class=%22wp-image-28610 alignnone size-medium%22 \/><\/p>\n<p>&#8221; content_phone=&#8221;<\/p>\n<p>&nbsp;<\/p>\n<p><img src=%22https:\/\/arcasolle.dms3labs.cat\/wp-content\/uploads\/2026\/01\/arcas-olle-dark-completa-vertical-es.svg%22 width=%22300%22 height=%22300%22 alt=%22180 ans d&apos;Arcas Oll\u00e9, depuis 1845%22 class=%22wp-image-28614 alignnone size-medium%22><\/p>\n<p>&#8221; content_last_edited=&#8221;on|phone&#8221; image_tablet=&#8221;https:\/\/arcasolle.dms3labs.cat\/wp-content\/uploads\/2026\/01\/arcas-olle-dark-completa-es.svg&#8221; image_phone=&#8221;https:\/\/arcasolle.dms3labs.cat\/wp-content\/uploads\/2026\/01\/arcas-olle-dark-completa-vertical-es.svg&#8221; image_last_edited=&#8221;off|desktop&#8221; _builder_version=&#8221;4.27.5&#8243; _module_preset=&#8221;default&#8221; hover_enabled=&#8221;0&#8243; custom_css_timeline_item_image=&#8221;width:300px;||max-width:100%;&#8221; global_colors_info=&#8221;{}&#8221; sticky_enabled=&#8221;0&#8243;]<\/p>\n<p>&nbsp;<\/p>\n<p><img decoding=\"async\" src=\"https:\/\/arcasolle.dms3labs.cat\/wp-content\/uploads\/2026\/01\/arcas-olle-dark-completa-es.svg\" width=\"300\" height=\"300\" alt=\"180 ans d'Arcas Oll\u00e9, depuis 1845\" class=\"wp-image-28610 alignnone size-medium\"><\/p>\n<p>[\/dipi_timeline_item][\/dipi_timeline][\/et_pb_column][\/et_pb_row][\/et_pb_section]<\/p>\n","protected":false},"excerpt":{"rendered":"<p>Notre entrepriseARCAS OLL\u00c9 est une entreprise familiale d\u00e9di\u00e9e \u00e0 la fabrication de coffres-forts depuis 1845. Actuellement, la quatri\u00e8me g\u00e9n\u00e9ration de la famille est \u00e0 la t\u00eate de l&#8217;entreprise et a le ferme engagement de veiller au prestige de la marque ARCAS OLL\u00c9. En tant qu&#8217;entreprise leader dans le secteur, nous avons la n\u00e9cessit\u00e9 d&#8217;innover continuellement [&hellip;]<\/p>\n","protected":false},"author":2,"featured_media":0,"parent":0,"menu_order":0,"comment_status":"closed","ping_status":"closed","template":"","meta":{"_et_pb_use_builder":"on","_et_pb_old_content":"","_et_gb_content_width":"","footnotes":""},"dipi_cpt_category":[],"class_list":["post-28879","page","type-page","status-publish","hentry"],"_links":{"self":[{"href":"https:\/\/arcasolle.dms3labs.cat\/fr\/wp-json\/wp\/v2\/pages\/28879","targetHints":{"allow":["GET"]}}],"collection":[{"href":"https:\/\/arcasolle.dms3labs.cat\/fr\/wp-json\/wp\/v2\/pages"}],"about":[{"href":"https:\/\/arcasolle.dms3labs.cat\/fr\/wp-json\/wp\/v2\/types\/page"}],"author":[{"embeddable":true,"href":"https:\/\/arcasolle.dms3labs.cat\/fr\/wp-json\/wp\/v2\/users\/2"}],"replies":[{"embeddable":true,"href":"https:\/\/arcasolle.dms3labs.cat\/fr\/wp-json\/wp\/v2\/comments?post=28879"}],"version-history":[{"count":34,"href":"https:\/\/arcasolle.dms3labs.cat\/fr\/wp-json\/wp\/v2\/pages\/28879\/revisions"}],"predecessor-version":[{"id":30754,"href":"https:\/\/arcasolle.dms3labs.cat\/fr\/wp-json\/wp\/v2\/pages\/28879\/revisions\/30754"}],"wp:attachment":[{"href":"https:\/\/arcasolle.dms3labs.cat\/fr\/wp-json\/wp\/v2\/media?parent=28879"}],"wp:term":[{"taxonomy":"dipi_cpt_category","embeddable":true,"href":"https:\/\/arcasolle.dms3labs.cat\/fr\/wp-json\/wp\/v2\/dipi_cpt_category?post=28879"}],"curies":[{"name":"wp","href":"https:\/\/api.w.org\/{rel}","templated":true}]}}