{"id":27873,"date":"2025-08-01T13:13:29","date_gmt":"2025-08-01T11:13:29","guid":{"rendered":"https:\/\/arcasolle.dms3labs.cat\/politique-cookies-2\/"},"modified":"2026-01-16T13:28:34","modified_gmt":"2026-01-16T11:28:34","slug":"politica-cookies-2","status":"publish","type":"page","link":"https:\/\/arcasolle.dms3labs.cat\/fr\/politica-cookies-2\/","title":{"rendered":"Politique de cookies"},"content":{"rendered":"<p>[et_pb_section fb_built=&#8221;1&#8243; _builder_version=&#8221;4.16&#8243; global_colors_info=&#8221;{}&#8221;][et_pb_row _builder_version=&#8221;4.16&#8243; background_size=&#8221;initial&#8221; background_position=&#8221;top_left&#8221; background_repeat=&#8221;repeat&#8221; global_colors_info=&#8221;{}&#8221;][et_pb_column type=&#8221;4_4&#8243; _builder_version=&#8221;4.16&#8243; custom_padding=&#8221;|||&#8221; global_colors_info=&#8221;{}&#8221; custom_padding__hover=&#8221;|||&#8221;][et_pb_text _builder_version=&#8221;4.27.4&#8243; background_size=&#8221;initial&#8221; background_position=&#8221;top_left&#8221; background_repeat=&#8221;repeat&#8221; hover_enabled=&#8221;0&#8243; global_colors_info=&#8221;{}&#8221; sticky_enabled=&#8221;0&#8243;]<\/p>\n<h1>Politique de cookies<\/h1>\n<p>Cette politique de cookies explique ce que sont les cookies et comment nous les utilisons. Vous devriez lire cette politique pour comprendre ce que sont les cookies, comment nous les utilisons, les types de cookies que nous utilisons, c\u2019est-\u00e0-dire les informations que nous recueillons \u00e0 l\u2019aide de cookies, comment ces informations sont utilis\u00e9es et comment contr\u00f4ler les pr\u00e9f\u00e9rences en mati\u00e8re de cookies. Pour plus d\u2019informations sur la fa\u00e7on dont nous utilisons, stockons et prot\u00e9geons vos donn\u00e9es personnelles, veuillez consulter notre <a href=\"https:\/\/arcasolle.dms3labs.cat\/fr\/politica-privacidad\/\">Politique de confidentialit\u00e9<\/a>.  <\/p>\n<p>Vous pouvez \u00e0 tout moment modifier ou retirer votre consentement \u00e0 la d\u00e9claration de cookies sur notre site web. Pour en savoir plus sur qui nous sommes, comment vous pouvez nous contacter et comment nous traitons les donn\u00e9es personnelles, consultez notre <a href=\"https:\/\/arcasolle.dms3labs.cat\/fr\/politica-privacidad\/\">Politique de confidentialit\u00e9<\/a>. Votre consentement s\u2019applique aux domaines suivants : www.arcasolle.com <br \/>[user_consent_state]<\/p>\n<h3><\/h3>\n<h3>Que sont les cookies&nbsp;?<\/h3>\n<div>Les cookies sont de petits fichiers texte utilis\u00e9s pour stocker de petits \u00e9l\u00e9ments d\u2019information. Les cookies sont stock\u00e9s sur votre appareil lorsque vous chargez le site web dans votre navigateur. Ces cookies nous aident \u00e0 faire fonctionner correctement le site web, \u00e0 le rendre plus s\u00fbr, \u00e0 offrir une meilleure exp\u00e9rience utilisateur et \u00e0 comprendre comment il fonctionne, ainsi qu\u2019\u00e0 analyser ce qui fonctionne et ce qui doit \u00eatre am\u00e9lior\u00e9.  <\/div>\n<h3><\/h3>\n<h3>Comment utilisons-nous les cookies&nbsp;?<\/h3>\n<div>Comme la plupart des services en ligne, notre site web utilise des cookies de premi\u00e8re partie et des cookies tiers \u00e0 diverses fins. Les cookies de premi\u00e8re partie sont principalement n\u00e9cessaires au bon fonctionnement du site web et ne recueillent aucune donn\u00e9e personnelle permettant de vous identifier. Les cookies tiers utilis\u00e9s sur nos sites web servent principalement \u00e0 comprendre le fonctionnement du site web, la fa\u00e7on dont vous interagissez avec lui, \u00e0 assurer la s\u00e9curit\u00e9 de nos services, \u00e0 fournir des publicit\u00e9s qui vous sont pertinentes et, en fin de compte, \u00e0 vous offrir une exp\u00e9rience utilisateur am\u00e9lior\u00e9e et \u00e0 vous aider \u00e0 acc\u00e9l\u00e9rer vos interactions futures avec notre site web.  <\/div>\n<h3><\/h3>\n<h3>Quels types de cookies utilisons-nous&nbsp;?<\/h3>\n<div>La liste suivante d\u00e9taille les cookies utilis\u00e9s sur notre site web.<\/div>\n<div>\n<p>[wcc_category_list]<\/p>\n<p>&nbsp;<\/p>\n<div><\/div>\n<\/div>\n<h3><\/h3>\n<h3>Comment puis-je contr\u00f4ler les pr\u00e9f\u00e9rences en mati\u00e8re de cookies&nbsp;?<\/h3>\n<div>\n<p>Vous pouvez g\u00e9rer vos pr\u00e9f\u00e9rences en mati\u00e8re de cookies en cliquant sur le bouton \u00ab&nbsp;Param\u00e8tres&nbsp;\u00bb et en activant ou d\u00e9sactivant les cat\u00e9gories de cookies dans la fen\u00eatre contextuelle en fonction de vos pr\u00e9f\u00e9rences. Si vous d\u00e9cidez de modifier vos pr\u00e9f\u00e9rences ult\u00e9rieurement au cours de votre session de navigation, vous pouvez cliquer sur l\u2019onglet \u00ab&nbsp;G\u00e9rer le consentement&nbsp;\u00bb de votre \u00e9cran. Cela affichera \u00e0 nouveau l\u2019avis de consentement, vous permettant de modifier vos pr\u00e9f\u00e9rences ou de retirer compl\u00e8tement votre consentement.  <\/p>\n<p>En outre, les diff\u00e9rents navigateurs offrent diff\u00e9rentes m\u00e9thodes pour bloquer et supprimer les cookies utilis\u00e9s par les sites web. Vous pouvez modifier les param\u00e8tres de votre navigateur pour bloquer\/supprimer les cookies. Pour en savoir plus sur la gestion et la suppression des cookies, consultez&nbsp;: wikipedia.org, www.allaboutcookies.org.  <\/p>\n<\/div>\n<p>[\/et_pb_text][\/et_pb_column][\/et_pb_row][\/et_pb_section]<\/p>\n","protected":false},"excerpt":{"rendered":"<p>Politique de cookies Cette politique de cookies explique ce que sont les cookies et comment nous les utilisons. Vous devriez lire cette politique pour comprendre ce que sont les cookies, comment nous les utilisons, les types de cookies que nous utilisons, c\u2019est-\u00e0-dire les informations que nous recueillons \u00e0 l\u2019aide de cookies, comment ces informations sont [&hellip;]<\/p>\n","protected":false},"author":2,"featured_media":0,"parent":0,"menu_order":0,"comment_status":"closed","ping_status":"closed","template":"","meta":{"_et_pb_use_builder":"on","_et_pb_old_content":"","_et_gb_content_width":"","footnotes":""},"dipi_cpt_category":[],"class_list":["post-27873","page","type-page","status-publish","hentry"],"_links":{"self":[{"href":"https:\/\/arcasolle.dms3labs.cat\/fr\/wp-json\/wp\/v2\/pages\/27873","targetHints":{"allow":["GET"]}}],"collection":[{"href":"https:\/\/arcasolle.dms3labs.cat\/fr\/wp-json\/wp\/v2\/pages"}],"about":[{"href":"https:\/\/arcasolle.dms3labs.cat\/fr\/wp-json\/wp\/v2\/types\/page"}],"author":[{"embeddable":true,"href":"https:\/\/arcasolle.dms3labs.cat\/fr\/wp-json\/wp\/v2\/users\/2"}],"replies":[{"embeddable":true,"href":"https:\/\/arcasolle.dms3labs.cat\/fr\/wp-json\/wp\/v2\/comments?post=27873"}],"version-history":[{"count":7,"href":"https:\/\/arcasolle.dms3labs.cat\/fr\/wp-json\/wp\/v2\/pages\/27873\/revisions"}],"predecessor-version":[{"id":30769,"href":"https:\/\/arcasolle.dms3labs.cat\/fr\/wp-json\/wp\/v2\/pages\/27873\/revisions\/30769"}],"wp:attachment":[{"href":"https:\/\/arcasolle.dms3labs.cat\/fr\/wp-json\/wp\/v2\/media?parent=27873"}],"wp:term":[{"taxonomy":"dipi_cpt_category","embeddable":true,"href":"https:\/\/arcasolle.dms3labs.cat\/fr\/wp-json\/wp\/v2\/dipi_cpt_category?post=27873"}],"curies":[{"name":"wp","href":"https:\/\/api.w.org\/{rel}","templated":true}]}}