{"id":23205,"date":"2023-06-20T12:41:55","date_gmt":"2023-06-20T10:41:55","guid":{"rendered":"https:\/\/www.arcas-olle.com\/accessibilite\/"},"modified":"2026-01-16T13:30:00","modified_gmt":"2026-01-16T11:30:00","slug":"accesibilidad","status":"publish","type":"page","link":"https:\/\/arcasolle.dms3labs.cat\/fr\/accesibilidad\/","title":{"rendered":"Accessibilit\u00e9"},"content":{"rendered":"<p>[et_pb_section fb_built=&#8221;1&#8243; theme_builder_area=&#8221;post_content&#8221; _builder_version=&#8221;4.21.0&#8243; _module_preset=&#8221;default&#8221;][et_pb_row _builder_version=&#8221;4.21.0&#8243; _module_preset=&#8221;default&#8221; theme_builder_area=&#8221;post_content&#8221;][et_pb_column _builder_version=&#8221;4.21.0&#8243; _module_preset=&#8221;default&#8221; type=&#8221;4_4&#8243; theme_builder_area=&#8221;post_content&#8221;][et_pb_text _builder_version=&#8221;4.21.0&#8243; _module_preset=&#8221;default&#8221; theme_builder_area=&#8221;post_content&#8221; hover_enabled=&#8221;0&#8243; sticky_enabled=&#8221;0&#8243;]<\/p>\n<h1>Accessibilit\u00e9<\/h1>\n<p>ARCAS OLL\u00c9, S.L. s\u2019engage \u00e0 rendre son site web, arcasolle.com, accessible \u00e0 tous les utilisateurs, y compris aux personnes handicap\u00e9es. Nous nous engageons \u00e0 garantir que notre site web est conforme aux directives d\u2019accessibilit\u00e9 web de niveau AA de la WCAG 2.1. <\/p>\n<h2>Situation de conformit\u00e9<\/h2>\n<p>Les <a href=\"https:\/\/www.w3.org\/WAI\/standards-guidelines\/wcag\/\" target=\"_blank\" rel=\"noopener\">Directives pour l\u2019accessibilit\u00e9 aux contenus Web<\/a> (WCAG) d\u00e9finissent les exigences pour les concepteurs et les d\u00e9veloppeurs afin d\u2019am\u00e9liorer l\u2019accessibilit\u00e9 pour les personnes handicap\u00e9es. Trois niveaux de conformit\u00e9 sont d\u00e9finis&nbsp;: niveau&nbsp;A, niveau&nbsp;AA et niveau&nbsp;AAA. Arcas-olle.com est partiellement conforme \u00e0 la norme WCAG&nbsp;2.1 niveau&nbsp;AA. Partiellement signifie que certaines parties du contenu ne sont pas enti\u00e8rement conformes \u00e0 la norme d\u2019accessibilit\u00e9.   <\/p>\n<h2>Contenu non accessible<\/h2>\n<p>Il pourrait exister des documents bureautiques au format PDF et dans d\u2019autres formats qui ne r\u00e9pondent pas enti\u00e8rement aux exigences d\u2019accessibilit\u00e9. Les documents enti\u00e8rement accessibles peuvent \u00eatre demand\u00e9s \u00e0 partir du formulaire de contact. <\/p>\n<p>Il pourrait exister des erreurs de code ponctuelles de modification sur certaines pages web.<\/p>\n<h2>Commentaires<\/h2>\n<p>Nous nous engageons \u00e0 continuer d\u2019am\u00e9liorer l\u2019accessibilit\u00e9 de notre site web afin de garantir qu\u2019il soit accessible \u00e0 tous. Si vous avez des questions ou des suggestions, veuillez nous contacter. <\/p>\n<p><strong>Signature&nbsp;:<\/strong> ARCAS OLL\u00c9, S.L.<br \/><strong>Date&nbsp;:<\/strong> 30&nbsp;mai&nbsp;2023<\/p>\n<p>[\/et_pb_text][\/et_pb_column][\/et_pb_row][\/et_pb_section]<\/p>\n","protected":false},"excerpt":{"rendered":"<p>Accessibilit\u00e9 ARCAS OLL\u00c9, S.L. s\u2019engage \u00e0 rendre son site web, arcasolle.com, accessible \u00e0 tous les utilisateurs, y compris aux personnes handicap\u00e9es. Nous nous engageons \u00e0 garantir que notre site web est conforme aux directives d\u2019accessibilit\u00e9 web de niveau AA de la WCAG 2.1. Situation de conformit\u00e9 Les Directives pour l\u2019accessibilit\u00e9 aux contenus Web (WCAG) d\u00e9finissent [&hellip;]<\/p>\n","protected":false},"author":2,"featured_media":0,"parent":0,"menu_order":0,"comment_status":"closed","ping_status":"closed","template":"","meta":{"_et_pb_use_builder":"on","_et_pb_old_content":"","_et_gb_content_width":"","footnotes":""},"dipi_cpt_category":[],"class_list":["post-23205","page","type-page","status-publish","hentry"],"_links":{"self":[{"href":"https:\/\/arcasolle.dms3labs.cat\/fr\/wp-json\/wp\/v2\/pages\/23205","targetHints":{"allow":["GET"]}}],"collection":[{"href":"https:\/\/arcasolle.dms3labs.cat\/fr\/wp-json\/wp\/v2\/pages"}],"about":[{"href":"https:\/\/arcasolle.dms3labs.cat\/fr\/wp-json\/wp\/v2\/types\/page"}],"author":[{"embeddable":true,"href":"https:\/\/arcasolle.dms3labs.cat\/fr\/wp-json\/wp\/v2\/users\/2"}],"replies":[{"embeddable":true,"href":"https:\/\/arcasolle.dms3labs.cat\/fr\/wp-json\/wp\/v2\/comments?post=23205"}],"version-history":[{"count":5,"href":"https:\/\/arcasolle.dms3labs.cat\/fr\/wp-json\/wp\/v2\/pages\/23205\/revisions"}],"predecessor-version":[{"id":30926,"href":"https:\/\/arcasolle.dms3labs.cat\/fr\/wp-json\/wp\/v2\/pages\/23205\/revisions\/30926"}],"wp:attachment":[{"href":"https:\/\/arcasolle.dms3labs.cat\/fr\/wp-json\/wp\/v2\/media?parent=23205"}],"wp:term":[{"taxonomy":"dipi_cpt_category","embeddable":true,"href":"https:\/\/arcasolle.dms3labs.cat\/fr\/wp-json\/wp\/v2\/dipi_cpt_category?post=23205"}],"curies":[{"name":"wp","href":"https:\/\/api.w.org\/{rel}","templated":true}]}}