{"id":23181,"date":"2023-05-30T10:20:59","date_gmt":"2023-05-30T08:20:59","guid":{"rendered":"https:\/\/www.arcas-olle.com\/avis-legal\/"},"modified":"2026-01-16T13:28:51","modified_gmt":"2026-01-16T11:28:51","slug":"aviso-legal","status":"publish","type":"page","link":"https:\/\/arcasolle.dms3labs.cat\/fr\/aviso-legal\/","title":{"rendered":"Mentions l\u00e9gales"},"content":{"rendered":"<p>[et_pb_section fb_built=&#8221;1&#8243; theme_builder_area=&#8221;post_content&#8221; _builder_version=&#8221;4.21.0&#8243; _module_preset=&#8221;default&#8221;][et_pb_row _builder_version=&#8221;4.21.0&#8243; _module_preset=&#8221;default&#8221; theme_builder_area=&#8221;post_content&#8221;][et_pb_column _builder_version=&#8221;4.21.0&#8243; _module_preset=&#8221;default&#8221; type=&#8221;4_4&#8243; theme_builder_area=&#8221;post_content&#8221;][et_pb_text _builder_version=&#8221;4.21.0&#8243; _module_preset=&#8221;default&#8221; theme_builder_area=&#8221;post_content&#8221; hover_enabled=&#8221;0&#8243; sticky_enabled=&#8221;0&#8243;]<\/p>\n<h1>Avis juridique<\/h1>\n<h2>1. Objet et acceptation<\/h2>\n<p>Le pr\u00e9sent avis juridique r\u00e9git l&#8217;utilisation de notre site web, dont ARCAS OLL\u00c9, S.L. est titulaire. La navigation sur le site web d&#8217;ARCAS OLL\u00c9, S.L. attribue la condition d&#8217;utilisateur de celui-ci et implique l&#8217;acceptation pleine et sans r\u00e9serve de chacune des dispositions incluses dans le pr\u00e9sent avis juridique, qui peuvent subir des modifications. Vous vous engagez \u00e0 faire un usage correct du site web conform\u00e9ment aux lois, \u00e0 la bonne foi, \u00e0 l&#8217;ordre public, aux usages du trafic et au pr\u00e9sent avis juridique. Vous r\u00e9pondrez envers ARCAS OLL\u00c9, S.L. ou envers des tiers, de tous dommages et pr\u00e9judices qui pourraient leur \u00eatre caus\u00e9s en cons\u00e9quence du non-respect de cette obligation.   <\/p>\n<h2>2. Identification et communications<\/h2>\n<p>ARCAS OLL\u00c9, S.L., en application de la loi 34\/2002 du 11 juillet, relative aux services de la soci\u00e9t\u00e9 de l&#8217;information et du commerce \u00e9lectronique, vous informe que :<\/p>\n<ul>\n<li>Sa d\u00e9nomination sociale est : ARCAS OLL\u00c9, S.L.<\/li>\n<li>Son CIF est : B64402886<\/li>\n<li>Son si\u00e8ge social est situ\u00e9 \u00e0 : ALESSANDRO VOLTA, 49, LA POBLA DE CLARAMUNT (08787)<\/li>\n<\/ul>\n<p>Pour communiquer avec nous, nous mettons \u00e0 votre disposition diff\u00e9rents moyens de contact sp\u00e9cifi\u00e9s dans la <a href=\"https:\/\/arcasolle.dms3labs.cat\/politica-privacitat\/\">politique de confidentialit\u00e9<\/a>.<\/p>\n<p>Toutes les notifications et communications que vous effectuez avec ARCAS OLL\u00c9, S.L. seront consid\u00e9r\u00e9es comme efficaces, en g\u00e9n\u00e9ral, d\u00e8s lors qu&#8217;elles seront r\u00e9alis\u00e9es par les moyens sp\u00e9cifi\u00e9s pr\u00e9c\u00e9demment.<\/p>\n<h2>3. Conditions d&#8217;acc\u00e8s et d&#8217;utilisation<\/h2>\n<p>Le site web et ses services sont d&#8217;acc\u00e8s libre, cependant, ARCAS OLL\u00c9, S.L. conditionne l&#8217;utilisation de certains des services offerts sur son site web au remplissage pr\u00e9alable du formulaire correspondant.<\/p>\n<p>Vous garantissez l&#8217;authenticit\u00e9 et l&#8217;actualit\u00e9 de toutes les donn\u00e9es que vous communiquez \u00e0 ARCAS OLL\u00c9, S.L. et vous serez seul responsable des d\u00e9clarations fausses ou inexactes que vous r\u00e9aliserez.<\/p>\n<p>Vous vous engagez express\u00e9ment \u00e0 faire un usage appropri\u00e9 des contenus et services d&#8217;ARCAS OLL\u00c9, S.L. et \u00e0 ne pas les utiliser pour, entre autres :<\/p>\n<ul>\n<li>Diffuser des contenus d\u00e9lictueux, violents, pornographiques, racistes, x\u00e9nophobes, offensants, faisant l&#8217;apologie du terrorisme ou, en g\u00e9n\u00e9ral, contraires \u00e0 la loi ou \u00e0 l&#8217;ordre public.<\/li>\n<li>Introduire dans le r\u00e9seau des virus informatiques ou ex\u00e9cuter des actions susceptibles d&#8217;alt\u00e9rer, d&#8217;endommager, d&#8217;interrompre ou de g\u00e9n\u00e9rer des erreurs ou des dommages dans les documents \u00e9lectroniques, les donn\u00e9es ou les syst\u00e8mes physiques et logiques d&#8217;ARCAS OLL\u00c9, S.L. ou de tiers ; ainsi qu&#8217;entraver l&#8217;acc\u00e8s d&#8217;autres utilisateurs au site web et \u00e0 ses services au moyen de la consommation massive des ressources informatiques \u00e0 travers lesquelles ARCAS OLL\u00c9, S.L. pr\u00eate ses services.<\/li>\n<li>Tenter d&#8217;acc\u00e9der aux donn\u00e9es d&#8217;autres personnes ou \u00e0 des zones restreintes des syst\u00e8mes informatiques d&#8217;ARCAS OLL\u00c9, S.L. ou de tiers et, le cas \u00e9ch\u00e9ant, extraire des informations.<\/li>\n<li>Enfreindre les droits de propri\u00e9t\u00e9 intellectuelle ou industrielle, ainsi que violer la confidentialit\u00e9 des informations d&#8217;ARCAS OLL\u00c9, S.L. ou de tiers.<br \/>Usurper l&#8217;identit\u00e9 d&#8217;un autre utilisateur, des administrations publiques ou d&#8217;un tiers.<\/li>\n<li>Reproduire, copier, distribuer, mettre \u00e0 disposition ou de toute autre mani\u00e8re communiquer publiquement, transformer ou modifier les contenus, sauf si vous disposez de l&#8217;autorisation du titulaire des droits correspondants ou si cela est l\u00e9galement autoris\u00e9.<\/li>\n<li>Recueillir des donn\u00e9es \u00e0 des fins publicitaires et de remise de publicit\u00e9 de toute classe et de communications \u00e0 des fins de vente ou autres de nature commerciale sans que votre demande ou votre consentement pr\u00e9alable n&#8217;intervienne.<\/li>\n<\/ul>\n<p>Tous les contenus du site web, tels que les textes, les photographies, les graphiques, les images, les ic\u00f4nes, la technologie, les logiciels, ainsi que sa conception graphique et ses codes sources, constituent une \u0153uvre dont la propri\u00e9t\u00e9 appartient \u00e0 ARCAS OLL\u00c9, S.L., sans qu&#8217;il puisse \u00eatre entendu comme c\u00e9d\u00e9 aucun des droits d&#8217;exploitation sur ceux-ci au-del\u00e0 de ce qui est strictement n\u00e9cessaire pour la correcte utilisation du web.<\/p>\n<p>En d\u00e9finitive, vous qui acc\u00e9dez \u00e0 ce site web, vous pouvez visualiser les contenus et effectuer, le cas \u00e9ch\u00e9ant, des copies priv\u00e9es autoris\u00e9es \u00e0 condition que les \u00e9l\u00e9ments reproduits ne soient pas c\u00e9d\u00e9s post\u00e9rieurement \u00e0 des tiers, ni install\u00e9s sur des serveurs connect\u00e9s \u00e0 des r\u00e9seaux, ni ne fassent l&#8217;objet d&#8217;aucune sorte d&#8217;exploitation.<\/p>\n<p>De m\u00eame, toutes les marques, noms commerciaux ou signes distinctifs de toute classe qui apparaissent sur le site web sont la propri\u00e9t\u00e9 d&#8217;ARCAS OLL\u00c9, S.L., sans qu&#8217;il puisse \u00eatre entendu que l&#8217;utilisation ou l&#8217;acc\u00e8s \u00e0 celui-ci vous attribue un quelconque droit sur ceux-ci.<\/p>\n<p>La distribution, la modification, la cession ou la communication publique des contenus et tout autre acte qui n&#8217;a pas \u00e9t\u00e9 express\u00e9ment autoris\u00e9 par le titulaire des droits d&#8217;exploitation sont interdits.<\/p>\n<p>L&#8217;\u00e9tablissement d&#8217;un lien n&#8217;implique en aucun cas l&#8217;existence de relations entre ARCAS OLL\u00c9, S.L. et le propri\u00e9taire du site web sur lequel il est \u00e9tabli, ni l&#8217;acceptation et l&#8217;approbation par ARCAS OLL\u00c9, S.L. de ses contenus ou services. Les personnes qui se proposent d&#8217;\u00e9tablir un lien devront pr\u00e9alablement solliciter une autorisation par \u00e9crit \u00e0 ARCAS OLL\u00c9, S.L.. Dans tous les cas, le lien permettra uniquement l&#8217;acc\u00e8s \u00e0 la page d&#8217;accueil de notre site web, de m\u00eame, vous devrez vous abstenir de r\u00e9aliser des d\u00e9clarations ou indications fausses, inexactes ou incorrectes sur ARCAS OLL\u00c9, S.L., ou d&#8217;inclure des contenus illicites, contraires aux bonnes m\u0153urs et \u00e0 l&#8217;ordre public.  <\/p>\n<p>ARCAS OLL\u00c9, S.L. ne se responsabilise pas de l&#8217;usage que chaque utilisateur fait des mat\u00e9riaux mis \u00e0 disposition sur ce site web ni des actions qu&#8217;il r\u00e9alise sur la base de ceux-ci.<\/p>\n<h2>4. Exclusion de garanties et de responsabilit\u00e9<\/h2>\n<p>ARCAS OLL\u00c9, S.L. exclut, dans la mesure o\u00f9 l&#8217;ordonnancement juridique le permet, toute responsabilit\u00e9 pour les dommages et pr\u00e9judices de toute nature d\u00e9riv\u00e9s de :<\/p>\n<ul>\n<li>L&#8217;impossibilit\u00e9 d&#8217;acc\u00e8s au site web ou le manque de v\u00e9racit\u00e9, d&#8217;exactitude, d&#8217;exhaustivit\u00e9 et\/ou d&#8217;actualit\u00e9 des contenus, ainsi que l&#8217;existence de vices et de d\u00e9fauts de toute classe des contenus transmis, diffus\u00e9s, stock\u00e9s, mis \u00e0 disposition auxquels il a \u00e9t\u00e9 acc\u00e9d\u00e9 \u00e0 travers le site web ou des services qui sont offerts.<\/li>\n<li>La pr\u00e9sence de virus ou d&#8217;autres \u00e9l\u00e9ments dans les contenus qui peuvent produire des alt\u00e9rations dans les syst\u00e8mes informatiques, les documents \u00e9lectroniques ou les donn\u00e9es des utilisateurs.<\/li>\n<li>Le non-respect des lois, de la bonne foi, de l&#8217;ordre public, des usages du trafic et du pr\u00e9sent avis juridique en cons\u00e9quence de l&#8217;usage incorrect du site web. En particulier, et \u00e0 titre d&#8217;exemple, ARCAS OLL\u00c9, S.L. ne se rend pas responsable des actions de tiers qui enfreignent les droits de propri\u00e9t\u00e9 intellectuelle et industrielle, les secrets d&#8217;entreprise, les droits \u00e0 l&#8217;honneur, \u00e0 l&#8217;intimit\u00e9 personnelle et familiale et \u00e0 sa propre image, ainsi que la r\u00e9glementation en mati\u00e8re de concurrence d\u00e9loyale et de publicit\u00e9 illicite. <\/li>\n<\/ul>\n<p>De m\u00eame, ARCAS OLL\u00c9, S.L. d\u00e9cline toute responsabilit\u00e9 concernant les informations qui se trouvent en dehors de ce web et ne sont pas g\u00e9r\u00e9es directement par notre webmaster. La fonction des liens qui apparaissent sur ce web est exclusivement celle d&#8217;informer l&#8217;utilisateur sur l&#8217;existence d&#8217;autres sources susceptibles d&#8217;amplifier les contenus qu&#8217;offre ce site web. ARCAS OLL\u00c9, S.L. ne garantit ni ne se responsabilise du fonctionnement ou de l&#8217;accessibilit\u00e9 des sites li\u00e9s ; ni ne sugg\u00e8re, n&#8217;invite ou ne recommande la visite de ceux-ci, raison pour laquelle elle ne sera pas non plus responsable du r\u00e9sultat obtenu. ARCAS OLL\u00c9, S.L. ne se responsabilise pas de l&#8217;\u00e9tablissement de liens par des tiers.   <\/p>\n<h2>5. Proc\u00e9dure en cas de r\u00e9alisation d&#8217;activit\u00e9s \u00e0 caract\u00e8re illicite<\/h2>\n<p>Dans le cas o\u00f9 vous ou un tiers consid\u00e9rez qu&#8217;il existe des faits ou des circonstances qui r\u00e9v\u00e8lent le caract\u00e8re illicite de l&#8217;utilisation de tout contenu et\/ou de la r\u00e9alisation de toute activit\u00e9 sur les pages web incluses ou accessibles \u00e0 travers le site web, vous devrez vous mettre en contact avec ARCAS OLL\u00c9, S.L. en vous identifiant d\u00fbment, en sp\u00e9cifiant les suppos\u00e9es infractions et en d\u00e9clarant express\u00e9ment et sous votre responsabilit\u00e9 que l&#8217;information fournie dans la notification est exacte.<\/p>\n<p>Pour toute question litigieuse qui incombe au site web d&#8217;ARCAS OLL\u00c9, S.L., la l\u00e9gislation espagnole sera applicable, les Juges et Tribunaux les plus proches du si\u00e8ge de (Espagne) \u00e9tant comp\u00e9tents.<\/p>\n<h2>6. Publications<\/h2>\n<p>L&#8217;information administrative facilit\u00e9e \u00e0 travers le site web ne substitue pas la publicit\u00e9 l\u00e9gale des lois, r\u00e9glementations, plans, dispositions g\u00e9n\u00e9rales et actes qui doivent \u00eatre publi\u00e9s formellement aux journaux officiels des administrations publiques, qui constituent l&#8217;unique instrument qui donne foi de son authenticit\u00e9 et de son contenu. L&#8217;information disponible sur ce site web doit \u00eatre comprise comme un guide sans proposition de validit\u00e9 l\u00e9gale. <\/p>\n<p>[\/et_pb_text][\/et_pb_column][\/et_pb_row][\/et_pb_section]<\/p>\n","protected":false},"excerpt":{"rendered":"<p>Avis juridique 1. Objet et acceptation Le pr\u00e9sent avis juridique r\u00e9git l&#8217;utilisation de notre site web, dont ARCAS OLL\u00c9, S.L. est titulaire. La navigation sur le site web d&#8217;ARCAS OLL\u00c9, S.L. attribue la condition d&#8217;utilisateur de celui-ci et implique l&#8217;acceptation pleine et sans r\u00e9serve de chacune des dispositions incluses dans le pr\u00e9sent avis juridique, qui [&hellip;]<\/p>\n","protected":false},"author":2,"featured_media":0,"parent":0,"menu_order":0,"comment_status":"closed","ping_status":"closed","template":"","meta":{"_et_pb_use_builder":"on","_et_pb_old_content":"","_et_gb_content_width":"","footnotes":""},"dipi_cpt_category":[],"class_list":["post-23181","page","type-page","status-publish","hentry"],"_links":{"self":[{"href":"https:\/\/arcasolle.dms3labs.cat\/fr\/wp-json\/wp\/v2\/pages\/23181","targetHints":{"allow":["GET"]}}],"collection":[{"href":"https:\/\/arcasolle.dms3labs.cat\/fr\/wp-json\/wp\/v2\/pages"}],"about":[{"href":"https:\/\/arcasolle.dms3labs.cat\/fr\/wp-json\/wp\/v2\/types\/page"}],"author":[{"embeddable":true,"href":"https:\/\/arcasolle.dms3labs.cat\/fr\/wp-json\/wp\/v2\/users\/2"}],"replies":[{"embeddable":true,"href":"https:\/\/arcasolle.dms3labs.cat\/fr\/wp-json\/wp\/v2\/comments?post=23181"}],"version-history":[{"count":7,"href":"https:\/\/arcasolle.dms3labs.cat\/fr\/wp-json\/wp\/v2\/pages\/23181\/revisions"}],"predecessor-version":[{"id":30816,"href":"https:\/\/arcasolle.dms3labs.cat\/fr\/wp-json\/wp\/v2\/pages\/23181\/revisions\/30816"}],"wp:attachment":[{"href":"https:\/\/arcasolle.dms3labs.cat\/fr\/wp-json\/wp\/v2\/media?parent=23181"}],"wp:term":[{"taxonomy":"dipi_cpt_category","embeddable":true,"href":"https:\/\/arcasolle.dms3labs.cat\/fr\/wp-json\/wp\/v2\/dipi_cpt_category?post=23181"}],"curies":[{"name":"wp","href":"https:\/\/api.w.org\/{rel}","templated":true}]}}