{"id":23150,"date":"2022-09-28T11:38:39","date_gmt":"2022-09-28T11:38:39","guid":{"rendered":"https:\/\/www.arcas-olle.com\/politica-privacitat\/"},"modified":"2026-01-16T13:28:51","modified_gmt":"2026-01-16T11:28:51","slug":"politica-privacidad","status":"publish","type":"page","link":"https:\/\/arcasolle.dms3labs.cat\/fr\/politica-privacidad\/","title":{"rendered":"Politique de confidentialit\u00e9"},"content":{"rendered":"<p>[et_pb_section fb_built=&#8221;1&#8243; _builder_version=&#8221;4.16&#8243; global_colors_info=&#8221;{}&#8221;][et_pb_row _builder_version=&#8221;4.16&#8243; background_size=&#8221;initial&#8221; background_position=&#8221;top_left&#8221; background_repeat=&#8221;repeat&#8221; global_colors_info=&#8221;{}&#8221;][et_pb_column type=&#8221;4_4&#8243; _builder_version=&#8221;4.16&#8243; custom_padding=&#8221;|||&#8221; global_colors_info=&#8221;{}&#8221; custom_padding__hover=&#8221;|||&#8221;][et_pb_text _builder_version=&#8221;4.21.0&#8243; background_size=&#8221;initial&#8221; background_position=&#8221;top_left&#8221; background_repeat=&#8221;repeat&#8221; hover_enabled=&#8221;0&#8243; global_colors_info=&#8221;{}&#8221; sticky_enabled=&#8221;0&#8243;]<\/p>\n<h1>Politique de confidentialit\u00e9<\/h1>\n<h2>1. Donn\u00e9es relatives au responsable<\/h2>\n<p><strong>Responsable du traitement<\/strong><br \/><strong>Entreprise :<\/strong> ARCAS OLL\u00c9, S.L. &#8211; B64402886<br \/><strong>Adresse :<\/strong> ALESSANDRO VOLTA, 49, LA POBLA DE CLARAMUNT (08787)<br \/><strong>Contact :<\/strong> <a href=\"mailto:admin@arcasolle.com\">admin@arcasolle.com<\/a> &#8211; <a href=\"tel:938050500\">938050500<\/a><\/p>\n<h2>2. Finalit\u00e9s<\/h2>\n<p>Conform\u00e9ment aux dispositions du R\u00e8glement europ\u00e9en 2016\/679 g\u00e9n\u00e9ral sur la protection des donn\u00e9es, nous vous informons que, selon la relation que vous entretenez avec nous, ARCAS OLL\u00c9, S.L. traite les donn\u00e9es que vous nous fournissez pour l\u2019une ou l\u2019ensemble des finalit\u00e9s suivantes :<\/p>\n<ul>\n<li>Archivage\/historique des travailleurs et anciens travailleurs de l\u2019entreprise ou Achat\/vente de biens et services.<\/li>\n<li>Achat\/vente de mat\u00e9riel.<\/li>\n<li>Cr\u00e9ation de contrats, \u00e9tablissement de fiches de paie et autres t\u00e2ches connexes.<\/li>\n<li>Envoi d\u2019informations commerciales de l\u2019entit\u00e9 par courrier postal, courrier \u00e9lectronique ou autres ou Formation.<\/li>\n<li>Gestion comptable, administrative, de facturation, de recouvrements et de paiements.<\/li>\n<li>Maintien de la relation de travail et contrepartie pour les travaux r\u00e9alis\u00e9s ou Vous fournir un service.<\/li>\n<li>R\u00e9aliser un processus de s\u00e9lection du personnel en fonction des capacit\u00e9s, aptitudes et autres donn\u00e9es d\u2019int\u00e9r\u00eat incluses dans le curriculum vitae.<\/li>\n<li>R\u00e9ception de la prestation d\u2019un service ou Service apr\u00e8s-vente et fid\u00e9lisation.<\/li>\n<li>Traitement des affiliations et radiations pour maladie courante ou accident du travail ou Traitement des devis.<\/li>\n<\/ul>\n<h2>3. Dur\u00e9e de conservation des donn\u00e9es<\/h2>\n<p>Vos donn\u00e9es seront conserv\u00e9es pendant toute la dur\u00e9e de la relation contractuelle, commerciale ou autre avec notre entit\u00e9, jusqu\u2019\u00e0 ce que vous demandiez leur suppression, ainsi que pendant le temps n\u00e9cessaire au respect des obligations l\u00e9gales.<\/p>\n<h2>4. L\u00e9gitimation<\/h2>\n<p>La base juridique du traitement de vos donn\u00e9es repose sur :<\/p>\n<ul>\n<li>Consentement sans \u00e9quivoque ou Ex\u00e9cution d\u2019un contrat<\/li>\n<\/ul>\n<h2>5. Destinataires<\/h2>\n<p>Vos donn\u00e9es personnelles seront communiqu\u00e9es \u00e0 des tiers dans les cas suivants :<\/p>\n<ul>\n<li>\u00c0 d\u2019autres responsables du traitement ou \u00e0 l\u2019administration fiscale<\/li>\n<li>Banques et entit\u00e9s financi\u00e8res<\/li>\n<li>Responsables de la destruction de documents ou Entit\u00e9s de publicit\u00e9 et de marketing<\/li>\n<li>Cabinet de gestion\/conseil ou S\u00e9curit\u00e9 sociale<\/li>\n<li>Service de pr\u00e9vention des risques professionnels<\/li>\n<\/ul>\n<h2>6. Droits<\/h2>\n<p>Vous avez le droit d\u2019obtenir la confirmation qu\u2019ARCAS OLL\u00c9, S.L. traite ou non des donn\u00e9es personnelles vous concernant.<\/p>\n<p>De m\u00eame, vous avez le droit d\u2019acc\u00e9der \u00e0 vos donn\u00e9es personnelles, ainsi que de demander la rectification des donn\u00e9es inexactes ou, le cas \u00e9ch\u00e9ant, de demander leur suppression lorsque, entre autres raisons, les donn\u00e9es ne sont plus n\u00e9cessaires aux fins pour lesquelles elles ont \u00e9t\u00e9 collect\u00e9es.<\/p>\n<p>Dans certaines circonstances, vous pourrez demander la limitation du traitement de vos donn\u00e9es, auquel cas nous ne les conserverons que pour l\u2019exercice ou la d\u00e9fense de r\u00e9clamations.<\/p>\n<p>De plus, dans certaines circonstances et pour des raisons li\u00e9es \u00e0 votre situation particuli\u00e8re, vous pourrez exercer votre droit d\u2019opposition au traitement de vos donn\u00e9es. ARCAS OLL\u00c9, S.L. cessera de traiter les donn\u00e9es, sauf pour des motifs l\u00e9gitimes imp\u00e9rieux, ou pour l\u2019exercice ou la d\u00e9fense d\u2019\u00e9ventuelles r\u00e9clamations. <\/p>\n<p>De m\u00eame, vous pouvez exercer le droit \u00e0 la portabilit\u00e9 des donn\u00e9es, ainsi que retirer les consentements fournis \u00e0 tout moment, sans que cela n\u2019affecte la lic\u00e9it\u00e9 du traitement fond\u00e9 sur le consentement pr\u00e9alable \u00e0 son retrait.<\/p>\n<p>Si vous souhaitez faire usage de l\u2019un de vos droits, vous pouvez le faire via les liens activ\u00e9s que vous trouverez ci-dessous :<\/p>\n<ul>\n<li>Pour exercer votre droit d\u2019acc\u00e8s, cliquez <a href=\"https:\/\/intranet.laboralrgpd.com\/webApp\/clientes_derechos\/derechos-formulario.php?id_cliente=UTJUeXdPVkttakVmQ2duckZkMjB1QT09\" target=\"_blank\" rel=\"noopener\">ici<\/a><\/li>\n<li>Pour exercer votre droit de rectification, cliquez <a href=\"https:\/\/intranet.laboralrgpd.com\/webApp\/clientes_derechos\/derechos-formulario.php?id_cliente=UTJUeXdPVkttakVmQ2duckZkMjB1QT09\" target=\"_blank\" rel=\"noopener\">ici<\/a><\/li>\n<li>Pour exercer votre droit de suppression (oubli), cliquez <a href=\"https:\/\/intranet.laboralrgpd.com\/webApp\/clientes_derechos\/derechos-formulario.php?id_cliente=UTJUeXdPVkttakVmQ2duckZkMjB1QT09\" target=\"_blank\" rel=\"noopener\">ici<\/a><\/li>\n<li>Pour exercer votre droit de limitation du traitement, cliquez <a href=\"https:\/\/intranet.laboralrgpd.com\/webApp\/clientes_derechos\/derechos-formulario.php?id_cliente=UTJUeXdPVkttakVmQ2duckZkMjB1QT09\" target=\"_blank\" rel=\"noopener\">ici<\/a> ou pour exercer votre droit d\u2019opposition, cliquez <a href=\"https:\/\/intranet.laboralrgpd.com\/webApp\/clientes_derechos\/derechos-formulario.php?id_cliente=UTJUeXdPVkttakVmQ2duckZkMjB1QT09\" target=\"_blank\" rel=\"noopener\">ici<\/a><\/li>\n<li>Pour exercer votre droit \u00e0 la portabilit\u00e9, cliquez <a href=\"https:\/\/intranet.laboralrgpd.com\/webApp\/clientes_derechos\/derechos-formulario.php?id_cliente=UTJUeXdPVkttakVmQ2duckZkMjB1QT09\" target=\"_blank\" rel=\"noopener\">ici<\/a><\/li>\n<\/ul>\n<p>Alternativement, vous pouvez \u00e9galement nous contacter par courrier postal \u00e0 l\u2019adresse suivante : ALESSANDRO VOLTA, 49, &#8211; (08787) LA POBLA DE CLARAMUNT en joignant une photocopie de votre pi\u00e8ce d\u2019identit\u00e9, pour confirmer votre identit\u00e9. N\u2019oubliez pas de fournir le plus d\u2019informations possible sur votre demande : Nom et pr\u00e9nom, adresse \u00e9lectronique que vous utilisez pour le compte ou le portail faisant l\u2019objet de votre demande. <\/p>\n<p>Enfin, nous vous informons que vous pouvez vous adresser \u00e0 l\u2019Agence espagnole de protection des donn\u00e9es et aux autres organismes publics comp\u00e9tents pour toute r\u00e9clamation d\u00e9coulant du traitement de vos donn\u00e9es personnelles.<\/p>\n<h2>7. Politique de cookies<\/h2>\n<p>Pour conna\u00eetre les cookies que nous utilisons sur notre page, n\u2019oubliez pas que vous pouvez acc\u00e9der \u00e0 notre politique de cookies via le lien suivant : politique de cookies.<\/p>\n<p>[\/et_pb_text][\/et_pb_column][\/et_pb_row][\/et_pb_section]<\/p>\n","protected":false},"excerpt":{"rendered":"<p>Politique de confidentialit\u00e9 1. Donn\u00e9es relatives au responsable Responsable du traitementEntreprise : ARCAS OLL\u00c9, S.L. &#8211; B64402886Adresse : ALESSANDRO VOLTA, 49, LA POBLA DE CLARAMUNT (08787)Contact : admin@arcasolle.com &#8211; 938050500 2. Finalit\u00e9s Conform\u00e9ment aux dispositions du R\u00e8glement europ\u00e9en 2016\/679 g\u00e9n\u00e9ral sur la protection des donn\u00e9es, nous vous informons que, selon la relation que vous entretenez [&hellip;]<\/p>\n","protected":false},"author":1,"featured_media":0,"parent":0,"menu_order":0,"comment_status":"closed","ping_status":"closed","template":"","meta":{"_et_pb_use_builder":"on","_et_pb_old_content":"","_et_gb_content_width":"","footnotes":""},"dipi_cpt_category":[],"class_list":["post-23150","page","type-page","status-publish","hentry"],"_links":{"self":[{"href":"https:\/\/arcasolle.dms3labs.cat\/fr\/wp-json\/wp\/v2\/pages\/23150","targetHints":{"allow":["GET"]}}],"collection":[{"href":"https:\/\/arcasolle.dms3labs.cat\/fr\/wp-json\/wp\/v2\/pages"}],"about":[{"href":"https:\/\/arcasolle.dms3labs.cat\/fr\/wp-json\/wp\/v2\/types\/page"}],"author":[{"embeddable":true,"href":"https:\/\/arcasolle.dms3labs.cat\/fr\/wp-json\/wp\/v2\/users\/1"}],"replies":[{"embeddable":true,"href":"https:\/\/arcasolle.dms3labs.cat\/fr\/wp-json\/wp\/v2\/comments?post=23150"}],"version-history":[{"count":23,"href":"https:\/\/arcasolle.dms3labs.cat\/fr\/wp-json\/wp\/v2\/pages\/23150\/revisions"}],"predecessor-version":[{"id":30827,"href":"https:\/\/arcasolle.dms3labs.cat\/fr\/wp-json\/wp\/v2\/pages\/23150\/revisions\/30827"}],"wp:attachment":[{"href":"https:\/\/arcasolle.dms3labs.cat\/fr\/wp-json\/wp\/v2\/media?parent=23150"}],"wp:term":[{"taxonomy":"dipi_cpt_category","embeddable":true,"href":"https:\/\/arcasolle.dms3labs.cat\/fr\/wp-json\/wp\/v2\/dipi_cpt_category?post=23150"}],"curies":[{"name":"wp","href":"https:\/\/api.w.org\/{rel}","templated":true}]}}