{"id":23138,"date":"2023-06-20T11:39:38","date_gmt":"2023-06-20T09:39:38","guid":{"rendered":"https:\/\/www.arcas-olle.com\/produits\/"},"modified":"2026-01-16T13:27:56","modified_gmt":"2026-01-16T11:27:56","slug":"productos","status":"publish","type":"page","link":"https:\/\/arcasolle.dms3labs.cat\/fr\/productos\/","title":{"rendered":"Produits"},"content":{"rendered":"<p>[et_pb_section fb_built=&#8221;1&#8243; _builder_version=&#8221;4.21.0&#8243; _module_preset=&#8221;default&#8221; global_colors_info=&#8221;{}&#8221;][et_pb_row use_custom_gutter=&#8221;on&#8221; gutter_width=&#8221;1&#8243; _builder_version=&#8221;4.21.0&#8243; _module_preset=&#8221;default&#8221; global_colors_info=&#8221;{}&#8221;][et_pb_column type=&#8221;4_4&#8243; _builder_version=&#8221;4.21.0&#8243; _module_preset=&#8221;default&#8221; global_colors_info=&#8221;{}&#8221;][et_pb_text _builder_version=&#8221;4.21.0&#8243; _module_preset=&#8221;default&#8221; hover_enabled=&#8221;0&#8243; global_colors_info=&#8221;{}&#8221; sticky_enabled=&#8221;0&#8243;]<\/p>\n<div class=\"et_pb_column et_pb_column_1_4 dms3categories_top uncategorized-fr\"><a href=\"https:\/\/arcasolle.dms3labs.cat\/fr\/categorie-produit\/uncategorized-fr\/\"><div class=\"img-wrapper image-container\" style=\"max-height: 300px;\"><img decoding=\"async\" style=\"max-height: 300px; width: auto;\" src=\"\" test alt=\"Uncategorized\"><\/div><h2>Uncategorized<\/h2><div class=\"descripcio\"><\/div><div class=\"fletxa-productes\">$<\/div><\/a><\/div><div class=\"et_pb_column et_pb_column_1_4 dms3categories_top coffres-forts\"><a href=\"https:\/\/arcasolle.dms3labs.cat\/fr\/categorie-produit\/coffres-forts\/\"><div class=\"img-wrapper image-container\" style=\"max-height: 300px;\"><img decoding=\"async\" style=\"max-height: 300px; width: auto;\" src=\"https:\/\/arcasolle.dms3labs.cat\/wp-content\/uploads\/2024\/03\/S603LE_01B-1.png\" test alt=\"Coffres-forts\"><img style='display: none; max-height: 300px; width: auto;' src='https:\/\/arcasolle.dms3labs.cat\/wp-content\/uploads\/2024\/03\/S603LE_02B-1.png'\/><\/div><h2>Coffres-forts<\/h2><div class=\"descripcio\"><\/div><div class=\"fletxa-productes\">$<\/div><\/a><\/div><div class=\"et_pb_column et_pb_column_1_4 dms3categories_top coffres-forts-professionnels\"><a href=\"https:\/\/arcasolle.dms3labs.cat\/fr\/categorie-produit\/coffres-forts-professionnels\/\"><div class=\"img-wrapper image-container\" style=\"max-height: 300px;\"><img decoding=\"async\" style=\"max-height: 300px; width: auto;\" src=\"https:\/\/arcasolle.dms3labs.cat\/wp-content\/uploads\/2024\/03\/AR5E_01B-1-664x1024.png\" test alt=\"Coffres-forts professionnels\"><img style='display: none; max-height: 300px; width: auto;' src='https:\/\/arcasolle.dms3labs.cat\/wp-content\/uploads\/2024\/03\/AR5E_02B-2.png'\/><\/div><h2>Coffres-forts professionnels<\/h2><div class=\"descripcio\"><\/div><div class=\"fletxa-productes\">$<\/div><\/a><\/div><div class=\"et_pb_column et_pb_column_1_4 dms3categories_top armoires-de-securite\"><a href=\"https:\/\/arcasolle.dms3labs.cat\/fr\/categorie-produit\/armoires-de-securite\/\"><div class=\"img-wrapper image-container\" style=\"max-height: 300px;\"><img decoding=\"async\" style=\"max-height: 300px; width: auto;\" src=\"https:\/\/arcasolle.dms3labs.cat\/wp-content\/uploads\/2024\/03\/AB1LM_01A-595x1024.png\" test alt=\"Armoires de s\u00e9curit\u00e9\"><\/div><h2>Armoires de s\u00e9curit\u00e9<\/h2><div class=\"descripcio\"><\/div><div class=\"fletxa-productes\">$<\/div><\/a><\/div><div class=\"et_pb_column et_pb_column_1_4 dms3categories_top compartiments-de-securite\"><a href=\"https:\/\/arcasolle.dms3labs.cat\/fr\/categorie-produit\/compartiments-de-securite\/\"><div class=\"img-wrapper image-container\" style=\"max-height: 300px;\"><img decoding=\"async\" style=\"max-height: 300px; width: auto;\" src=\"https:\/\/arcasolle.dms3labs.cat\/wp-content\/uploads\/2024\/03\/C-312-2-496x1024.png\" test alt=\"Compartiments de s\u00e9curit\u00e9\"><img style='display: none; max-height: 300px; width: auto;' src='https:\/\/arcasolle.dms3labs.cat\/wp-content\/uploads\/2024\/03\/DETALL-2.png'\/><\/div><h2>Compartiments de s\u00e9curit\u00e9<\/h2><div class=\"descripcio\"><\/div><div class=\"fletxa-productes\">$<\/div><\/a><\/div><div class=\"et_pb_column et_pb_column_1_4 dms3categories_top coffres-forts-de-depot\"><a href=\"https:\/\/arcasolle.dms3labs.cat\/fr\/categorie-produit\/coffres-forts-de-depot\/\"><div class=\"img-wrapper image-container\" style=\"max-height: 300px;\"><img decoding=\"async\" style=\"max-height: 300px; width: auto;\" src=\"https:\/\/arcasolle.dms3labs.cat\/wp-content\/uploads\/2024\/03\/SUB820E_01B-820x1024.png\" test alt=\"Coffres-forts de d\u00e9p\u00f4t\"><img style='display: none; max-height: 300px; width: auto;' src='https:\/\/arcasolle.dms3labs.cat\/wp-content\/uploads\/2024\/03\/SUB820E_02B.png'\/><\/div><h2>Coffres-forts de d\u00e9p\u00f4t<\/h2><div class=\"descripcio\"><\/div><div class=\"fletxa-productes\">$<\/div><\/a><\/div><div class=\"et_pb_column et_pb_column_1_4 dms3categories_top coffres-forts-camoufles\"><a href=\"https:\/\/arcasolle.dms3labs.cat\/fr\/categorie-produit\/coffres-forts-camoufles\/\"><div class=\"img-wrapper image-container\" style=\"max-height: 300px;\"><img decoding=\"async\" style=\"max-height: 300px; width: auto;\" src=\"https:\/\/arcasolle.dms3labs.cat\/wp-content\/uploads\/2023\/05\/cfc2m_copia_0-1.png\" test alt=\"Coffres-forts camoufl\u00e9s\"><img style='display: none; max-height: 300px; width: auto;' src='https:\/\/arcasolle.dms3labs.cat\/wp-content\/uploads\/2024\/03\/CFC2M-FRONT.png'\/><\/div><h2>Coffres-forts camoufl\u00e9s<\/h2><div class=\"descripcio\"><\/div><div class=\"fletxa-productes\">$<\/div><\/a><\/div><div class=\"et_pb_column et_pb_column_1_4 dms3categories_top coffre-fort-pour-enregistreurs-numeriques\"><a href=\"https:\/\/arcasolle.dms3labs.cat\/fr\/categorie-produit\/coffre-fort-pour-enregistreurs-numeriques\/\"><div class=\"img-wrapper image-container\" style=\"max-height: 300px;\"><img decoding=\"async\" style=\"max-height: 300px; width: auto;\" src=\"https:\/\/arcasolle.dms3labs.cat\/wp-content\/uploads\/2023\/05\/vr100e_v.2.0_0.png\" test alt=\"Coffre-fort pour enregistreurs n\u00fameriques\"><\/div><h2>Coffre-fort pour enregistreurs n\u00fameriques<\/h2><div class=\"descripcio\"><\/div><div class=\"fletxa-productes\">$<\/div><\/a><\/div><div class=\"et_pb_column et_pb_column_1_4 dms3categories_top protection-contre-le-feu\"><a href=\"https:\/\/arcasolle.dms3labs.cat\/fr\/categorie-produit\/protection-contre-le-feu\/\"><div class=\"img-wrapper image-container\" style=\"max-height: 300px;\"><img decoding=\"async\" style=\"max-height: 300px; width: auto;\" src=\"https:\/\/arcasolle.dms3labs.cat\/wp-content\/uploads\/2024\/03\/Office-Data-Star-365_024630-60000_closed-copia-1-457x1024.png\" test alt=\"Protection contre le feu\"><img style='display: none; max-height: 300px; width: auto;' src='https:\/\/arcasolle.dms3labs.cat\/wp-content\/uploads\/2024\/03\/Office-Data-Star-365_024630-60000_open-45.png'\/><\/div><h2>Protection contre le feu<\/h2><div class=\"descripcio\"><\/div><div class=\"fletxa-productes\">$<\/div><\/a><\/div><div class=\"et_pb_column et_pb_column_1_4 dms3categories_top controle-des-cles\"><a href=\"https:\/\/arcasolle.dms3labs.cat\/fr\/categorie-produit\/controle-des-cles\/\"><div class=\"img-wrapper image-container\" style=\"max-height: 300px;\"><img decoding=\"async\" style=\"max-height: 300px; width: auto;\" src=\"https:\/\/arcasolle.dms3labs.cat\/wp-content\/uploads\/2023\/05\/kc-713at-7_0-1.png\" test alt=\"Contr\u00f4le des cl\u00e9s\"><\/div><h2>Contr\u00f4le des cl\u00e9s<\/h2><div class=\"descripcio\"><\/div><div class=\"fletxa-productes\">$<\/div><\/a><\/div>\n<p>[\/et_pb_text][\/et_pb_column][\/et_pb_row][\/et_pb_section]<\/p>\n","protected":false},"excerpt":{"rendered":"<p>D\u00e9couvrez notre gamme de produits de s\u00e9curit\u00e9, vaste et compl\u00e8te, con\u00e7ue pour vous offrir la protection et la tranquillit\u00e9 dont vous avez besoin, que ce soit chez vous ou dans votre entreprise. Nous proposons des solutions de stockage s\u00e9curis\u00e9 et de contr\u00f4le d\u2019acc\u00e8s dans diff\u00e9rents formats&nbsp;: coffres-forts, armoires de s\u00e9curit\u00e9, compartiments et bo\u00eetiers avec enregistreur vid\u00e9o. <\/p>\n","protected":false},"author":2,"featured_media":0,"parent":0,"menu_order":0,"comment_status":"closed","ping_status":"closed","template":"","meta":{"_et_pb_use_builder":"on","_et_pb_old_content":"","_et_gb_content_width":"","footnotes":""},"dipi_cpt_category":[],"class_list":["post-23138","page","type-page","status-publish","hentry"],"_links":{"self":[{"href":"https:\/\/arcasolle.dms3labs.cat\/fr\/wp-json\/wp\/v2\/pages\/23138","targetHints":{"allow":["GET"]}}],"collection":[{"href":"https:\/\/arcasolle.dms3labs.cat\/fr\/wp-json\/wp\/v2\/pages"}],"about":[{"href":"https:\/\/arcasolle.dms3labs.cat\/fr\/wp-json\/wp\/v2\/types\/page"}],"author":[{"embeddable":true,"href":"https:\/\/arcasolle.dms3labs.cat\/fr\/wp-json\/wp\/v2\/users\/2"}],"replies":[{"embeddable":true,"href":"https:\/\/arcasolle.dms3labs.cat\/fr\/wp-json\/wp\/v2\/comments?post=23138"}],"version-history":[{"count":5,"href":"https:\/\/arcasolle.dms3labs.cat\/fr\/wp-json\/wp\/v2\/pages\/23138\/revisions"}],"predecessor-version":[{"id":30673,"href":"https:\/\/arcasolle.dms3labs.cat\/fr\/wp-json\/wp\/v2\/pages\/23138\/revisions\/30673"}],"wp:attachment":[{"href":"https:\/\/arcasolle.dms3labs.cat\/fr\/wp-json\/wp\/v2\/media?parent=23138"}],"wp:term":[{"taxonomy":"dipi_cpt_category","embeddable":true,"href":"https:\/\/arcasolle.dms3labs.cat\/fr\/wp-json\/wp\/v2\/dipi_cpt_category?post=23138"}],"curies":[{"name":"wp","href":"https:\/\/api.w.org\/{rel}","templated":true}]}}