{"id":30875,"date":"2026-01-16T13:29:27","date_gmt":"2026-01-16T11:29:27","guid":{"rendered":"https:\/\/arcasolle.dms3labs.cat\/inicio\/"},"modified":"2026-01-16T13:29:31","modified_gmt":"2026-01-16T11:29:31","slug":"inicio","status":"publish","type":"page","link":"https:\/\/arcasolle.dms3labs.cat\/ca\/","title":{"rendered":"Experts en seguretat des de 1845"},"content":{"rendered":"<p>[et_pb_section fb_built=&#8221;1&#8243; fullwidth=&#8221;on&#8221; _builder_version=&#8221;4.18.0&#8243; _module_preset=&#8221;default&#8221; global_colors_info=&#8221;{}&#8221;][et_pb_fullwidth_slider _builder_version=&#8221;4.27.5&#8243; _module_preset=&#8221;default&#8221; content_width_tablet=&#8221;600px&#8221; content_width_phone=&#8221;300px&#8221; content_width_last_edited=&#8221;on|desktop&#8221; custom_padding_tablet=&#8221;&#8221; custom_padding_phone=&#8221;|0px||0px|false|false&#8221; custom_padding_last_edited=&#8221;on|phone&#8221; hover_enabled=&#8221;0&#8243; global_colors_info=&#8221;{}&#8221; sticky_enabled=&#8221;0&#8243;][et_pb_slide heading=&#8221;Experts en seguretat des de 1845&#8243; button_text=&#8221;La nostra hist\u00f2ria&#8221; button_link=&#8221;@ET-DC@eyJkeW5hbWljIjp0cnVlLCJjb250ZW50IjoicG9zdF9saW5rX3VybF9wYWdlIiwic2V0dGluZ3MiOnsicG9zdF9pZCI6IjE3MyJ9fQ==@&#8221; _builder_version=&#8221;4.27.5&#8243; _dynamic_attributes=&#8221;button_link&#8221; _module_preset=&#8221;default&#8221; background_image=&#8221;https:\/\/arcasolle.dms3labs.cat\/wp-content\/uploads\/2023\/06\/illux-caixa-forta-arcas-olle-accessoris-acabats-luxe.png&#8221; background_enable_image=&#8221;on&#8221; background_position=&#8221;top_left&#8221; hover_enabled=&#8221;0&#8243; global_colors_info=&#8221;{}&#8221; sticky_transition=&#8221;on&#8221; header_level=&#8221;h1&#8243; sticky_enabled=&#8221;0&#8243;]<\/p>\n<p>Arcas Oll\u00e9 \u00e9s una empresa familiar fundada el 1845 especialitzada en seguretat i caixes fortes. Oferim solucions de seguretat d&#8217;alta qualitat i confian\u00e7a als nostres clients. El nostre equip est\u00e0 format per professionals altament qualificats i experimentats en el camp de la seguretat.  <\/p>\n<p>[\/et_pb_slide][\/et_pb_fullwidth_slider][\/et_pb_section][et_pb_section fb_built=&#8221;1&#8243; _builder_version=&#8221;4.19.3&#8243; _module_preset=&#8221;default&#8221; custom_padding=&#8221;||||false|false&#8221; global_colors_info=&#8221;{}&#8221;][et_pb_row _builder_version=&#8221;4.19.3&#8243; _module_preset=&#8221;default&#8221; custom_margin=&#8221;|auto||auto|false|false&#8221; custom_padding=&#8221;||||false|false&#8221; global_colors_info=&#8221;{}&#8221;][et_pb_column type=&#8221;4_4&#8243; _builder_version=&#8221;4.18.0&#8243; _module_preset=&#8221;default&#8221; global_colors_info=&#8221;{}&#8221;][et_pb_cta title=&#8221;Descobriu els nostres productes&#8221; button_text=&#8221;Click Here&#8221; _builder_version=&#8221;4.21.0&#8243; _module_preset=&#8221;default&#8221; text_orientation=&#8221;center&#8221; global_colors_info=&#8221;{}&#8221;]<\/p>\n<p>Arcas Oll\u00e9 posa a la vostra disposici\u00f3 una \u00e0mplia gamma de productes de seguretat l\u00edders al mercat. Les nostres solucions innovadores i fiables s&#8217;ajusten tant a les vostres necessitats com a les del vostre negoci. Descobriu els nostres productes de refer\u00e8ncia en el sector de la seguretat.  <\/p>\n<p>[\/et_pb_cta][dipi_carousel container_padding=&#8221;30px|30px|0px|30px|false|false&#8221; show_lightbox=&#8221;off&#8221; navigation_size=&#8221;60&#8243; navigation_padding=&#8221;30&#8243; navigation_color=&#8221;#2E2B27&#8243; navigation_bg_color=&#8221;RGBA(255,255,255,0)&#8221; pagination_position=&#8221;-10&#8243; columns_tablet=&#8221;&#8221; columns_phone=&#8221;1&#8243; columns_last_edited=&#8221;on|phone&#8221; navigation_position_left_tablet=&#8221;&#8221; navigation_position_left_phone=&#8221;-30px&#8221; navigation_position_left_last_edited=&#8221;on|phone&#8221; navigation_position_right_tablet=&#8221;&#8221; navigation_position_right_phone=&#8221;-30px&#8221; navigation_position_right_last_edited=&#8221;on|phone&#8221; _builder_version=&#8221;4.27.4&#8243; _module_preset=&#8221;default&#8221; title_font=&#8221;|||on|||||&#8221; title_font_size=&#8221;14px&#8221; custom_margin=&#8221;||||false|false&#8221; custom_padding=&#8221;||||false|false&#8221; global_colors_info=&#8221;{}&#8221;][dipi_carousel_child label=&#8221;Cajas fuertes&#8221; img_src=&#8221;https:\/\/arcasolle.dms3labs.cat\/wp-content\/uploads\/2023\/06\/Caixes-fortes-Arcas-Olle.png&#8221; title_text=&#8221;Caixes fortes &#8221; _builder_version=&#8221;4.21.0&#8243; _module_preset=&#8221;default&#8221; link_option_url=&#8221;https:\/\/arcasolle.dms3labs.cat\/ca\/ilux-design\/caixes-fortes\/&#8221; global_colors_info=&#8221;{}&#8221;][\/dipi_carousel_child][dipi_carousel_child label=&#8221;Cajas fuertes profesionales&#8221; img_src=&#8221;https:\/\/arcasolle.dms3labs.cat\/wp-content\/uploads\/2023\/06\/Caixes-fortes-professionals-Arcas-Olle.png&#8221; title_text=&#8221;Caixes fortes professionals &#8221; _builder_version=&#8221;4.21.0&#8243; _module_preset=&#8221;default&#8221; link_option_url=&#8221;https:\/\/arcasolle.dms3labs.cat\/categoria-producto\/cajas-fuertes-profesionales\/&#8221; global_colors_info=&#8221;{}&#8221;][\/dipi_carousel_child][dipi_carousel_child label=&#8221;Armarios de seguridad&#8221; img_src=&#8221;https:\/\/arcasolle.dms3labs.cat\/wp-content\/uploads\/2023\/06\/Armaris-de-seguretat-Arcas-Olle.png&#8221; title_text=&#8221;Armaris de seguretat&#8221; _builder_version=&#8221;4.21.0&#8243; _module_preset=&#8221;default&#8221; link_option_url=&#8221;https:\/\/arcasolle.dms3labs.cat\/categoria-producto\/armarios-de-seguridad\/&#8221; global_colors_info=&#8221;{}&#8221;][\/dipi_carousel_child][dipi_carousel_child label=&#8221;Compartiments de seguretat&#8221; img_src=&#8221;https:\/\/arcasolle.dms3labs.cat\/wp-content\/uploads\/2023\/06\/Compartiments-de-seguretat-Arcas-Olle.png&#8221; title_text=&#8221;Compartiments de seguretat&#8221; _builder_version=&#8221;4.21.0&#8243; _module_preset=&#8221;default&#8221; link_option_url=&#8221;https:\/\/arcasolle.dms3labs.cat\/categoria-producto\/compartimentos-de-seguridad\/&#8221; global_colors_info=&#8221;{}&#8221;][\/dipi_carousel_child][dipi_carousel_child label=&#8221;Cajas de cobro&#8221; img_src=&#8221;https:\/\/arcasolle.dms3labs.cat\/wp-content\/uploads\/2023\/06\/Caixes-de-cobrament-Arcas-Olle.png&#8221; title_text=&#8221;Caixes de cobrament&#8221; _builder_version=&#8221;4.21.0&#8243; _module_preset=&#8221;default&#8221; link_option_url=&#8221;https:\/\/arcasolle.dms3labs.cat\/categoria-producto\/cajas-de-cobro\/&#8221; global_colors_info=&#8221;{}&#8221;][\/dipi_carousel_child][dipi_carousel_child label=&#8221;Cajas fuertes camufladas&#8221; img_src=&#8221;https:\/\/arcasolle.dms3labs.cat\/wp-content\/uploads\/2023\/06\/Caixes-Fortes-Camuflades-Arcas-Olle.png&#8221; title_text=&#8221;Caixes Fortes Camuflades&#8221; _builder_version=&#8221;4.21.0&#8243; _module_preset=&#8221;default&#8221; link_option_url=&#8221;https:\/\/arcasolle.dms3labs.cat\/categoria-producto\/cajas-fuertes-camufladas\/&#8221; global_colors_info=&#8221;{}&#8221;][\/dipi_carousel_child][dipi_carousel_child label=&#8221;Caja para videograbador&#8221; img_src=&#8221;https:\/\/arcasolle.dms3labs.cat\/wp-content\/uploads\/2023\/06\/Caixa-per-videograbador-Arcas-Olle.png&#8221; title_text=&#8221;Caixa per a videogravador &#8221; _builder_version=&#8221;4.21.0&#8243; _module_preset=&#8221;default&#8221; link_option_url=&#8221;https:\/\/arcasolle.dms3labs.cat\/categoria-producto\/caja-para-videograbador\/&#8221; global_colors_info=&#8221;{}&#8221;][\/dipi_carousel_child][dipi_carousel_child label=&#8221;Protecci\u00f3n contra el fuego&#8221; img_src=&#8221;https:\/\/arcasolle.dms3labs.cat\/wp-content\/uploads\/2023\/06\/Proteccio-contra-el-foc-Arcas-Olle.png&#8221; title_text=&#8221;Protecci\u00f3 contra el foc &#8221; _builder_version=&#8221;4.21.0&#8243; _module_preset=&#8221;default&#8221; link_option_url=&#8221;https:\/\/arcasolle.dms3labs.cat\/categoria-producto\/proteccion-contra-el-fuego\/&#8221; global_colors_info=&#8221;{}&#8221;][\/dipi_carousel_child][dipi_carousel_child label=&#8221;Control de llaves&#8221; img_src=&#8221;https:\/\/arcasolle.dms3labs.cat\/wp-content\/uploads\/2023\/06\/Cotnrol-de-claus-Arcas-Olle.png&#8221; title_text=&#8221;Control de claus&#8221; _builder_version=&#8221;4.21.0&#8243; _module_preset=&#8221;default&#8221; link_option_url=&#8221;https:\/\/arcasolle.dms3labs.cat\/categoria-producto\/control-de-llaves\/&#8221; global_colors_info=&#8221;{}&#8221;][\/dipi_carousel_child][\/dipi_carousel][et_pb_button button_url=&#8221;@ET-DC@eyJkeW5hbWljIjp0cnVlLCJjb250ZW50IjoicG9zdF9saW5rX3VybF9wYWdlIiwic2V0dGluZ3MiOnsicG9zdF9pZCI6IjExOSJ9fQ==@&#8221; button_text=&#8221;Tots els productes&#8221; button_alignment=&#8221;center&#8221; _builder_version=&#8221;4.21.0&#8243; _dynamic_attributes=&#8221;button_url&#8221; _module_preset=&#8221;default&#8221; global_colors_info=&#8221;{}&#8221;][\/et_pb_button][\/et_pb_column][\/et_pb_row][\/et_pb_section][et_pb_section fb_built=&#8221;1&#8243; _builder_version=&#8221;4.19.3&#8243; _module_preset=&#8221;default&#8221; background_color=&#8221;#000000&#8243; background_image=&#8221;https:\/\/arcasolle.dms3labs.cat\/wp-content\/uploads\/2022\/10\/foto_detalle_4_0.jpg&#8221; background_position=&#8221;top_right&#8221; min_height=&#8221;514px&#8221; custom_padding=&#8221;||||false|false&#8221; global_colors_info=&#8221;{}&#8221;][et_pb_row column_structure=&#8221;1_2,1_2&#8243; _builder_version=&#8221;4.19.3&#8243; _module_preset=&#8221;default&#8221; positioning=&#8221;absolute&#8221; position_origin_a=&#8221;center_center&#8221; custom_margin=&#8221;||||false|false&#8221; custom_margin_tablet=&#8221;||||false|false&#8221; custom_margin_phone=&#8221;||||false|false&#8221; custom_margin_last_edited=&#8221;on|desktop&#8221; custom_padding=&#8221;||||false|false&#8221; global_colors_info=&#8221;{}&#8221;][et_pb_column type=&#8221;1_2&#8243; _builder_version=&#8221;4.18.0&#8243; _module_preset=&#8221;default&#8221; global_colors_info=&#8221;{}&#8221;][\/et_pb_column][et_pb_column type=&#8221;1_2&#8243; _builder_version=&#8221;4.18.0&#8243; _module_preset=&#8221;default&#8221; global_colors_info=&#8221;{}&#8221;][et_pb_cta title=&#8221;Ilux Design alta seguretat amb acabats de luxe&#8221; button_url=&#8221;@ET-DC@eyJkeW5hbWljIjp0cnVlLCJjb250ZW50IjoicG9zdF9saW5rX3VybF9wYWdlIiwic2V0dGluZ3MiOnsicG9zdF9pZCI6IjEyMCJ9fQ==@&#8221; button_text=&#8221;Descobriu-les&#8221; _builder_version=&#8221;4.21.0&#8243; _dynamic_attributes=&#8221;button_url&#8221; _module_preset=&#8221;default&#8221; background_layout=&#8221;dark&#8221; global_colors_info=&#8221;{}&#8221;]<\/p>\n<p>Ilux \u00e9s la combinaci\u00f3 perfecta de qualitat, funcionalitat i seguretat. Totalment personalitzable de l&#8217;interior a l&#8217;exterior, per satisfer les necessitats m\u00e9s exigents dels nostres clients. <\/p>\n<p>[\/et_pb_cta][\/et_pb_column][\/et_pb_row][\/et_pb_section][et_pb_section fb_built=&#8221;1&#8243; _builder_version=&#8221;4.19.3&#8243; _module_preset=&#8221;default&#8221; custom_padding=&#8221;||||false|false&#8221; global_colors_info=&#8221;{}&#8221;][et_pb_row column_structure=&#8221;1_2,1_2&#8243; make_equal=&#8221;on&#8221; _builder_version=&#8221;4.18.0&#8243; _module_preset=&#8221;default&#8221; custom_css_main_element=&#8221;align-items:center;&#8221; global_colors_info=&#8221;{}&#8221;][et_pb_column type=&#8221;1_2&#8243; _builder_version=&#8221;4.18.0&#8243; _module_preset=&#8221;default&#8221; global_colors_info=&#8221;{}&#8221;][et_pb_cta title=&#8221;Seguretat de qualitat&#8221; _builder_version=&#8221;4.21.0&#8243; _module_preset=&#8221;default&#8221; global_colors_info=&#8221;{}&#8221;]<\/p>\n<p><strong>ARCAS OLL\u00c9, S. L.<\/strong> com a empresa pionera en el sector de la seguretat f\u00edsica, t\u00e9 el ferm comprom\u00eds de satisfer les necessitats i expectatives dels seus Clients i altres parts interessades. Per aix\u00f2, la Direcci\u00f3 sap que \u00e9s imprescindible un personal competent, format i involucrat en l&#8217;\u00e8xit d&#8217;objectius i comprom\u00e8s amb l&#8217;empresa i, per tant, amb els seus clients. <\/p>\n<p>[\/et_pb_cta][et_pb_gallery gallery_ids=&#8221;105,107,109,103&#8243; _builder_version=&#8221;4.21.0&#8243; _module_preset=&#8221;70c2db95-dc6d-4fc0-8ea0-433fa48ab926&#8243; global_colors_info=&#8221;{}&#8221;][\/et_pb_gallery][\/et_pb_column][et_pb_column type=&#8221;1_2&#8243; _builder_version=&#8221;4.18.0&#8243; _module_preset=&#8221;default&#8221; global_colors_info=&#8221;{}&#8221;][et_pb_image src=&#8221;https:\/\/arcasolle.dms3labs.cat\/wp-content\/uploads\/2022\/10\/Grupo-20.png&#8221; title_text=&#8221;Emmascarar grup 2&#8243; _builder_version=&#8221;4.18.0&#8243; _module_preset=&#8221;default&#8221; module_alignment=&#8221;left&#8221; custom_margin=&#8221;10px||||false|false&#8221; global_colors_info=&#8221;{}&#8221;][\/et_pb_image][\/et_pb_column][\/et_pb_row][\/et_pb_section][et_pb_section fb_built=&#8221;1&#8243; custom_padding_last_edited=&#8221;on|tablet&#8221; _builder_version=&#8221;4.21.0&#8243; _module_preset=&#8221;default&#8221; background_color=&#8221;#E3E3E1&#8243; background_image=&#8221;https:\/\/arcasolle.dms3labs.cat\/wp-content\/uploads\/2022\/10\/Imagen-45.png&#8221; background_size=&#8221;custom&#8221; background_image_width=&#8221;49%&#8221; background_position=&#8221;center_left&#8221; min_height=&#8221;50vh&#8221; custom_padding_tablet=&#8221;||0px||false|false&#8221; custom_padding_phone=&#8221;||0px||false|false&#8221; background_last_edited=&#8221;on|tablet&#8221; background_enable_image_tablet=&#8221;off&#8221; background_enable_image_phone=&#8221;off&#8221; global_colors_info=&#8221;{}&#8221;][et_pb_row column_structure=&#8221;1_2,1_2&#8243; _builder_version=&#8221;4.21.0&#8243; _module_preset=&#8221;default&#8221; positioning=&#8221;absolute&#8221; position_origin_a=&#8221;center_center&#8221; position_origin_a_tablet=&#8221;center_center&#8221; position_origin_a_phone=&#8221;center_center&#8221; position_origin_a_last_edited=&#8221;on|phone&#8221; position_origin_f_tablet=&#8221;&#8221; position_origin_f_phone=&#8221;&#8221; position_origin_f_last_edited=&#8221;on|phone&#8221; position_origin_r_tablet=&#8221;&#8221; position_origin_r_phone=&#8221;&#8221; position_origin_r_last_edited=&#8221;on|phone&#8221; positioning_tablet=&#8221;relative&#8221; positioning_phone=&#8221;relative&#8221; positioning_last_edited=&#8221;on|tablet&#8221; global_colors_info=&#8221;{}&#8221;][et_pb_column type=&#8221;1_2&#8243; _builder_version=&#8221;4.19.3&#8243; _module_preset=&#8221;default&#8221; global_colors_info=&#8221;{}&#8221;][\/et_pb_column][et_pb_column type=&#8221;1_2&#8243; _builder_version=&#8221;4.19.3&#8243; _module_preset=&#8221;default&#8221; global_colors_info=&#8221;{}&#8221;][et_pb_image src=&#8221;https:\/\/arcasolle.dms3labs.cat\/wp-content\/uploads\/2026\/01\/arcas-olle-dark-completa-es.svg&#8221; alt=&#8221;180 anys de Arcas Oll\u00e9, des de 1845&#8243; title_text=&#8221;180 anys de Arcas Oll\u00e9, des de 1845&#8243; _builder_version=&#8221;4.27.5&#8243; _module_preset=&#8221;default&#8221; max_width=&#8221;250px&#8221; global_colors_info=&#8221;{}&#8221;][\/et_pb_image][et_pb_cta button_url=&#8221;@ET-DC@eyJkeW5hbWljIjp0cnVlLCJjb250ZW50IjoicG9zdF9saW5rX3VybF9wYWdlIiwic2V0dGluZ3MiOnsicG9zdF9pZCI6IjE3MyJ9fQ==@&#8221; button_text=&#8221;Conegueu-nos&#8221; _builder_version=&#8221;4.27.5&#8243; _dynamic_attributes=&#8221;button_url&#8221; _module_preset=&#8221;default&#8221; global_colors_info=&#8221;{}&#8221;]<\/p>\n<h2 class=\"screen-reader-text\">Des de 1845 \u2013 180 anys d&#8217;experi\u00e8ncia<\/h2>\n<p>L&#8217;any 1845 es van fabricar els primers panys amb clau, i des d&#8217;aleshores Arcas Oll\u00e9 ha continuat innovant amb el repte de desenvolupar productes cada cop m\u00e9s segurs, fiables i est\u00e8tics. Durant 180 anys, la nostra traject\u00f2ria com a empresa familiar ens avala com a referent en seguretat i caixes fortes.  <\/p>\n<p>[\/et_pb_cta][\/et_pb_column][\/et_pb_row][et_pb_row column_structure=&#8221;1_2,1_2&#8243; disabled_on=&#8221;off|off|on&#8221; _builder_version=&#8221;4.21.0&#8243; _module_preset=&#8221;default&#8221; positioning=&#8221;absolute&#8221; position_origin_a=&#8221;center_center&#8221; position_origin_a_tablet=&#8221;center_center&#8221; position_origin_a_phone=&#8221;center_center&#8221; position_origin_a_last_edited=&#8221;on|phone&#8221; position_origin_f_tablet=&#8221;&#8221; position_origin_f_phone=&#8221;&#8221; position_origin_f_last_edited=&#8221;on|phone&#8221; position_origin_r_tablet=&#8221;&#8221; position_origin_r_phone=&#8221;&#8221; position_origin_r_last_edited=&#8221;on|phone&#8221; width=&#8221;100%&#8221; max_width=&#8221;100%&#8221; custom_padding=&#8221;0px|0px|0px|0px|false|false&#8221; positioning_tablet=&#8221;relative&#8221; positioning_phone=&#8221;relative&#8221; positioning_last_edited=&#8221;on|tablet&#8221; global_colors_info=&#8221;{}&#8221;][et_pb_column type=&#8221;1_2&#8243; _builder_version=&#8221;4.19.3&#8243; _module_preset=&#8221;default&#8221; global_colors_info=&#8221;{}&#8221;][\/et_pb_column][et_pb_column type=&#8221;1_2&#8243; _builder_version=&#8221;4.19.3&#8243; _module_preset=&#8221;default&#8221; global_colors_info=&#8221;{}&#8221;][et_pb_image src=&#8221;https:\/\/arcasolle.dms3labs.cat\/wp-content\/uploads\/2023\/05\/foto_antiga-e1685438071309.png&#8221; title_text=&#8221;foto_antigua&#8221; align=&#8221;center&#8221; force_fullwidth=&#8221;on&#8221; _builder_version=&#8221;4.21.0&#8243; _module_preset=&#8221;default&#8221; global_colors_info=&#8221;{}&#8221;][\/et_pb_image][\/et_pb_column][\/et_pb_row][\/et_pb_section]<\/p>\n","protected":false},"excerpt":{"rendered":"<p>Arcas Oll\u00e9 \u00e9s una empresa familiar fundada el 1845 especialitzada en seguretat i caixes fortes. Oferim solucions de seguretat d&#8217;alta qualitat i confian\u00e7a als nostres clients. El nostre equip est\u00e0 format per professionals altament qualificats i experimentats en el camp de la seguretat. Arcas Oll\u00e9 posa a la vostra disposici\u00f3 una \u00e0mplia gamma de productes [&hellip;]<\/p>\n","protected":false},"author":2,"featured_media":0,"parent":0,"menu_order":0,"comment_status":"closed","ping_status":"closed","template":"","meta":{"_et_pb_use_builder":"on","_et_pb_old_content":"","_et_gb_content_width":"","footnotes":""},"dipi_cpt_category":[],"class_list":["post-30875","page","type-page","status-publish","hentry"],"_links":{"self":[{"href":"https:\/\/arcasolle.dms3labs.cat\/ca\/wp-json\/wp\/v2\/pages\/30875","targetHints":{"allow":["GET"]}}],"collection":[{"href":"https:\/\/arcasolle.dms3labs.cat\/ca\/wp-json\/wp\/v2\/pages"}],"about":[{"href":"https:\/\/arcasolle.dms3labs.cat\/ca\/wp-json\/wp\/v2\/types\/page"}],"author":[{"embeddable":true,"href":"https:\/\/arcasolle.dms3labs.cat\/ca\/wp-json\/wp\/v2\/users\/2"}],"replies":[{"embeddable":true,"href":"https:\/\/arcasolle.dms3labs.cat\/ca\/wp-json\/wp\/v2\/comments?post=30875"}],"version-history":[{"count":3,"href":"https:\/\/arcasolle.dms3labs.cat\/ca\/wp-json\/wp\/v2\/pages\/30875\/revisions"}],"predecessor-version":[{"id":30884,"href":"https:\/\/arcasolle.dms3labs.cat\/ca\/wp-json\/wp\/v2\/pages\/30875\/revisions\/30884"}],"wp:attachment":[{"href":"https:\/\/arcasolle.dms3labs.cat\/ca\/wp-json\/wp\/v2\/media?parent=30875"}],"wp:term":[{"taxonomy":"dipi_cpt_category","embeddable":true,"href":"https:\/\/arcasolle.dms3labs.cat\/ca\/wp-json\/wp\/v2\/dipi_cpt_category?post=30875"}],"curies":[{"name":"wp","href":"https:\/\/api.w.org\/{rel}","templated":true}]}}