{"id":30787,"date":"2026-01-16T13:28:45","date_gmt":"2026-01-16T11:28:45","guid":{"rendered":"https:\/\/arcasolle.dms3labs.cat\/politica-privacidad\/"},"modified":"2026-01-16T13:28:51","modified_gmt":"2026-01-16T11:28:51","slug":"politica-privacidad","status":"publish","type":"page","link":"https:\/\/arcasolle.dms3labs.cat\/ca\/politica-privacidad\/","title":{"rendered":"Pol\u00edtica de privacitat"},"content":{"rendered":"<p>[et_pb_section fb_built=&#8221;1&#8243; _builder_version=&#8221;4.16&#8243; global_colors_info=&#8221;{}&#8221;][et_pb_row _builder_version=&#8221;4.16&#8243; background_size=&#8221;initial&#8221; background_position=&#8221;top_left&#8221; background_repeat=&#8221;repeat&#8221; global_colors_info=&#8221;{}&#8221;][et_pb_column type=&#8221;4_4&#8243; _builder_version=&#8221;4.16&#8243; custom_padding=&#8221;|||&#8221; global_colors_info=&#8221;{}&#8221; custom_padding__hover=&#8221;|||&#8221;][et_pb_text _builder_version=&#8221;4.21.0&#8243; background_size=&#8221;initial&#8221; background_position=&#8221;top_left&#8221; background_repeat=&#8221;repeat&#8221; hover_enabled=&#8221;0&#8243; global_colors_info=&#8221;{}&#8221; sticky_enabled=&#8221;0&#8243;]<\/p>\n<h1>Pol\u00edtica de privacitat<\/h1>\n<h2>1. Dades relatives al responsable<\/h2>\n<p><strong>Responsable del tractament<\/strong><br \/><strong>Empresa:<\/strong> ARCAS OLL\u00c9, S.L. &#8211; B64402886<br \/><strong>Adre\u00e7a:<\/strong> ALESSANDRO VOLTA, 49, LA POBLA DE CLARAMUNT (08787)<br \/><strong>Contacte:<\/strong> <a href=\"mailto:admin@arcasolle.com\">admin@arcasolle.com<\/a> &#8211; <a href=\"tel:938050500\">938050500<\/a><\/p>\n<h2>2. Finalitats<\/h2>\n<p>En compliment del que es disposa en el Reglament Europeu 2016\/679 General de Protecci\u00f3 de Dades, l&#8217;informem que, depenent de la relaci\u00f3 que tingui amb nosaltres, a ARCAS OLL\u00c9, S.L. tractem les dades que ens facilita per a alguna, o totes, les finalitats seg\u00fcents:<\/p>\n<ul>\n<li>Arxiu\/historial de treballadors i ex-treballadors de l&#8217;empresa o Compra\/venda de b\u00e9ns i serveis.<\/li>\n<li>Compra\/venda de material.<\/li>\n<li>Creaci\u00f3 de contractes, confecci\u00f3 de n\u00f2mines i altres tasques relacionades.<\/li>\n<li>Enviament d&#8217;informaci\u00f3 comercial de l&#8217;entitat mitjan\u00e7ant correu postal, correu electr\u00f2nic o altres o Formaci\u00f3.<\/li>\n<li>Gesti\u00f3 comptable, administrativa, de facturaci\u00f3, de cobraments i pagaments.<\/li>\n<li>Manteniment de la relaci\u00f3 laboral i contraprestaci\u00f3 pels treballs realitzats o Prestar-los un servei.<\/li>\n<li>Realitzar un proc\u00e9s de selecci\u00f3 de personal en funci\u00f3 de les capacitats, aptituds i altres dades d&#8217;inter\u00e8s incloses en el curr\u00edculum.<\/li>\n<li>Recepci\u00f3 de la prestaci\u00f3 d&#8217;un servei o Servei postvenda i fidelitzaci\u00f3.<\/li>\n<li>Tramitaci\u00f3 d&#8217;altes i baixes per malaltia comuna o accident laboral o Tramitaci\u00f3 de pressupostos.<\/li>\n<\/ul>\n<h2>3. Termini de conservaci\u00f3 de les dades<\/h2>\n<p>Les seves dades seran conservades mentre duri la relaci\u00f3 contractual, comercial o d&#8217;un altre tipus amb la nostra entitat, sol\u00b7liciti la seva supressi\u00f3, aix\u00ed com el temps necessari per complir les obligacions legals.<\/p>\n<h2>4. Legitimaci\u00f3<\/h2>\n<p>La base legal per al tractament de les seves dades rau per:<\/p>\n<ul>\n<li>Consentiment inequ\u00edvoc o Execuci\u00f3 d&#8217;un contracte<\/li>\n<\/ul>\n<h2>5. Destinataris<\/h2>\n<p>Les seves dades personals seran comunicades a tercers en els sup\u00f2sits seg\u00fcents:<\/p>\n<ul>\n<li>A altres responsables del tractament o Administraci\u00f3 tribut\u00e0ria<\/li>\n<li>Bancs i entitats financeres<\/li>\n<li>Encarregats de destrucci\u00f3 de documentaci\u00f3 o Entitats de publicitat i m\u00e0rqueting<\/li>\n<li>Gestoria\/Assessoria o Seguretat Social<\/li>\n<li>Servei de Prevenci\u00f3 de Riscos Laborals<\/li>\n<\/ul>\n<h2>6. Drets<\/h2>\n<p>T\u00e9 dret a obtenir confirmaci\u00f3 sobre si a ARCAS OLL\u00c9, S.L. estem tractant dades personals que el concerneixin, o no.<\/p>\n<p>Aix\u00ed mateix, t\u00e9 dret d&#8217;acc\u00e9s a les seves dades personals, aix\u00ed com a sol\u00b7licitar la rectificaci\u00f3 de les dades inexactes o, si escau, sol\u00b7licitar-ne la supressi\u00f3 quan, entre altres motius, les dades ja no siguin necess\u00e0ries per a les finalitats per a les quals van ser recollides.<\/p>\n<p>En determinades circumst\u00e0ncies, podr\u00e0 sol\u00b7licitar la limitaci\u00f3 del tractament de les seves dades, en aquest cas \u00fanicament les conservarem per a l&#8217;exercici o la defensa de reclamacions.<\/p>\n<p>Addicionalment, en determinades circumst\u00e0ncies i per motius relacionats amb la seva situaci\u00f3 particular, podr\u00e0 exercir el dret d&#8217;oposici\u00f3 al tractament de les seves dades. ARCAS OLL\u00c9, S.L. deixar\u00e0 de tractar les dades, tret de per motius leg\u00edtims imperiosos, o l&#8217;exercici o la defensa de possibles reclamacions. <\/p>\n<p>Aix\u00ed mateix, pot exercir el dret a la portabilitat de les dades, aix\u00ed com retirar els consentiments facilitats en qualsevol moment, sense que aix\u00f2 afecti la licitud del tractament basat en el consentiment previ a la seva retirada.<\/p>\n<p>Si desitja fer \u00fas de qualsevol dels seus drets pot realitzar-los a trav\u00e9s dels enlla\u00e7os habilitats que trobar\u00e0 a continuaci\u00f3:<\/p>\n<ul>\n<li>Per exercir el seu dret d&#8217;Acc\u00e9s faci clic <a href=\"https:\/\/intranet.laboralrgpd.com\/webApp\/clientes_derechos\/derechos-formulario.php?id_cliente=UTJUeXdPVkttakVmQ2duckZkMjB1QT09\" target=\"_blank\" rel=\"noopener\">aqu\u00ed<\/a><\/li>\n<li>Per exercir el seu dret de Rectificaci\u00f3 faci clic <a href=\"https:\/\/intranet.laboralrgpd.com\/webApp\/clientes_derechos\/derechos-formulario.php?id_cliente=UTJUeXdPVkttakVmQ2duckZkMjB1QT09\" target=\"_blank\" rel=\"noopener\">aqu\u00ed<\/a><\/li>\n<li>Per exercir el seu dret de Supressi\u00f3 (Oblid) faci clic <a href=\"https:\/\/intranet.laboralrgpd.com\/webApp\/clientes_derechos\/derechos-formulario.php?id_cliente=UTJUeXdPVkttakVmQ2duckZkMjB1QT09\" target=\"_blank\" rel=\"noopener\">aqu\u00ed<\/a><\/li>\n<li>Per exercir el seu dret de Limitaci\u00f3 del Tractament faci clic <a href=\"https:\/\/intranet.laboralrgpd.com\/webApp\/clientes_derechos\/derechos-formulario.php?id_cliente=UTJUeXdPVkttakVmQ2duckZkMjB1QT09\" target=\"_blank\" rel=\"noopener\">aqu\u00ed<\/a> o Per exercir el seu dret d&#8217;Oposici\u00f3 faci clic <a href=\"https:\/\/intranet.laboralrgpd.com\/webApp\/clientes_derechos\/derechos-formulario.php?id_cliente=UTJUeXdPVkttakVmQ2duckZkMjB1QT09\" target=\"_blank\" rel=\"noopener\">aqu\u00ed<\/a><\/li>\n<li>Per exercir el seu dret de Portabilitat faci clic <a href=\"https:\/\/intranet.laboralrgpd.com\/webApp\/clientes_derechos\/derechos-formulario.php?id_cliente=UTJUeXdPVkttakVmQ2duckZkMjB1QT09\" target=\"_blank\" rel=\"noopener\">aqu\u00ed<\/a><\/li>\n<\/ul>\n<p>Alternativament, tamb\u00e9 pot dirigir-se a nosaltres mitjan\u00e7ant correu postal a la seg\u00fcent adre\u00e7a: ALESSANDRO VOLTA, 49, &#8211; (08787) LA POBLA DE CLARAMUNT adjuntant una fotoc\u00f2pia del DNI, per a la certesa de la seva identitat. Recordeu facilitar la major informaci\u00f3 possible sobre la seva sol\u00b7licitud: Nom i cognoms, adre\u00e7a de correu electr\u00f2nic que utilitza per al compte o portal objecte de la seva sol\u00b7licitud. <\/p>\n<p>Finalment, l&#8217;informem que pot dirigir-se davant l&#8217;Ag\u00e8ncia Espanyola de Protecci\u00f3 de Dades i altres organismes p\u00fablics competents per a qualsevol reclamaci\u00f3 derivada del tractament de les seves dades personals.<\/p>\n<h2>7. Pol\u00edtica de cookies<\/h2>\n<p>Per con\u00e8ixer les cookies que utilitzem a la nostra p\u00e0gina, recordi que pot accedir a la nostra Pol\u00edtica de Cookies a trav\u00e9s del seg\u00fcent enlla\u00e7 pol\u00edtica de cookies.<\/p>\n<p>[\/et_pb_text][\/et_pb_column][\/et_pb_row][\/et_pb_section]<\/p>\n","protected":false},"excerpt":{"rendered":"<p>Pol\u00edtica de privacitat 1. Dades relatives al responsable Responsable del tractamentEmpresa: ARCAS OLL\u00c9, S.L. &#8211; B64402886Adre\u00e7a: ALESSANDRO VOLTA, 49, LA POBLA DE CLARAMUNT (08787)Contacte: admin@arcasolle.com &#8211; 938050500 2. Finalitats En compliment del que es disposa en el Reglament Europeu 2016\/679 General de Protecci\u00f3 de Dades, l&#8217;informem que, depenent de la relaci\u00f3 que tingui amb nosaltres, [&hellip;]<\/p>\n","protected":false},"author":1,"featured_media":0,"parent":0,"menu_order":0,"comment_status":"closed","ping_status":"closed","template":"","meta":{"_et_pb_use_builder":"on","_et_pb_old_content":"","_et_gb_content_width":"","footnotes":""},"dipi_cpt_category":[],"class_list":["post-30787","page","type-page","status-publish","hentry"],"_links":{"self":[{"href":"https:\/\/arcasolle.dms3labs.cat\/ca\/wp-json\/wp\/v2\/pages\/30787","targetHints":{"allow":["GET"]}}],"collection":[{"href":"https:\/\/arcasolle.dms3labs.cat\/ca\/wp-json\/wp\/v2\/pages"}],"about":[{"href":"https:\/\/arcasolle.dms3labs.cat\/ca\/wp-json\/wp\/v2\/types\/page"}],"author":[{"embeddable":true,"href":"https:\/\/arcasolle.dms3labs.cat\/ca\/wp-json\/wp\/v2\/users\/1"}],"replies":[{"embeddable":true,"href":"https:\/\/arcasolle.dms3labs.cat\/ca\/wp-json\/wp\/v2\/comments?post=30787"}],"version-history":[{"count":8,"href":"https:\/\/arcasolle.dms3labs.cat\/ca\/wp-json\/wp\/v2\/pages\/30787\/revisions"}],"predecessor-version":[{"id":30830,"href":"https:\/\/arcasolle.dms3labs.cat\/ca\/wp-json\/wp\/v2\/pages\/30787\/revisions\/30830"}],"wp:attachment":[{"href":"https:\/\/arcasolle.dms3labs.cat\/ca\/wp-json\/wp\/v2\/media?parent=30787"}],"wp:term":[{"taxonomy":"dipi_cpt_category","embeddable":true,"href":"https:\/\/arcasolle.dms3labs.cat\/ca\/wp-json\/wp\/v2\/dipi_cpt_category?post=30787"}],"curies":[{"name":"wp","href":"https:\/\/api.w.org\/{rel}","templated":true}]}}