{"id":25114,"date":"2024-01-22T16:55:19","date_gmt":"2024-01-22T14:55:19","guid":{"rendered":"https:\/\/arcasolle.dms3labs.cat\/?page_id=25114"},"modified":"2026-01-16T13:28:51","modified_gmt":"2026-01-16T11:28:51","slug":"politica-cookies-2","status":"publish","type":"page","link":"https:\/\/arcasolle.dms3labs.cat\/ca\/politica-cookies-2\/","title":{"rendered":"Pol\u00edtica de galetes"},"content":{"rendered":"<p>[et_pb_section fb_built=&#8221;1&#8243; _builder_version=&#8221;4.16&#8243; global_colors_info=&#8221;{}&#8221;][et_pb_row _builder_version=&#8221;4.16&#8243; background_size=&#8221;initial&#8221; background_position=&#8221;top_left&#8221; background_repeat=&#8221;repeat&#8221; global_colors_info=&#8221;{}&#8221;][et_pb_column type=&#8221;4_4&#8243; _builder_version=&#8221;4.16&#8243; custom_padding=&#8221;|||&#8221; global_colors_info=&#8221;{}&#8221; custom_padding__hover=&#8221;|||&#8221;][et_pb_text _builder_version=&#8221;4.27.4&#8243; background_size=&#8221;initial&#8221; background_position=&#8221;top_left&#8221; background_repeat=&#8221;repeat&#8221; hover_enabled=&#8221;0&#8243; global_colors_info=&#8221;{}&#8221; sticky_enabled=&#8221;0&#8243;]<\/p>\n<h1>Pol\u00edtica de galetes<\/h1>\n<p>Aquesta Pol\u00edtica de galetes explica qu\u00e8 s\u00f3n les galetes i com les utilitzem. Heu de llegir aquesta pol\u00edtica per entendre qu\u00e8 s\u00f3n les galetes, com les utilitzem, els tipus de galetes que utilitzem, \u00e9s a dir, la informaci\u00f3 que recopilem utilitzant galetes i com s&#8217;utilitza aquesta informaci\u00f3 i com controlar les prefer\u00e8ncies de galetes. Per a m\u00e9s informaci\u00f3 sobre com utilitzem, emmagatzemem i mantenim segurs les vostres dades personals, consulteu la nostra <a href=\"https:\/\/arcasolle.dms3labs.cat\/ca\/politica-privacidad\/\">Pol\u00edtica de privacitat.<\/a>  <\/p>\n<p>En qualsevol moment podeu canviar o retirar el vostre consentiment de la Declaraci\u00f3 de galetes al nostre lloc web. Obteniu m\u00e9s informaci\u00f3 sobre qui som, com podeu posar-vos en contacte amb nosaltres i com processem les dades personals a la nostra <a href=\"https:\/\/arcasolle.dms3labs.cat\/ca\/politica-privacidad\/\">Pol\u00edtica de privacitat.<\/a> El vostre consentiment s&#8217;aplica als dominis seg\u00fcents: www.arcasolle.com <br \/>[user_consent_state]<\/p>\n<h3><\/h3>\n<h3>Qu\u00e8 s\u00f3n les galetes?<\/h3>\n<div>Les galetes s\u00f3n petits fitxers de text que s&#8217;utilitzen per emmagatzemar petites peces d&#8217;informaci\u00f3. Les galetes s&#8217;emmagatzemen al vostre dispositiu en carregar el lloc web al vostre navegador. Aquestes galetes ens ajuden a qu\u00e8 el lloc web funcioni correctament, a qu\u00e8 el lloc web sigui m\u00e9s segur, a proporcionar una millor experi\u00e8ncia d&#8217;usuari i a entendre com funciona el lloc web i analitzar qu\u00e8 funciona i en quins aspectes necessita millores.  <\/div>\n<h3><\/h3>\n<h3>Com utilitzem les galetes?<\/h3>\n<div>Com la majoria dels serveis en l\u00ednia, el nostre lloc web utilitza galetes pr\u00f2pies i de tercers per a diversos fins. Les galetes d&#8217;origen s\u00f3n majorit\u00e0riament necess\u00e0ries perqu\u00e8 el lloc web funcioni correctament, i no recullen cap dada personal que pugui identificar-vos. Les galetes de tercers utilitzades als nostres llocs web s&#8217;utilitzen principalment per comprendre com funciona el lloc web, com interactueu amb el nostre lloc web, mantenir els nostres serveis segurs, proporcionar anuncis que siguin rellevants per a v\u00f3s i, en definitiva, proporcionar-vos una experi\u00e8ncia d&#8217;usuari millorada i ajudar-vos a accelerar les vostres futures interaccions amb el nostre lloc web.  <\/div>\n<h3><\/h3>\n<h3>Quins tipus de galetes utilitzem?<\/h3>\n<div>La llista seg\u00fcent detalla les galetes utilitzades al nostre lloc web.<\/div>\n<div>\n<p>[wcc_category_list]<\/p>\n<p>&nbsp;<\/p>\n<div><\/div>\n<\/div>\n<h3><\/h3>\n<h3>Com puc controlar les prefer\u00e8ncies de galetes?<\/h3>\n<div>\n<p>Podeu gestionar les vostres prefer\u00e8ncies de galetes fent clic al bot\u00f3 &#8220;Configuraci\u00f3&#8221; i activant o desactivant les categories de galetes a la finestra emergent segons les vostres prefer\u00e8ncies. Si decidiu canviar les vostres prefer\u00e8ncies m\u00e9s endavant durant la vostra sessi\u00f3 de navegaci\u00f3, podeu fer clic a la pestanya &#8220;Gestionar el consentiment&#8221; de la vostra pantalla. Aix\u00f2 us mostrar\u00e0 de nou l&#8217;av\u00eds de consentiment, permetent-vos canviar les vostres prefer\u00e8ncies o retirar el vostre consentiment per complet.  <\/p>\n<p>A m\u00e9s, els diferents navegadors ofereixen diferents m\u00e8todes per bloquejar i eliminar les galetes utilitzades pels llocs web. Podeu canviar la configuraci\u00f3 del vostre navegador per bloquejar\/eliminar les galetes. Per saber m\u00e9s sobre com gestionar i eliminar les galetes, visiteu: wikipedia.org, www.allaboutcookies.org.  <\/p>\n<\/div>\n<p>[\/et_pb_text][\/et_pb_column][\/et_pb_row][\/et_pb_section]<\/p>\n","protected":false},"excerpt":{"rendered":"<p>Pol\u00edtica de galetes Aquesta Pol\u00edtica de galetes explica qu\u00e8 s\u00f3n les galetes i com les utilitzem. Heu de llegir aquesta pol\u00edtica per entendre qu\u00e8 s\u00f3n les galetes, com les utilitzem, els tipus de galetes que utilitzem, \u00e9s a dir, la informaci\u00f3 que recopilem utilitzant galetes i com s&#8217;utilitza aquesta informaci\u00f3 i com controlar les prefer\u00e8ncies [&hellip;]<\/p>\n","protected":false},"author":2,"featured_media":0,"parent":0,"menu_order":0,"comment_status":"closed","ping_status":"closed","template":"","meta":{"_et_pb_use_builder":"on","_et_pb_old_content":"<div class=\"cli_pg_page_contaner\">\n<h3>About this cookie policy.<\/h3>\n<div>This Cookie Policy explains what cookies are and how we use them. You should read this policy to understand what cookies are, how we use them, the types of cookies we use i.e, the information we collect using cookies and how that information is used and how to control the cookie preferences. For further information on how we use, store and keep your personal data secure, see our Privacy Policy.\n\nYou can at any time change or withdraw your consent from the Cookie Declaration on our website.\nLearn more about who we are, how you can contact us and how we process personal data in our Privacy Policy.\nYour consent applies to the following domains: www.arcasolle.com\n[user_consent_state]\n\n<\/div>\n<h3>What are cookies ?<\/h3>\n<div>Cookies are small text files that are used to store small pieces of information. The cookies are stored on your device when the website is loaded on your browser. These cookies help us make the website function properly, make the website more secure, provide better user experience, and understand how the website performs and to analyze what works and where it needs improvement.<\/div>\n<h3>How do we use cookies ?<\/h3>\n<div>As most of the online services, our website uses cookies first-party and third-party cookies for a number of purposes. The first-party cookies are mostly necessary for the website to function the right way, and they do not collect any of your personally identifiable data.\n\nThe third-party cookies used on our websites are used mainly for understanding how the website performs, how you interact with our website, keeping our services secure, providing advertisements that are relevant to you, and all in all providing you with a better and improved user experience and help speed up your future interactions with our website.\n\n<\/div>\n<h3>What types of cookies do we use ?<\/h3>\n<div>The cookies used on our website are grouped into the following categories.\n[cookie_category]\nThe below list details the cookies used in our website.\n[cookie_audit_category columns=\"cookie,description\"]<\/div>\n<h3>How can I control the cookie preferences ?<\/h3>\n<div>You can manage your cookies preferences by clicking on the \"Settings\" button and enabling or disabling the cookie categories on the popup according to your preferences.\n\nShould you decide to change your preferences later through your browsing session, you can click on the \"Manage consent\" tab on your screen. This will display the consent notice again enabling you to change your preferences or withdraw your consent entirely.\n\nIn addition to this, different browsers provide different methods to block and delete cookies used by websites. You can change the settings of your browser to block\/delete the cookies. To find out more out more on how to manage and delete cookies, visit wikipedia.org, www.allaboutcookies.org.\n\n<\/div>\n[webtoffee_powered_by]\n\n<\/div>","_et_gb_content_width":"","footnotes":""},"dipi_cpt_category":[],"class_list":["post-25114","page","type-page","status-publish","hentry"],"_links":{"self":[{"href":"https:\/\/arcasolle.dms3labs.cat\/ca\/wp-json\/wp\/v2\/pages\/25114","targetHints":{"allow":["GET"]}}],"collection":[{"href":"https:\/\/arcasolle.dms3labs.cat\/ca\/wp-json\/wp\/v2\/pages"}],"about":[{"href":"https:\/\/arcasolle.dms3labs.cat\/ca\/wp-json\/wp\/v2\/types\/page"}],"author":[{"embeddable":true,"href":"https:\/\/arcasolle.dms3labs.cat\/ca\/wp-json\/wp\/v2\/users\/2"}],"replies":[{"embeddable":true,"href":"https:\/\/arcasolle.dms3labs.cat\/ca\/wp-json\/wp\/v2\/comments?post=25114"}],"version-history":[{"count":15,"href":"https:\/\/arcasolle.dms3labs.cat\/ca\/wp-json\/wp\/v2\/pages\/25114\/revisions"}],"predecessor-version":[{"id":30831,"href":"https:\/\/arcasolle.dms3labs.cat\/ca\/wp-json\/wp\/v2\/pages\/25114\/revisions\/30831"}],"wp:attachment":[{"href":"https:\/\/arcasolle.dms3labs.cat\/ca\/wp-json\/wp\/v2\/media?parent=25114"}],"wp:term":[{"taxonomy":"dipi_cpt_category","embeddable":true,"href":"https:\/\/arcasolle.dms3labs.cat\/ca\/wp-json\/wp\/v2\/dipi_cpt_category?post=25114"}],"curies":[{"name":"wp","href":"https:\/\/api.w.org\/{rel}","templated":true}]}}