{"id":120,"date":"2022-10-17T13:00:04","date_gmt":"2022-10-17T11:00:04","guid":{"rendered":"https:\/\/www.arcas-olle.com\/?page_id=120"},"modified":"2026-01-16T13:28:52","modified_gmt":"2026-01-16T11:28:52","slug":"ilux-design","status":"publish","type":"page","link":"https:\/\/arcasolle.dms3labs.cat\/ca\/ilux-design\/","title":{"rendered":"Ilux Design"},"content":{"rendered":"<p>[et_pb_section fb_built=&#8221;1&#8243; _builder_version=&#8221;4.21.0&#8243; _module_preset=&#8221;default&#8221; background_image=&#8221;https:\/\/arcasolle.dms3labs.cat\/wp-content\/uploads\/2024\/01\/Fons-Ilux_01.png&#8221; background_position=&#8221;top_right&#8221; min_height=&#8221;514px&#8221; custom_padding=&#8221;||||false|false&#8221; background_last_edited=&#8221;off|desktop&#8221; global_colors_info=&#8221;{}&#8221;][et_pb_row column_structure=&#8221;1_2,1_2&#8243; custom_padding_last_edited=&#8221;on|phone&#8221; _builder_version=&#8221;4.21.0&#8243; _module_preset=&#8221;default&#8221; positioning=&#8221;absolute&#8221; position_origin_a=&#8221;center_center&#8221; custom_margin=&#8221;||||false|false&#8221; custom_margin_tablet=&#8221;||||false|false&#8221; custom_margin_phone=&#8221;||||false|false&#8221; custom_margin_last_edited=&#8221;on|tablet&#8221; custom_padding=&#8221;||||false|false&#8221; custom_padding_tablet=&#8221;0px||||false|false&#8221; custom_padding_phone=&#8221;0px||||false|false&#8221; global_colors_info=&#8221;{}&#8221;][et_pb_column type=&#8221;1_2&#8243; _builder_version=&#8221;4.18.0&#8243; _module_preset=&#8221;default&#8221; global_colors_info=&#8221;{}&#8221;][\/et_pb_column][et_pb_column type=&#8221;1_2&#8243; _builder_version=&#8221;4.18.0&#8243; _module_preset=&#8221;default&#8221; global_colors_info=&#8221;{}&#8221;][et_pb_cta title=&#8221;Ilux Design alta seguretat amb acabats de luxe&#8221; button_url=&#8221;https:\/\/arcasolle.dms3labs.cat\/ca\/ilux-design\/caixes-fortes\/&#8221; button_text=&#8221;Caixes fortes&#8221; _builder_version=&#8221;4.21.0&#8243; _module_preset=&#8221;default&#8221; header_level=&#8221;h1&#8243; background_layout=&#8221;dark&#8221; global_colors_info=&#8221;{}&#8221;]<\/p>\n<p>Ilux \u00e9s la combinaci\u00f3 perfecta de qualitat, funcionalitat i seguretat. Totalment personalitzable de l&#8217;interior a l&#8217;exterior, per satisfer les necessitats m\u00e9s exigents dels nostres clients. <\/p>\n<p>[\/et_pb_cta][\/et_pb_column][\/et_pb_row][\/et_pb_section][et_pb_section fb_built=&#8221;1&#8243; _builder_version=&#8221;4.19.3&#8243; _module_preset=&#8221;default&#8221; global_colors_info=&#8221;{}&#8221;][et_pb_row column_structure=&#8221;1_2,1_2&#8243; make_equal=&#8221;on&#8221; _builder_version=&#8221;4.19.3&#8243; _module_preset=&#8221;default&#8221; custom_padding=&#8221;0px||0px||false|false&#8221; custom_css_main_element=&#8221;align-items:center;&#8221; global_colors_info=&#8221;{}&#8221;][et_pb_column type=&#8221;1_2&#8243; _builder_version=&#8221;4.19.3&#8243; _module_preset=&#8221;default&#8221; global_colors_info=&#8221;{}&#8221;][et_pb_cta title=&#8221;Sabem que cada detall ens fa \u00fanics, per aix\u00f2 les nostres caixes s\u00f3n \u00faniques en cada detall&#8221; button_url=&#8221;https:\/\/arcasolle.dms3labs.cat\/ca\/ilux-design\/caixes-fortes\/#acabats&#8221; button_text=&#8221;Descobriu els acabats&#8221; _builder_version=&#8221;4.21.0&#8243; _module_preset=&#8221;default&#8221; global_colors_info=&#8221;{}&#8221;]<\/p>\n<p><span>Les nostres caixes fortes Oll\u00e9 es creen a partir de les millors mat\u00e8ries primeres i es munten amb total professionalitat. Cada component \u00e9s dissenyat, desenvolupat i fabricat, complint els est\u00e0ndards m\u00e9s estrictes. <\/span><\/p>\n<p>[\/et_pb_cta][\/et_pb_column][et_pb_column type=&#8221;1_2&#8243; _builder_version=&#8221;4.19.3&#8243; _module_preset=&#8221;default&#8221; global_colors_info=&#8221;{}&#8221;][dipi_carousel columns=&#8221;1&#8243; navigation_size=&#8221;30&#8243; navigation_padding=&#8221;30&#8243; navigation_position_left=&#8221;-30px&#8221; navigation_position_right=&#8221;-30px&#8221; _builder_version=&#8221;4.21.0&#8243; _module_preset=&#8221;default&#8221; global_colors_info=&#8221;{}&#8221;][dipi_carousel_child label=&#8221;Tancat&#8221; img_src=&#8221;https:\/\/arcasolle.dms3labs.cat\/wp-content\/uploads\/2022\/12\/illux-caixa-forta-tancada-arcas-olle.png&#8221; _builder_version=&#8221;4.19.3&#8243; _module_preset=&#8221;default&#8221; global_colors_info=&#8221;{}&#8221;][\/dipi_carousel_child][dipi_carousel_child label=&#8221;Tancat&#8221; img_src=&#8221;https:\/\/arcasolle.dms3labs.cat\/wp-content\/uploads\/2023\/06\/Acabats-Arcas-Olle.png&#8221; _builder_version=&#8221;4.21.0&#8243; _module_preset=&#8221;default&#8221; global_colors_info=&#8221;{}&#8221;][\/dipi_carousel_child][\/dipi_carousel][\/et_pb_column][\/et_pb_row][\/et_pb_section][et_pb_section fb_built=&#8221;1&#8243; _builder_version=&#8221;4.21.0&#8243; _module_preset=&#8221;default&#8221; custom_padding=&#8221;0px||0px||false|false&#8221; global_colors_info=&#8221;{}&#8221;][et_pb_row column_structure=&#8221;1_2,1_2&#8243; use_custom_gutter=&#8221;on&#8221; gutter_width=&#8221;1&#8243; make_equal=&#8221;on&#8221; _builder_version=&#8221;4.21.0&#8243; _module_preset=&#8221;default&#8221; background_color=&#8221;#EEEAE7&#8243; positioning=&#8221;none&#8221; width=&#8221;100%&#8221; max_width=&#8221;100%&#8221; height=&#8221;50vh&#8221; height_tablet=&#8221;&#8221; height_phone=&#8221;&#8221; height_last_edited=&#8221;on|desktop&#8221; custom_padding=&#8221;0px|0px|0px||false|false&#8221; global_colors_info=&#8221;{}&#8221;][et_pb_column type=&#8221;1_2&#8243; _builder_version=&#8221;4.21.0&#8243; _module_preset=&#8221;default&#8221; background_image=&#8221;https:\/\/arcasolle.dms3labs.cat\/wp-content\/uploads\/2022\/12\/illux-caixa-forta-arcas-olle-maxima-seguretat.png&#8221; custom_padding=&#8221;||||false|false&#8221; background_last_edited=&#8221;on|tablet&#8221; background_enable_image_tablet=&#8221;off&#8221; background_enable_image_phone=&#8221;off&#8221; global_colors_info=&#8221;{}&#8221;][et_pb_image src=&#8221;https:\/\/arcasolle.dms3labs.cat\/wp-content\/uploads\/2023\/06\/illux-caixa-forta-arcas-olle-maxima-seguretat.png&#8221; title_text=&#8221;illux-caixa-forta-arcas-olle-maxima-seguretat&#8221; disabled_on=&#8221;off|off|on&#8221; _builder_version=&#8221;4.21.0&#8243; _module_preset=&#8221;default&#8221; background_enable_image=&#8221;off&#8221; global_colors_info=&#8221;{}&#8221;][\/et_pb_image][\/et_pb_column][et_pb_column type=&#8221;1_2&#8243; _builder_version=&#8221;4.18.0&#8243; _module_preset=&#8221;default&#8221; global_colors_info=&#8221;{}&#8221;][et_pb_cta title=&#8221;M\u00e0xima seguretat&#8221; button_url=&#8221;https:\/\/arcasolle.dms3labs.cat\/ca\/ilux-design\/caixes-fortes\/#seguretat&#8221; button_text=&#8221;Graus de seguretat&#8221; _builder_version=&#8221;4.21.0&#8243; _module_preset=&#8221;default&#8221; positioning=&#8221;absolute&#8221; position_origin_a=&#8221;center_left&#8221; position_origin_a_tablet=&#8221;center_left&#8221; position_origin_a_phone=&#8221;center_left&#8221; position_origin_a_last_edited=&#8221;on|tablet&#8221; position_origin_f_tablet=&#8221;&#8221; position_origin_f_phone=&#8221;&#8221; position_origin_f_last_edited=&#8221;on|tablet&#8221; position_origin_r_tablet=&#8221;&#8221; position_origin_r_phone=&#8221;&#8221; position_origin_r_last_edited=&#8221;on|tablet&#8221; width=&#8221;100%&#8221; max_width=&#8221;540px&#8221; custom_padding=&#8221;60px|0px|60px|60px|false|false&#8221; custom_padding_tablet=&#8221;45px|||30px|false|false&#8221; custom_padding_phone=&#8221;30px|45px|30px|45px|false|false&#8221; custom_padding_last_edited=&#8221;on|tablet&#8221; positioning_tablet=&#8221;none&#8221; positioning_phone=&#8221;none&#8221; positioning_last_edited=&#8221;on|phone&#8221; global_colors_info=&#8221;{}&#8221;]<\/p>\n<p><span>La seguretat de les nostres caixes fortes \u00e9s tan important, per a nosaltres, com la seva bellesa. Per aix\u00f2 els nostres productes compleixen els requisits m\u00e9s exigents contemplats en la norma UNE EN-1143-1 en graus III i IV.  <\/span><\/p>\n<p><span><img decoding=\"async\" src=\"https:\/\/arcasolle.dms3labs.cat\/wp-content\/uploads\/2022\/10\/Imagen-10.png\" width=\"100\" height=\"100\" alt=\"\" class=\"wp-image-105 alignnone size-full\"><\/span><\/p>\n<p>[\/et_pb_cta][\/et_pb_column][\/et_pb_row][\/et_pb_section][et_pb_section fb_built=&#8221;1&#8243; _builder_version=&#8221;4.19.3&#8243; _module_preset=&#8221;default&#8221; global_colors_info=&#8221;{}&#8221;][et_pb_row column_structure=&#8221;1_2,1_2&#8243; make_equal=&#8221;on&#8221; _builder_version=&#8221;4.19.3&#8243; _module_preset=&#8221;default&#8221; custom_padding=&#8221;||0px|||&#8221; custom_css_main_element=&#8221;align-items:center;&#8221; global_colors_info=&#8221;{}&#8221;][et_pb_column type=&#8221;1_2&#8243; _builder_version=&#8221;4.19.3&#8243; _module_preset=&#8221;default&#8221; global_colors_info=&#8221;{}&#8221;][et_pb_cta title=&#8221;Accessoris interiors&#8221; _builder_version=&#8221;4.19.3&#8243; _module_preset=&#8221;default&#8221; global_colors_info=&#8221;{}&#8221;]<\/p>\n<p><span>La S\u00e8rie Ilux Design disposa d&#8217;una gran varietat d&#8217;accessoris interiors, des de la c\u00e0rrega per USB fins a la c\u00e0rrega de rellotges autom\u00e0tics.<\/span><\/p>\n<p>[\/et_pb_cta][et_pb_gallery gallery_ids=&#8221;670,672,660,674&#8243; module_class=&#8221;galeria-accessoris-ilux&#8221; _builder_version=&#8221;4.21.0&#8243; _module_preset=&#8221;default&#8221; title_font=&#8221;||||||||&#8221; title_text_align=&#8221;center&#8221; title_text_color=&#8221;#8B7866&#8243; title_font_size=&#8221;16px&#8221; global_colors_info=&#8221;{}&#8221;][\/et_pb_gallery][\/et_pb_column][et_pb_column type=&#8221;1_2&#8243; _builder_version=&#8221;4.19.3&#8243; _module_preset=&#8221;default&#8221; global_colors_info=&#8221;{}&#8221;][et_pb_image src=&#8221;https:\/\/arcasolle.dms3labs.cat\/wp-content\/uploads\/2022\/12\/illux-caixa-forta-arcas-olle-accessoris.png&#8221; title_text=&#8221;illux-caixa-forta-arcas-olle-accessoris&#8221; _builder_version=&#8221;4.19.3&#8243; _module_preset=&#8221;default&#8221; global_colors_info=&#8221;{}&#8221;][\/et_pb_image][\/et_pb_column][\/et_pb_row][et_pb_row _builder_version=&#8221;4.21.0&#8243; _module_preset=&#8221;default&#8221; custom_padding=&#8221;0px||0px|||&#8221; global_colors_info=&#8221;{}&#8221;][et_pb_column type=&#8221;4_4&#8243; _builder_version=&#8221;4.21.0&#8243; _module_preset=&#8221;default&#8221; global_colors_info=&#8221;{}&#8221;][et_pb_button button_url=&#8221;https:\/\/arcasolle.dms3labs.cat\/ca\/ilux-design\/caixes-fortes\/#accessoris&#8221; button_text=&#8221;Veure accessoris interiors&#8221; _builder_version=&#8221;4.21.0&#8243; _module_preset=&#8221;default&#8221; global_colors_info=&#8221;{}&#8221;][\/et_pb_button][\/et_pb_column][\/et_pb_row][\/et_pb_section][et_pb_section fb_built=&#8221;1&#8243; _builder_version=&#8221;4.21.0&#8243; _module_preset=&#8221;default&#8221; custom_margin=&#8221;||||false|false&#8221; custom_padding=&#8221;0px||0px||false|false&#8221; global_colors_info=&#8221;{}&#8221;][et_pb_row column_structure=&#8221;1_2,1_2&#8243; use_custom_gutter=&#8221;on&#8221; gutter_width=&#8221;1&#8243; make_equal=&#8221;on&#8221; _builder_version=&#8221;4.21.0&#8243; _module_preset=&#8221;default&#8221; background_color=&#8221;#EEEAE7&#8243; width=&#8221;100%&#8221; max_width=&#8221;100%&#8221; height=&#8221;50vh&#8221; height_tablet=&#8221;&#8221; height_phone=&#8221;&#8221; height_last_edited=&#8221;on|desktop&#8221; custom_padding=&#8221;0px|0px|0px||false|false&#8221; global_colors_info=&#8221;{}&#8221;][et_pb_column type=&#8221;1_2&#8243; _builder_version=&#8221;4.21.0&#8243; _module_preset=&#8221;default&#8221; background_image=&#8221;https:\/\/arcasolle.dms3labs.cat\/wp-content\/uploads\/2022\/12\/illux-caixa-forta-arcas-olle-accessoris-acabats-luxe.png&#8221; custom_padding=&#8221;||||false|false&#8221; custom_padding_phone=&#8221;150px||||false|false&#8221; custom_padding_last_edited=&#8221;off|tablet&#8221; background_last_edited=&#8221;on|tablet&#8221; background_enable_image_tablet=&#8221;off&#8221; background_enable_image_phone=&#8221;off&#8221; global_colors_info=&#8221;{}&#8221;][et_pb_text _builder_version=&#8221;4.21.0&#8243; _module_preset=&#8221;default&#8221; global_colors_info=&#8221;{}&#8221;][\/et_pb_text][\/et_pb_column][et_pb_column type=&#8221;1_2&#8243; _builder_version=&#8221;4.18.0&#8243; _module_preset=&#8221;default&#8221; global_colors_info=&#8221;{}&#8221;][et_pb_cta title=&#8221;Acabats de luxe&#8221; button_url=&#8221;https:\/\/arcasolle.dms3labs.cat\/ca\/ilux-design\/caixes-fortes\/#acabats&#8221; button_text=&#8221;Veure acabats&#8221; _builder_version=&#8221;4.21.0&#8243; _module_preset=&#8221;default&#8221; positioning=&#8221;absolute&#8221; position_origin_a=&#8221;center_left&#8221; position_origin_a_tablet=&#8221;center_left&#8221; position_origin_a_phone=&#8221;center_left&#8221; position_origin_a_last_edited=&#8221;on|tablet&#8221; position_origin_f_tablet=&#8221;&#8221; position_origin_f_phone=&#8221;&#8221; position_origin_f_last_edited=&#8221;on|tablet&#8221; position_origin_r_tablet=&#8221;&#8221; position_origin_r_phone=&#8221;&#8221; position_origin_r_last_edited=&#8221;on|tablet&#8221; width=&#8221;100%&#8221; max_width=&#8221;540px&#8221; custom_padding=&#8221;60px|0px|60px|60px|false|false&#8221; custom_padding_tablet=&#8221;45px|||30px|false|false&#8221; custom_padding_phone=&#8221;30px|45px|30px|45px|false|false&#8221; custom_padding_last_edited=&#8221;on|tablet&#8221; positioning_tablet=&#8221;none&#8221; positioning_phone=&#8221;none&#8221; positioning_last_edited=&#8221;on|phone&#8221; global_colors_info=&#8221;{}&#8221;]<\/p>\n<p><span>Lacats en alt brillantor i insercions cromades en frontisses i pestells de gran qualitat.<\/span><\/p>\n<p>[\/et_pb_cta][et_pb_image src=&#8221;https:\/\/arcasolle.dms3labs.cat\/wp-content\/uploads\/2023\/06\/illux-caixa-forta-arcas-olle-accessoris-acabats-luxe.png&#8221; title_text=&#8221;illux-caixa-forta-arcas-olle-accessoris-acabats-luxe&#8221; disabled_on=&#8221;off|off|on&#8221; _builder_version=&#8221;4.21.0&#8243; _module_preset=&#8221;default&#8221; global_colors_info=&#8221;{}&#8221;][\/et_pb_image][\/et_pb_column][\/et_pb_row][\/et_pb_section][et_pb_section fb_built=&#8221;1&#8243; _builder_version=&#8221;4.21.0&#8243; _module_preset=&#8221;default&#8221; global_colors_info=&#8221;{}&#8221;][et_pb_row column_structure=&#8221;2_5,3_5&#8243; make_equal=&#8221;on&#8221; _builder_version=&#8221;4.19.3&#8243; _module_preset=&#8221;default&#8221; custom_css_main_element=&#8221;align-items:center&#8221; global_colors_info=&#8221;{}&#8221;][et_pb_column type=&#8221;2_5&#8243; _builder_version=&#8221;4.19.3&#8243; _module_preset=&#8221;default&#8221; global_colors_info=&#8221;{}&#8221;][et_pb_cta title=&#8221;Personalitzeu la vostra Ilux Design&#8221; button_url=&#8221;https:\/\/arcasolle.dms3labs.cat\/ca\/ilux-design\/caixes-fortes\/#configurador-ilux&#8221; button_text=&#8221;Configurar ara&#8221; _builder_version=&#8221;4.21.0&#8243; _module_preset=&#8221;default&#8221; global_colors_info=&#8221;{}&#8221;]<\/p>\n<p><span>Ens adaptem a les vostres necessitats, per aix\u00f2 Ilux Design \u00e9s totalment personalitzable en acabats i accessoris. Configureu la vostra caixa forta ideal. <\/span><\/p>\n<p>[\/et_pb_cta][\/et_pb_column][et_pb_column type=&#8221;3_5&#8243; _builder_version=&#8221;4.19.3&#8243; _module_preset=&#8221;default&#8221; global_colors_info=&#8221;{}&#8221;][et_pb_image src=&#8221;https:\/\/arcasolle.dms3labs.cat\/wp-content\/uploads\/2022\/12\/illux-caixa-forta-arcas-olle-accessoris-personalitzacio.png&#8221; title_text=&#8221;illux-caixa-forta-arcas-olle-accessoris-personalitzacio&#8221; _builder_version=&#8221;4.19.3&#8243; _module_preset=&#8221;default&#8221; width=&#8221;130%&#8221; global_colors_info=&#8221;{}&#8221;][\/et_pb_image][\/et_pb_column][\/et_pb_row][\/et_pb_section][et_pb_section fb_built=&#8221;1&#8243; _builder_version=&#8221;4.19.3&#8243; _module_preset=&#8221;default&#8221; background_color=&#8221;#8B7866&#8243; global_colors_info=&#8221;{}&#8221;][et_pb_row column_structure=&#8221;1_2,1_2&#8243; make_equal=&#8221;on&#8221; _builder_version=&#8221;4.19.3&#8243; _module_preset=&#8221;default&#8221; custom_css_main_element=&#8221;align-items:center;&#8221; global_colors_info=&#8221;{}&#8221;][et_pb_column type=&#8221;1_2&#8243; _builder_version=&#8221;4.19.3&#8243; _module_preset=&#8221;default&#8221; global_colors_info=&#8221;{}&#8221;][et_pb_image src=&#8221;https:\/\/arcasolle.dms3labs.cat\/wp-content\/uploads\/2022\/12\/logo-ilux-design-olle-blanc.svg&#8221; title_text=&#8221;logo-ilux-design-olle-blanc&#8221; _builder_version=&#8221;4.21.0&#8243; _module_preset=&#8221;default&#8221; max_width=&#8221;250px&#8221; max_width_tablet=&#8221;250px&#8221; max_width_phone=&#8221;150px&#8221; max_width_last_edited=&#8221;on|phone&#8221; height=&#8221;250px&#8221; height_tablet=&#8221;250px&#8221; height_phone=&#8221;100px&#8221; height_last_edited=&#8221;on|phone&#8221; global_colors_info=&#8221;{}&#8221;][\/et_pb_image][\/et_pb_column][et_pb_column type=&#8221;1_2&#8243; _builder_version=&#8221;4.19.3&#8243; _module_preset=&#8221;default&#8221; global_colors_info=&#8221;{}&#8221;][et_pb_cta title=&#8221;Des de 1845&#8243; button_url=&#8221;https:\/\/arcasolle.dms3labs.cat\/ca\/ilux-design\/coneix-nos\/&#8221; button_text=&#8221;Coneix-nos&#8221; _builder_version=&#8221;4.21.0&#8243; _module_preset=&#8221;default&#8221; background_layout=&#8221;dark&#8221; global_colors_info=&#8221;{}&#8221;]<\/p>\n<p>Va ser el 1845 quan es van fabricar les primeres panys de clau. Des d&#8217;aleshores, Arcas Oll\u00e9 segueix amb el repte de desenvolupar productes m\u00e9s segurs i bells. <\/p>\n<p>[\/et_pb_cta][\/et_pb_column][\/et_pb_row][\/et_pb_section]<\/p>\n","protected":false},"excerpt":{"rendered":"<p>Ilux \u00e9s la combinaci\u00f3 perfecta de qualitat, funcionalitat i seguretat. Totalment personalitzable de l&#8217;interior a l&#8217;exterior, per satisfer les necessitats m\u00e9s exigents dels nostres clients. Les nostres caixes fortes Oll\u00e9 es creen a partir de les millors mat\u00e8ries primeres i es munten amb total professionalitat. Cada component \u00e9s dissenyat, desenvolupat i fabricat, complint els est\u00e0ndards [&hellip;]<\/p>\n","protected":false},"author":2,"featured_media":0,"parent":0,"menu_order":0,"comment_status":"closed","ping_status":"closed","template":"","meta":{"_et_pb_use_builder":"on","_et_pb_old_content":"","_et_gb_content_width":"","footnotes":""},"dipi_cpt_category":[],"class_list":["post-120","page","type-page","status-publish","hentry"],"_links":{"self":[{"href":"https:\/\/arcasolle.dms3labs.cat\/ca\/wp-json\/wp\/v2\/pages\/120","targetHints":{"allow":["GET"]}}],"collection":[{"href":"https:\/\/arcasolle.dms3labs.cat\/ca\/wp-json\/wp\/v2\/pages"}],"about":[{"href":"https:\/\/arcasolle.dms3labs.cat\/ca\/wp-json\/wp\/v2\/types\/page"}],"author":[{"embeddable":true,"href":"https:\/\/arcasolle.dms3labs.cat\/ca\/wp-json\/wp\/v2\/users\/2"}],"replies":[{"embeddable":true,"href":"https:\/\/arcasolle.dms3labs.cat\/ca\/wp-json\/wp\/v2\/comments?post=120"}],"version-history":[{"count":46,"href":"https:\/\/arcasolle.dms3labs.cat\/ca\/wp-json\/wp\/v2\/pages\/120\/revisions"}],"predecessor-version":[{"id":30833,"href":"https:\/\/arcasolle.dms3labs.cat\/ca\/wp-json\/wp\/v2\/pages\/120\/revisions\/30833"}],"wp:attachment":[{"href":"https:\/\/arcasolle.dms3labs.cat\/ca\/wp-json\/wp\/v2\/media?parent=120"}],"wp:term":[{"taxonomy":"dipi_cpt_category","embeddable":true,"href":"https:\/\/arcasolle.dms3labs.cat\/ca\/wp-json\/wp\/v2\/dipi_cpt_category?post=120"}],"curies":[{"name":"wp","href":"https:\/\/api.w.org\/{rel}","templated":true}]}}